{"id":280872,"date":"2019-12-10T17:32:45","date_gmt":"2019-12-10T17:32:45","guid":{"rendered":"https:\/\/droix.net\/blogs\/kontaktujte-nas\/"},"modified":"2025-05-27T15:50:06","modified_gmt":"2025-05-27T14:50:06","slug":"kontaktujte-nas","status":"publish","type":"page","link":"https:\/\/droix.net\/blogs\/cs\/kontaktujte-nas\/","title":{"rendered":"Kontaktujte n\u00e1s"},"content":{"rendered":"\n<h1>Kontaktujte n\u00e1s<\/h1>\n\n<div style=\"height:20px\" aria-hidden=\"true\" class=\"wp-block-spacer\"><\/div>\n\n<p>Chceme v\u00e1m poskytnout skv\u011bl\u00fd z\u00e1\u017eitek, a proto chceme, abyste se n\u00e1m ozvali. Va\u0161e zp\u011btn\u00e1 vazba n\u00e1m pom\u00e1h\u00e1 p\u0159in\u00e1\u0161et v\u00e1m v\u00edce akc\u00ed, kter\u00e9 m\u00e1te r\u00e1di, a slu\u017eby, kter\u00e9 o\u010dek\u00e1v\u00e1te. <\/p>\n\n<hr class=\"wp-block-separator has-css-opacity is-style-default\"\/>\n\n<div class=\"wp-block-media-text alignwide is-stacked-on-mobile\" style=\"grid-template-columns:20% auto\"><figure class=\"wp-block-media-text__media\"><img decoding=\"async\" width=\"194\" height=\"60\" src=\"https:\/\/droix.net\/blogs\/wp-content\/uploads\/2024\/12\/droix-v2-blog-main-logo.png\" alt=\"\" class=\"wp-image-265396 size-full\"\/><\/figure><div class=\"wp-block-media-text__content\">\n<p class=\"has-large-font-size\"><a href=\"https:\/\/go.droix.co.uk\/droix-landing\">ZJISTIT V\u00cdCE<\/a><\/p>\n<\/div><\/div>\n","protected":false},"excerpt":{"rendered":"<p>Kontaktujte n\u00e1s Chceme v\u00e1m poskytnout skv\u011bl\u00fd z\u00e1\u017eitek, a proto chceme, abyste se n\u00e1m ozvali. Va\u0161e zp\u011btn\u00e1 vazba n\u00e1m pom\u00e1h\u00e1 p\u0159in\u00e1\u0161et v\u00e1m v\u00edce akc\u00ed, kter\u00e9 m\u00e1te r\u00e1di, a slu\u017eby, kter\u00e9 o\u010dek\u00e1v\u00e1te. ZJISTIT V\u00cdCE<\/p>\n","protected":false},"author":5,"featured_media":0,"parent":0,"menu_order":0,"comment_status":"closed","ping_status":"closed","template":"","meta":{"footnotes":""},"class_list":["post-280872","page","type-page","status-publish"],"aioseo_notices":[],"_links":{"self":[{"href":"https:\/\/droix.net\/blogs\/cs\/wp-json\/wp\/v2\/pages\/280872","targetHints":{"allow":["GET"]}}],"collection":[{"href":"https:\/\/droix.net\/blogs\/cs\/wp-json\/wp\/v2\/pages"}],"about":[{"href":"https:\/\/droix.net\/blogs\/cs\/wp-json\/wp\/v2\/types\/page"}],"author":[{"embeddable":true,"href":"https:\/\/droix.net\/blogs\/cs\/wp-json\/wp\/v2\/users\/5"}],"replies":[{"embeddable":true,"href":"https:\/\/droix.net\/blogs\/cs\/wp-json\/wp\/v2\/comments?post=280872"}],"version-history":[{"count":1,"href":"https:\/\/droix.net\/blogs\/cs\/wp-json\/wp\/v2\/pages\/280872\/revisions"}],"predecessor-version":[{"id":280874,"href":"https:\/\/droix.net\/blogs\/cs\/wp-json\/wp\/v2\/pages\/280872\/revisions\/280874"}],"wp:attachment":[{"href":"https:\/\/droix.net\/blogs\/cs\/wp-json\/wp\/v2\/media?parent=280872"}],"curies":[{"name":"wp","href":"https:\/\/api.w.org\/{rel}","templated":true}]}}