{"id":136223,"date":"2021-09-07T16:06:06","date_gmt":"2021-09-07T15:06:06","guid":{"rendered":"https:\/\/droix.net\/blogs\/cookies-og-privatlivspolitik\/"},"modified":"2025-05-27T15:45:37","modified_gmt":"2025-05-27T14:45:37","slug":"cookies-og-privatlivspolitik","status":"publish","type":"page","link":"https:\/\/droix.net\/blogs\/da\/cookies-og-privatlivspolitik\/","title":{"rendered":"Cookies og privatlivspolitik"},"content":{"rendered":"\n<h2 class=\"wp-block-heading\" id=\"h-cookie-policy\">COOKIE-POLITIK<\/h2>\n\n<p><\/p>\n\n<ol class=\"wp-block-list\">\n<li>Disse salgsbetingelser g\u00e6lder for alle varer leveret af Entertainment Gadgets LTD DBA DROIX, med registreret kontor p\u00e5 Unit 54C, North Woolwich Road, E16 2AA, London, Storbritannien, (leverand\u00f8ren).\n<ol class=\"wp-block-list\">\n<li>I den angivne kontrakt er henvisninger til: Vi (Entertainment Gadgets LTD DBA DROIX) er leverand\u00f8ren, og du (kunden)<\/li>\n<\/ol>\n<\/li>\n<\/ol>\n\n<ol class=\"wp-block-list\">\n<li>Leverand\u00f8rens hjemmeside bruger cookies til at skelne kunden, dvs. dig, fra andre brugere af hjemmesiden. Det hj\u00e6lper leverand\u00f8ren med at give dig en god oplevelse, n\u00e5r du surfer rundt p\u00e5 leverand\u00f8rens hjemmeside, og giver ogs\u00e5 leverand\u00f8ren mulighed for at forbedre vores hjemmeside. Ved at forts\u00e6tte med at gennemse webstedet accepterer du leverand\u00f8rens brug af cookies.<\/li>\n\n\n\n<li>En cookie er en lille fil med bogstaver og tal, som leverand\u00f8ren gemmer i din browser eller p\u00e5 harddisken p\u00e5 din computer eller mobiltelefon, hvis du accepterer det. Cookies indeholder oplysninger, der overf\u00f8res til din computers harddisk.<\/li>\n\n\n\n<li>Leverand\u00f8ren bruger f\u00f8lgende cookies:\n<ol class=\"wp-block-list\">\n<li>Strengt n\u00f8dvendige cookies. Det er cookies, der er n\u00f8dvendige for driften af leverand\u00f8rens hjemmeside. De omfatter f.eks. cookies, der g\u00f8r det muligt for dig at logge ind p\u00e5 sikre omr\u00e5der af leverand\u00f8rens websted og udf\u00f8re transaktioner.<\/li>\n\n\n\n<li>Analytiske\/ydelsesm\u00e6ssige cookies. De g\u00f8r det muligt for leverand\u00f8ren at genkende og t\u00e6lle antallet af bes\u00f8gende og at se, hvordan de bes\u00f8gende bev\u00e6ger sig rundt p\u00e5 leverand\u00f8rens hjemmeside, n\u00e5r de bruger den. Det hj\u00e6lper leverand\u00f8ren med at forbedre den m\u00e5de, hjemmesiden fungerer p\u00e5, for eksempel ved at sikre, at brugerne finder det, de leder efter, nemt og uden besv\u00e6r.<\/li>\n\n\n\n<li>Leverand\u00f8ren bruger Google Analytics-cookies. Google Analytics indsamler oplysninger anonymt. Den rapporterer tendenser p\u00e5 hjemmesiden uden at identificere individuelle bes\u00f8gende. Du kan frav\u00e6lge Google Analytics uden at p\u00e5virke, hvordan du bes\u00f8ger dette websted. For mere information om Google Analytics, klik her.<\/li>\n\n\n\n<li>M\u00e5lretning af cookies. Disse cookies registrerer dit bes\u00f8g p\u00e5 leverand\u00f8rens hjemmeside, de sider, du har bes\u00f8gt, og de links, du har fulgt. Leverand\u00f8ren bruger disse oplysninger til at g\u00f8re hjemmesiden og de reklamer, der vises p\u00e5 den, mere relevante for dine interesser. Leverand\u00f8ren kan ogs\u00e5 dele disse oplysninger med tredjeparter til dette form\u00e5l.<\/li>\n<\/ol>\n<\/li>\n\n\n\n<li>Bem\u00e6rk, at tredjeparter (herunder f.eks. reklamenetv\u00e6rk og udbydere af eksterne tjenester som webtrafikanalysetjenester) ogs\u00e5 kan bruge cookies, som leverand\u00f8ren ikke har kontrol over. Disse cookies vil sandsynligvis v\u00e6re analytiske\/performance-cookies eller m\u00e5lrettede cookies.<\/li>\n\n\n\n<li>Du kan blokere cookies ved at aktivere den indstilling i din browser, der giver dig mulighed for at afvise indstillingen af alle eller nogle cookies. Men hvis du bruger dine browserindstillinger til at blokere alle cookies (herunder vigtige cookies), kan du muligvis ikke f\u00e5 adgang til hele eller dele af leverand\u00f8rens websted.<\/li>\n<\/ol>\n\n<p><\/p>\n\n<p class=\"has-text-align-center\">Cookiepolitik sidst opdateret: 16 september, 2022 - 1:56PM.<\/p>\n\n<h2 class=\"wp-block-heading\">PRIVATPOLITIK<\/h2>\n\n<p><\/p>\n\n<ol class=\"wp-block-list\">\n<li>Disse salgsbetingelser g\u00e6lder for alle varer leveret af Entertainment Gadgets LTD DBA DROIX, med registreret kontor p\u00e5 Unit 54C, North Woolwich Road, E16 2AA, London, Storbritannien, (leverand\u00f8ren).\n<ol class=\"wp-block-list\">\n<li>I den angivne kontrakt er henvisninger til: Vi (Entertainment Gadgets LTD DBA DROIX) er leverand\u00f8ren, og du (kunden)<\/li>\n<\/ol>\n<\/li>\n<\/ol>\n\n<h2 class=\"wp-block-heading\" id=\"h-navigation\">Navigation<\/h2>\n\n<ul class=\"wp-block-list\">\n<li>DATAINDSAMLING<\/li>\n\n\n\n<li>DATABEHANDLING<\/li>\n\n\n\n<li>DATABESKYTTELSE<\/li>\n\n\n\n<li>PRIVATPOLITIK<\/li>\n<\/ul>\n\n<h2 class=\"wp-block-heading\" id=\"h-data-collection\">DATAINDSAMLING<\/h2>\n\n<ol class=\"wp-block-list\">\n<li>Leverand\u00f8ren indsamler personlige oplysninger fra dig, n\u00e5r du k\u00f8ber leverand\u00f8rens produkter.<\/li>\n\n\n\n<li>Leverand\u00f8ren indsamler personlige oplysninger fra dig og alle enheder (herunder mobile enheder), du bruger, n\u00e5r du: opretter en konto hos os, giver leverand\u00f8ren oplysninger p\u00e5 en webformular, opdaterer eller tilf\u00f8jer oplysninger til din konto, deltager i et supportforum, eller n\u00e5r du p\u00e5 anden m\u00e5de korresponderer med leverand\u00f8ren.\n<ol class=\"wp-block-list\">\n<li>Nogle af disse personlige oplysninger, s\u00e5som en m\u00e5de at identificere dig p\u00e5, er n\u00f8dvendige for at acceptere leverand\u00f8rens vilk\u00e5r og betingelser for service. Afgivelse af alle andre personlige oplysninger er frivillig, men kan v\u00e6re n\u00f8dvendig for at bruge vores tjenester, s\u00e5som deltagelse i gaver, lodtr\u00e6kninger eller de oplysninger, der er n\u00f8dvendige for at gennemf\u00f8re en transaktion.<\/li>\n<\/ol>\n<\/li>\n\n\n\n<li>Personlige oplysninger, som du giver til leverand\u00f8ren, n\u00e5r du foretager et k\u00f8b eller opretter en konto hos leverand\u00f8ren:\n<ol class=\"wp-block-list\">\n<li>Identifikationsoplysninger s\u00e5som dit navn, adresser, telefonnumre eller e-mailadresser, n\u00e5r du opretter en konto hos os.<\/li>\n\n\n\n<li>Ordreoplysninger, der er knyttet til din konto som f\u00f8lge af en transaktion, du er involveret i.<\/li>\n\n\n\n<li>Andet indhold, som du genererer, eller som er forbundet med din konto (s\u00e5som at tilf\u00f8je varer til din kurv).<\/li>\n\n\n\n<li>Finansielle oplysninger (s\u00e5som kreditkort- eller bankkontonumre) i forbindelse med en transaktion.<\/li>\n\n\n\n<li>Porto-, fakturerings- og andre oplysninger, der bruges til at k\u00f8be eller sende en vare og relevante portooplysninger (s\u00e5som sporingsnummer og sporingsopdateringer).<\/li>\n\n\n\n<li>Du kan ogs\u00e5 give leverand\u00f8ren andre oplysninger via en webformular, ved at opdatere eller tilf\u00f8je oplysninger til din konto, gennem din deltagelse i forumdiskussioner, supportanmodninger, eller n\u00e5r du p\u00e5 anden m\u00e5de kommunikerer med leverand\u00f8ren om leverand\u00f8rens varer og tjenester.<\/li>\n\n\n\n<li>Yderligere oplysninger, som leverand\u00f8ren er forpligtet eller autoriseret til at indsamle og behandle i henhold til g\u00e6ldende national lovgivning for at autentificere eller identificere dig eller for at verificere de oplysninger, som leverand\u00f8ren har indsamlet.<\/li>\n<\/ol>\n<\/li>\n\n\n\n<li>Personlige oplysninger, som leverand\u00f8ren indsamler automatisk, n\u00e5r du bruger til at udf\u00f8re et k\u00f8b eller registrere dig for en konto hos leverand\u00f8ren:\n<ol class=\"wp-block-list\">\n<li>Leverand\u00f8ren indsamler oplysninger om din interaktion med hjemmesiden, dine reklamepr\u00e6ferencer og din kommunikation med leverand\u00f8ren. Dette er oplysninger, som leverand\u00f8ren modtager fra enheder (herunder mobile enheder), som du bruger, n\u00e5r du tilg\u00e5r dele af leverand\u00f8rens hjemmeside. Disse oplysninger kan omfatte f\u00f8lgende: Enheds-ID eller unik identifikator, enhedstype, ID til annoncering og unik enhedstoken.<\/li>\n\n\n\n<li>Placeringsoplysninger, herunder placeringsoplysninger fra din mobile enhed. Husk, at de fleste mobile enheder giver dig mulighed for at kontrollere eller deaktivere brugen af lokationstjenester for ethvert program p\u00e5 din mobile enhed i enhedens indstillingsmenu.<\/li>\n\n\n\n<li>Computer- og forbindelsesoplysninger s\u00e5som statistik over dine sidevisninger, trafik til og fra siderne, henvisnings-URL, annoncedata, din IP-adresse, din browserhistorik og dine weblog-oplysninger.<\/li>\n<\/ol>\n<\/li>\n\n\n\n<li>Personlige oplysninger, som leverand\u00f8ren indsamler ved hj\u00e6lp af cookies og lignende teknologier\n<ol class=\"wp-block-list\">\n<li>Leverand\u00f8ren bruger cookies, web-beacons, unikke identifikatorer og lignende teknologier til at indsamle oplysninger om de sider, du ser, de links, du klikker p\u00e5, og andre handlinger, du foretager, n\u00e5r du browser p\u00e5 leverand\u00f8rens websted, i leverand\u00f8rens reklamer eller e-mail-indhold. For mere information om brugen af disse teknologier, og hvordan du kontrollerer dem, se vores cookiepolitik.<\/li>\n<\/ol>\n<\/li>\n\n\n\n<li>Personlige oplysninger indsamlet fra andre kilder\n<ol class=\"wp-block-list\">\n<li>Leverand\u00f8ren supplerer de personlige oplysninger, som leverand\u00f8ren indsamler direkte, med oplysninger indsamlet fra tredjeparter og tilf\u00f8jer dem til dine kontooplysninger. For eksempel indsamler og bruger Leverand\u00f8ren demografiske og andre oplysninger, der er offentligt tilg\u00e6ngelige i en g\u00e6ldende jurisdiktion, yderligere kontaktoplysninger, oplysninger om kredittjek og oplysninger fra kreditbureauer, som tilladt i henhold til g\u00e6ldende national lovgivning.<\/li>\n\n\n\n<li>Sociale medier - Leverand\u00f8ren giver dig mulighed for at dele oplysninger med sociale medier eller bruge sociale medier til at oprette din konto eller til at forbinde din konto med det p\u00e5g\u00e6ldende sociale medie. Disse sociale medier kan give leverand\u00f8ren automatisk adgang til visse personlige oplysninger, som de opbevarer om dig (f.eks. indhold, du har set, indhold, du kan lide, og oplysninger om de reklamer, du er blevet vist eller har klikket p\u00e5 osv.) Hvis du giver leverand\u00f8ren adgang til et websted med videoindhold, accepterer du, at leverand\u00f8ren kan dele din videovisning med eller indhente oplysninger om din videovisning fra tredjeparts sociale mediesider i mindst to \u00e5r, eller indtil du tr\u00e6kker autorisationen eller forbindelsen til det sociale medieside tilbage. Du kontrollerer de personlige oplysninger, du giver leverand\u00f8ren adgang til via privatlivsindstillingerne p\u00e5 det p\u00e5g\u00e6ldende sociale medie, og de tilladelser, du giver leverand\u00f8ren, n\u00e5r du giver leverand\u00f8ren adgang til de personlige oplysninger, som det p\u00e5g\u00e6ldende sociale medie har om dig. Ved at knytte en konto, der administreres af et socialt medie, til din konto og give leverand\u00f8ren tilladelse til at f\u00e5 adgang til disse oplysninger, accepterer du, at leverand\u00f8ren kan indsamle, bruge og opbevare de oplysninger, der leveres af disse sociale medier, i overensstemmelse med denne meddelelse om beskyttelse af personlige oplysninger. Leverand\u00f8ren kan ogs\u00e5 bruge plugins eller andre teknologier fra forskellige sociale medier. Hvis du klikker p\u00e5 et link, der leveres via et plugin til sociale medier, opretter du frivilligt en forbindelse til det p\u00e5g\u00e6ldende sociale medie.<\/li>\n\n\n\n<li>Hvis du giver leverand\u00f8ren personlige oplysninger om en anden person, m\u00e5 du kun g\u00f8re det med den p\u00e5g\u00e6ldende persons tilladelse. Du b\u00f8r informere dem om, hvordan leverand\u00f8ren indsamler, bruger, videregiver og opbevarer deres personlige oplysninger i henhold til leverand\u00f8rens vilk\u00e5r og betingelser.<\/li>\n<\/ol>\n<\/li>\n\n\n\n<li>Oplysninger, der hj\u00e6lper leverand\u00f8ren med at levere leverand\u00f8rens service til dig.\n<ol class=\"wp-block-list\">\n<li>Leverand\u00f8ren arbejder t\u00e6t sammen med tredjeparter for at hj\u00e6lpe leverand\u00f8ren med at levere tjenester til dig. Disse tredjeparter er forretningspartnere inden for tekniske, betalings- og leveringstjenester, reklamenetv\u00e6rk, analyseudbydere, udbydere af s\u00f8geoplysninger, kreditoplysningsbureauer, svindelforebyggelsesbureauer og udviklere. Oplysninger, som leverand\u00f8ren kan indsamle om dig fra s\u00e5danne parter, kan omfatte kredits\u00f8gningsoplysninger, oplysninger, der hj\u00e6lper leverand\u00f8ren med at bekr\u00e6fte din identitet eller oplysninger vedr\u00f8rende dine betalingstransaktioner.<\/li>\n\n\n\n<li>Hvis du giver leverand\u00f8ren lov til det, vil leverand\u00f8ren indsamle vennelister fra Facebook og lignende oplysninger fra andre tredjeparter som Twitter og Google, og leverand\u00f8ren kan med j\u00e6vne mellemrum indsamle disse oplysninger igen for at holde sig opdateret.<\/li>\n<\/ol>\n<\/li>\n<\/ol>\n\n<p><\/p>\n\n<h2 class=\"wp-block-heading\" id=\"h-data-processing\">DATABEHANDLING<\/h2>\n\n<ol class=\"wp-block-list\">\n<li>Leverand\u00f8ren vil kun bruge dine personlige data, n\u00e5r loven tillader det. Oftest kan leverand\u00f8ren bruge dine personlige data (s\u00e5som dine indsendte oplysninger, placeringsoplysninger eller transaktionsoplysninger) til at danne sig et overblik over, hvad leverand\u00f8ren tror, du \u00f8nsker eller har brug for, eller hvad der kan v\u00e6re af interesse for dig.<\/li>\n\n\n\n<li>Leverand\u00f8ren vil kun bruge dine personoplysninger til de form\u00e5l, som leverand\u00f8ren indsamlede dem til, medmindre leverand\u00f8ren med rimelighed mener, at leverand\u00f8ren skal bruge dem af en anden grund, og denne grund er forenelig med det oprindelige form\u00e5l.<\/li>\n\n\n\n<li>Hvis du giver dit udtrykkelige samtykke, kan leverand\u00f8ren bruge dine identitets-, kontakt-, tekniske, brugs- og\/eller profildata til at danne sig et overblik over, hvad leverand\u00f8ren tror, du \u00f8nsker eller har brug for, eller hvad der kan v\u00e6re af interesse for dig. Du kan til enhver tid tr\u00e6kke dit samtykke tilbage. Under visse begr\u00e6nsede omst\u00e6ndigheder kan leverand\u00f8ren kontakte dig om lignende produkter, hvor du har k\u00f8bt produkter fra leverand\u00f8ren, og du ikke har frabedt dig at modtage disse oplysninger.<\/li>\n\n\n\n<li>Fravalg\/afmelding - Du kan til enhver tid bede leverand\u00f8ren om at stoppe med at sende dig markedsf\u00f8ringsmeddelelser ved at f\u00f8lge afmeldingslinkene i enhver markedsf\u00f8ringsmeddelelse, der sendes til dig, eller ved at kontakte leverand\u00f8ren til enhver tid. Hvis du frav\u00e6lger at modtage disse markedsf\u00f8ringsmeddelelser, kan du stadig modtage meddelelser til andre form\u00e5l (s\u00e5som at give dig de relevante ordre- eller produktrelaterede oplysninger).<\/li>\n\n\n\n<li>Leverand\u00f8ren kan videregive de data, som leverand\u00f8ren indsamler fra dig, til visse tredjeparter, der bruger personoplysninger til at levere deres tjenester til leverand\u00f8ren, de bruger data sikkert og fortroligt og under streng kontraktlig kontrol i overensstemmelse med databeskyttelseslove.<\/li>\n\n\n\n<li>Du kan til enhver tid tr\u00e6kke dit samtykke tilbage efter at have givet dit udtrykkelige opt-in-samtykke ved at kontakte leverand\u00f8ren.<\/li>\n<\/ol>\n\n<p><\/p>\n\n<h2 class=\"wp-block-heading\" id=\"h-data-protection\">DATABESKYTTELSE<\/h2>\n\n<ol class=\"wp-block-list\">\n<li>Leverand\u00f8ren vil tage alle rimelige forholdsregler for at holde oplysningerne om din ordre og betaling sikre, men medmindre leverand\u00f8ren er uagtsom, vil leverand\u00f8ren ikke v\u00e6re ansvarlig for uautoriseret adgang til oplysninger leveret af dig.<\/li>\n\n\n\n<li>Leverand\u00f8ren begr\u00e6nser adgangen til dine personlige data til de medarbejdere, agenter, entrepren\u00f8rer og andre tredjeparter, der har et forretningsm\u00e6ssigt behov for at vide det. De vil kun behandle dine personlige data efter Leverand\u00f8rens anvisninger, og de er underlagt tavshedspligt.<\/li>\n\n\n\n<li>Leverand\u00f8ren har indf\u00f8rt procedurer til at h\u00e5ndtere enhver mistanke om brud p\u00e5 persondatasikkerheden og vil underrette dig og enhver relevant tilsynsmyndighed om et brud, hvor leverand\u00f8ren er lovm\u00e6ssigt forpligtet til at g\u00f8re det.<\/li>\n<\/ol>\n\n<p><\/p>\n\n<h2 class=\"wp-block-heading\" id=\"h-privacy-policy\">PRIVATPOLITIK<\/h2>\n\n<ol class=\"wp-block-list\">\n<li>Leverand\u00f8ren opbevarer ikke kreditkortoplysninger og deler heller ikke kundeoplysninger med ulovlige tredjeparter.<\/li>\n\n\n\n<li>Leverand\u00f8ren vil kun opbevare dine personoplysninger, s\u00e5 l\u00e6nge det er n\u00f8dvendigt for at opfylde de form\u00e5l, som leverand\u00f8ren indsamlede dem til, herunder for at opfylde eventuelle juridiske, regnskabsm\u00e6ssige eller rapporteringsm\u00e6ssige krav.<\/li>\n\n\n\n<li>Leverand\u00f8ren vil generelt opbevare vores kunders data i en periode p\u00e5 6 (seks) \u00e5r, efter at en kontrakt er afsluttet, for at sikre, at leverand\u00f8ren er i stand til at hj\u00e6lpe dig, hvis du har sp\u00f8rgsm\u00e5l eller feedback i forhold til leverand\u00f8rens produkter eller for at beskytte eller forsvare vores juridiske rettigheder eller til skatteform\u00e5l.<\/li>\n\n\n\n<li>Hvis leverand\u00f8ren har behandlet dine personlige data for at give dig markedsf\u00f8ringskommunikation med samtykke, kan leverand\u00f8ren kontakte dig mindst hver tolvte (12.) m\u00e5ned for at sikre, at du er glad for fortsat at modtage s\u00e5dan kommunikation. Hvis du fort\u00e6ller leverand\u00f8ren, at du ikke l\u00e6ngere \u00f8nsker at modtage s\u00e5danne meddelelser, vil dine personlige data blive fjernet fra leverand\u00f8rens markedsf\u00f8ringslister (men vil blive tilf\u00f8jet til en &#8222;kontakt ikke&#8223;-liste).<\/li>\n\n\n\n<li>Hvis leverand\u00f8ren har behandlet dine data af en anden grund (f.eks. hvis du har kontaktet leverand\u00f8ren med et sp\u00f8rgsm\u00e5l i forbindelse med produkter eller tjenester), vil leverand\u00f8ren opbevare dine data i tolv (12) m\u00e5neder.<\/li>\n\n\n\n<li>Under visse omst\u00e6ndigheder kan leverand\u00f8ren anonymisere dine personlige data (s\u00e5 de ikke l\u00e6ngere kan forbindes med dig) til forsknings- eller statistiske form\u00e5l, og i s\u00e5 fald kan leverand\u00f8ren bruge disse oplysninger p\u00e5 ubestemt tid uden yderligere varsel til dig.<\/li>\n\n\n\n<li>Under visse omst\u00e6ndigheder har du rettigheder i henhold til databeskyttelseslovgivningen i forhold til dine personlige data. Disse rettigheder er beskrevet nedenfor:\n<ol class=\"wp-block-list\">\n<li>Anmod om adgang til dine personlige data (almindeligvis kendt som en &#8222;anmodning om adgang for registrerede&#8223;). Det giver dig mulighed for at modtage en kopi af de personoplysninger, som leverand\u00f8ren har om dig, og for at kontrollere, at leverand\u00f8ren behandler dem lovligt.<\/li>\n\n\n\n<li>Anmode om rettelse af de personlige data, som leverand\u00f8ren har om dig. Dette giver dig mulighed for at f\u00e5 rettet eventuelle ufuldst\u00e6ndige eller un\u00f8jagtige data, som leverand\u00f8ren har om dig, selvom leverand\u00f8ren muligvis skal verificere n\u00f8jagtigheden af de nye data, du giver til leverand\u00f8ren.<\/li>\n\n\n\n<li>Anmod om sletning af dine personlige data. Det giver dig mulighed for at bede leverand\u00f8ren om at slette eller fjerne personlige data, hvis der ikke er nogen god grund til, at leverand\u00f8ren forts\u00e6tter med at behandle dem. Du har ogs\u00e5 ret til at bede leverand\u00f8ren om at slette eller fjerne dine persondata, hvis du har ud\u00f8vet din ret til at g\u00f8re indsigelse mod behandlingen, hvis leverand\u00f8ren kan have behandlet dine oplysninger ulovligt, eller hvis leverand\u00f8ren er forpligtet til at slette dine persondata for at overholde lokal lovgivning. Bem\u00e6rk dog, at leverand\u00f8ren muligvis ikke altid er i stand til at efterkomme din anmodning om sletning af specifikke juridiske \u00e5rsager, som du vil blive underrettet om, hvis det er relevant, p\u00e5 tidspunktet for din anmodning.<\/li>\n\n\n\n<li>G\u00f8r indsigelse mod behandling af dine persondata, hvor leverand\u00f8ren p\u00e5ber\u00e5ber sig en legitim interesse (eller en tredjeparts), og der er noget ved din s\u00e6rlige situation, der g\u00f8r, at du \u00f8nsker at g\u00f8re indsigelse mod behandling p\u00e5 dette grundlag, da du f\u00f8ler, at det p\u00e5virker dine grundl\u00e6ggende rettigheder og friheder. Du har ogs\u00e5 ret til at g\u00f8re indsigelse, hvis leverand\u00f8ren behandler dine personlige data til direkte markedsf\u00f8ringsform\u00e5l. I nogle tilf\u00e6lde kan leverand\u00f8ren p\u00e5vise, at leverand\u00f8ren har tvingende legitime grunde til at behandle dine oplysninger, som tilsides\u00e6tter dine rettigheder og friheder.<\/li>\n\n\n\n<li>Anmod om begr\u00e6nsning af behandlingen af dine personlige data. Dette giver dig mulighed for at bede leverand\u00f8ren om at suspendere behandlingen af dine personlige data i f\u00f8lgende scenarier: hvis du \u00f8nsker, at leverand\u00f8ren skal fastsl\u00e5 dataenes n\u00f8jagtighed; hvor leverand\u00f8rens brug af dataene er ulovlig, men du ikke \u00f8nsker, at leverand\u00f8ren sletter dem; hvor du har brug for, at leverand\u00f8ren opbevarer dataene, selvom leverand\u00f8ren ikke l\u00e6ngere har brug for dem, da du har brug for dem til at fastsl\u00e5, ud\u00f8ve eller forsvare juridiske krav; eller du har gjort indsigelse mod leverand\u00f8rens brug af dine data, men leverand\u00f8ren har brug for at kontrollere, om leverand\u00f8ren har overordnede legitime grunde til at bruge dem.<\/li>\n\n\n\n<li>Anmode om overf\u00f8rsel af dine personlige data (som registreret) til dig eller til en tredjepart. Tilbagekalde samtykke til enhver tid, hvor leverand\u00f8ren er afh\u00e6ngig af samtykke til at behandle dine personlige data. Dette vil dog ikke p\u00e5virke lovligheden af nogen behandling, der er udf\u00f8rt, f\u00f8r du tr\u00e6kker dit samtykke tilbage. Hvis du tr\u00e6kker dit samtykke tilbage, kan leverand\u00f8ren muligvis ikke levere visse produkter eller tjenester til dig. Leverand\u00f8ren vil informere dig, hvis dette er tilf\u00e6ldet p\u00e5 det tidspunkt, hvor du tr\u00e6kker dit samtykke tilbage. Hvis du \u00f8nsker at ud\u00f8ve nogen af de rettigheder, der er beskrevet ovenfor, bedes du kontakte leverand\u00f8ren direkte via deres kontaktoplysninger.<\/li>\n\n\n\n<li>Der kr\u00e6ves normalt ikke noget gebyr, og du skal ikke betale et gebyr for at f\u00e5 adgang til dine personlige data (eller for at ud\u00f8ve nogen af de andre rettigheder). Leverand\u00f8ren kan dog opkr\u00e6ve et rimeligt gebyr, hvis din anmodning er klart ubegrundet, gentagende eller overdreven. Alternativt kan leverand\u00f8ren n\u00e6gte at efterkomme din anmodning under disse omst\u00e6ndigheder.<\/li>\n<\/ol>\n<\/li>\n\n\n\n<li>Leverand\u00f8ren kan v\u00e6re n\u00f8dt til at anmode om specifikke oplysninger fra dig for at hj\u00e6lpe leverand\u00f8ren med at bekr\u00e6fte din identitet og sikre din ret til at f\u00e5 adgang til dine personlige data (eller til at ud\u00f8ve nogen af dine andre rettigheder). Dette er en sikkerhedsforanstaltning for at sikre, at personoplysninger ikke videregives til personer, der ikke har ret til at modtage dem. Leverand\u00f8ren kan ogs\u00e5 kontakte dig for at bede dig om yderligere oplysninger i forbindelse med din anmodning for at fremskynde leverand\u00f8rens svar.<\/li>\n\n\n\n<li>Du har til enhver tid ret til at indgive en klage til ICO, den britiske tilsynsmyndighed for databeskyttelsessp\u00f8rgsm\u00e5l (p\u00e5 www.ico.org.uk). Leverand\u00f8ren vil dog s\u00e6tte pris p\u00e5 muligheden for at h\u00e5ndtere dine bekymringer, f\u00f8r du henvender dig til ICO, s\u00e5 kontakt os venligst i f\u00f8rste omgang.<\/li>\n<\/ol>\n\n<p><\/p>\n\n<p class=\"has-text-align-center\">Privatlivspolitik sidst opdateret: 16 september, 2022 - 1:56PM.<\/p>\n","protected":false},"excerpt":{"rendered":"<p>COOKIE-POLITIK Cookiepolitik sidst opdateret: 16 september, 2022 - 1:56PM. PRIVATPOLITIK Navigation DATAINDSAMLING DATABEHANDLING DATABESKYTTELSE PRIVATPOLITIK Privatlivspolitik sidst opdateret: 16 september, 2022 - 1:56PM.<\/p>\n","protected":false},"author":5,"featured_media":0,"parent":0,"menu_order":0,"comment_status":"closed","ping_status":"closed","template":"","meta":{"footnotes":""},"class_list":["post-136223","page","type-page","status-publish"],"aioseo_notices":[],"_links":{"self":[{"href":"https:\/\/droix.net\/blogs\/da\/wp-json\/wp\/v2\/pages\/136223","targetHints":{"allow":["GET"]}}],"collection":[{"href":"https:\/\/droix.net\/blogs\/da\/wp-json\/wp\/v2\/pages"}],"about":[{"href":"https:\/\/droix.net\/blogs\/da\/wp-json\/wp\/v2\/types\/page"}],"author":[{"embeddable":true,"href":"https:\/\/droix.net\/blogs\/da\/wp-json\/wp\/v2\/users\/5"}],"replies":[{"embeddable":true,"href":"https:\/\/droix.net\/blogs\/da\/wp-json\/wp\/v2\/comments?post=136223"}],"version-history":[{"count":2,"href":"https:\/\/droix.net\/blogs\/da\/wp-json\/wp\/v2\/pages\/136223\/revisions"}],"predecessor-version":[{"id":280728,"href":"https:\/\/droix.net\/blogs\/da\/wp-json\/wp\/v2\/pages\/136223\/revisions\/280728"}],"wp:attachment":[{"href":"https:\/\/droix.net\/blogs\/da\/wp-json\/wp\/v2\/media?parent=136223"}],"curies":[{"name":"wp","href":"https:\/\/api.w.org\/{rel}","templated":true}]}}