{"id":137475,"date":"2019-12-10T17:32:45","date_gmt":"2019-12-10T17:32:45","guid":{"rendered":"https:\/\/droix.net\/blogs\/kontakt-os\/"},"modified":"2025-05-27T15:50:06","modified_gmt":"2025-05-27T14:50:06","slug":"kontakt-os","status":"publish","type":"page","link":"https:\/\/droix.net\/blogs\/da\/kontakt-os\/","title":{"rendered":"Kontakt os"},"content":{"rendered":"\n<h1>Kontakt os<\/h1>\n\n<div style=\"height:20px\" aria-hidden=\"true\" class=\"wp-block-spacer\"><\/div>\n\n<p>Vi \u00f8nsker at give dig en god oplevelse, og derfor vil vi gerne h\u00f8re fra dig. Din feedback hj\u00e6lper os med at give dig flere af de events, du elsker, og den service, du forventer. <\/p>\n\n<hr class=\"wp-block-separator has-css-opacity is-style-default\"\/>\n\n<div class=\"wp-block-media-text alignwide is-stacked-on-mobile\" style=\"grid-template-columns:20% auto\"><figure class=\"wp-block-media-text__media\"><img decoding=\"async\" width=\"194\" height=\"60\" src=\"https:\/\/droix.net\/blogs\/wp-content\/uploads\/2024\/12\/droix-v2-blog-main-logo.png\" alt=\"\" class=\"wp-image-265396 size-full\"\/><\/figure><div class=\"wp-block-media-text__content\">\n<p class=\"has-large-font-size\"><a href=\"https:\/\/go.droix.co.uk\/droix-landing\">L\u00c6R MERE<\/a><\/p>\n<\/div><\/div>\n","protected":false},"excerpt":{"rendered":"<p>Kontakt os Vi \u00f8nsker at give dig en god oplevelse, og derfor vil vi gerne h\u00f8re fra dig. Din feedback hj\u00e6lper os med at give dig flere af de events, du elsker, og den service, du forventer. L\u00c6R MERE<\/p>\n","protected":false},"author":5,"featured_media":58890,"parent":0,"menu_order":0,"comment_status":"closed","ping_status":"closed","template":"","meta":{"footnotes":""},"class_list":["post-137475","page","type-page","status-publish","has-post-thumbnail"],"aioseo_notices":[],"_links":{"self":[{"href":"https:\/\/droix.net\/blogs\/da\/wp-json\/wp\/v2\/pages\/137475","targetHints":{"allow":["GET"]}}],"collection":[{"href":"https:\/\/droix.net\/blogs\/da\/wp-json\/wp\/v2\/pages"}],"about":[{"href":"https:\/\/droix.net\/blogs\/da\/wp-json\/wp\/v2\/types\/page"}],"author":[{"embeddable":true,"href":"https:\/\/droix.net\/blogs\/da\/wp-json\/wp\/v2\/users\/5"}],"replies":[{"embeddable":true,"href":"https:\/\/droix.net\/blogs\/da\/wp-json\/wp\/v2\/comments?post=137475"}],"version-history":[{"count":2,"href":"https:\/\/droix.net\/blogs\/da\/wp-json\/wp\/v2\/pages\/137475\/revisions"}],"predecessor-version":[{"id":280870,"href":"https:\/\/droix.net\/blogs\/da\/wp-json\/wp\/v2\/pages\/137475\/revisions\/280870"}],"wp:featuredmedia":[{"embeddable":true,"href":"https:\/\/droix.net\/blogs\/da\/wp-json\/wp\/v2\/media\/58890"}],"wp:attachment":[{"href":"https:\/\/droix.net\/blogs\/da\/wp-json\/wp\/v2\/media?parent=137475"}],"curies":[{"name":"wp","href":"https:\/\/api.w.org\/{rel}","templated":true}]}}