{"id":24662,"date":"2019-12-10T17:32:45","date_gmt":"2019-12-10T17:32:45","guid":{"rendered":"https:\/\/droix.co.uk\/blogs\/kontakt\/"},"modified":"2025-05-27T15:50:03","modified_gmt":"2025-05-27T14:50:03","slug":"kontakt","status":"publish","type":"page","link":"https:\/\/droix.net\/blogs\/de\/kontakt\/","title":{"rendered":"Kontakt"},"content":{"rendered":"\n<h1>Kontakt US<\/h1>\n\n<div style=\"height:20px\" aria-hidden=\"true\" class=\"wp-block-spacer\"><\/div>\n\n<p>Wir m\u00f6chten, dass Sie eine gro\u00dfartige Erfahrung machen, und deshalb m\u00f6chten wir von Ihnen h\u00f6ren. Ihr Feedback hilft uns, Ihnen noch mehr von den Veranstaltungen zu bieten, die Sie lieben, und den Service, den Sie erwarten.<\/p>\n\n<hr class=\"wp-block-separator has-css-opacity is-style-default\"\/>\n\n<div class=\"wp-block-media-text alignwide is-stacked-on-mobile\" style=\"grid-template-columns:20% auto\"><figure class=\"wp-block-media-text__media\"><img decoding=\"async\" width=\"194\" height=\"60\" src=\"https:\/\/droix.net\/blogs\/wp-content\/uploads\/2024\/12\/droix-v2-blog-main-logo.png\" alt=\"\" class=\"wp-image-265396 size-full\"\/><\/figure><div class=\"wp-block-media-text__content\">\n<p class=\"has-large-font-size\"><a href=\"https:\/\/go.droix.co.uk\/droix-landing\">MEHR LERNEN<\/a><\/p>\n<\/div><\/div>\n","protected":false},"excerpt":{"rendered":"<p>Kontakt US Wir m\u00f6chten, dass Sie eine gro\u00dfartige Erfahrung machen, und deshalb m\u00f6chten wir von Ihnen h\u00f6ren. Ihr Feedback hilft uns, Ihnen noch mehr von den Veranstaltungen zu bieten, die Sie lieben, und den Service, den Sie erwarten. MEHR LERNEN<\/p>\n","protected":false},"author":5,"featured_media":20327,"parent":0,"menu_order":0,"comment_status":"closed","ping_status":"closed","template":"","meta":{"footnotes":""},"class_list":["post-24662","page","type-page","status-publish","has-post-thumbnail"],"aioseo_notices":[],"_links":{"self":[{"href":"https:\/\/droix.net\/blogs\/de\/wp-json\/wp\/v2\/pages\/24662","targetHints":{"allow":["GET"]}}],"collection":[{"href":"https:\/\/droix.net\/blogs\/de\/wp-json\/wp\/v2\/pages"}],"about":[{"href":"https:\/\/droix.net\/blogs\/de\/wp-json\/wp\/v2\/types\/page"}],"author":[{"embeddable":true,"href":"https:\/\/droix.net\/blogs\/de\/wp-json\/wp\/v2\/users\/5"}],"replies":[{"embeddable":true,"href":"https:\/\/droix.net\/blogs\/de\/wp-json\/wp\/v2\/comments?post=24662"}],"version-history":[{"count":2,"href":"https:\/\/droix.net\/blogs\/de\/wp-json\/wp\/v2\/pages\/24662\/revisions"}],"predecessor-version":[{"id":280868,"href":"https:\/\/droix.net\/blogs\/de\/wp-json\/wp\/v2\/pages\/24662\/revisions\/280868"}],"wp:featuredmedia":[{"embeddable":true,"href":"https:\/\/droix.net\/blogs\/de\/wp-json\/wp\/v2\/media\/20327"}],"wp:attachment":[{"href":"https:\/\/droix.net\/blogs\/de\/wp-json\/wp\/v2\/media?parent=24662"}],"curies":[{"name":"wp","href":"https:\/\/api.w.org\/{rel}","templated":true}]}}