{"id":25615,"date":"2021-09-07T16:06:06","date_gmt":"2021-09-07T15:06:06","guid":{"rendered":"https:\/\/droix.co.uk\/blogs\/datenschutzbestimmungen\/"},"modified":"2025-05-27T15:45:37","modified_gmt":"2025-05-27T14:45:37","slug":"datenschutzbestimmungen","status":"publish","type":"page","link":"https:\/\/droix.net\/blogs\/de\/datenschutzbestimmungen\/","title":{"rendered":"Cookies und Datenschutzbestimmungen"},"content":{"rendered":"\n<h2 class=\"wp-block-heading\" id=\"h-cookie-policy\">COOKIE-POLITIK<\/h2>\n\n<p><\/p>\n\n<ol class=\"wp-block-list\">\n<li>Diese Verkaufsbedingungen gelten f\u00fcr alle von Entertainment Gadgets LTD DBA DROIX, mit Sitz in Unit 54C, North Woolwich Road, E16 2AA, London, Vereinigtes K\u00f6nigreich, (der Lieferant) gelieferten Waren.\n<ol class=\"wp-block-list\">\n<li>Im vorliegenden Vertrag beziehen sich die Verweise auf: Wir (Entertainment Gadgets LTD DBA DROIX) sind der Lieferant, und Sie (der Kunde)<\/li>\n<\/ol>\n<\/li>\n<\/ol>\n\n<ol class=\"wp-block-list\">\n<li>Die Website des Anbieters verwendet Cookies, um den Kunden, d.h. Sie, von anderen Benutzern der Website zu unterscheiden. Dies hilft dem Anbieter, Ihnen ein gutes Erlebnis zu bieten, wenn Sie auf der Website des Anbieters surfen, und erm\u00f6glicht es dem Anbieter auch, unsere Website zu verbessern. Wenn Sie auf der Website weitersurfen, erkl\u00e4ren Sie sich mit der Verwendung von Cookies durch den Anbieter einverstanden.<\/li>\n\n\n\n<li>Ein Cookie ist eine kleine Datei aus Buchstaben und Zahlen, die der Anbieter in Ihrem Browser oder auf der Festplatte Ihres Computers oder Mobiltelefons speichert, wenn Sie damit einverstanden sind. Cookies enthalten Informationen, die auf die Festplatte Ihres Computers \u00fcbertragen werden.<\/li>\n\n\n\n<li>Der Anbieter verwendet die folgenden Cookies:\n<ol class=\"wp-block-list\">\n<li>Streng notwendige Cookies. Es handelt sich um Cookies, die f\u00fcr den Betrieb der Website des Anbieters erforderlich sind. Dazu geh\u00f6ren z. B. Cookies, die es Ihnen erm\u00f6glichen, sich in sichere Bereiche der Website des Anbieters einzuloggen und Transaktionen durchzuf\u00fchren.<\/li>\n\n\n\n<li>Analytische\/Leistungs-Cookies. Sie erm\u00f6glichen es dem Anbieter, die Anzahl der Besucher zu erkennen und zu z\u00e4hlen und zu sehen, wie sich die Besucher auf der Website des Anbieters bewegen, wenn sie diese nutzen. Dies hilft dem Anbieter, die Funktionsweise der Website zu verbessern, indem er z. B. sicherstellt, dass die Nutzer das Gesuchte leicht und ohne Probleme finden.<\/li>\n\n\n\n<li>Der Anbieter verwendet Cookies von Google Analytics. Google Analytics sammelt Informationen anonym. Sie berichtet \u00fcber Website-Trends, ohne einzelne Besucher zu identifizieren. Sie k\u00f6nnen Google Analytics deaktivieren, ohne dass dies Auswirkungen auf Ihren Besuch auf dieser Website hat. F\u00fcr weitere Informationen zu Google Analytics klicken Sie bitte hier.<\/li>\n\n\n\n<li>Zielgerichtete Cookies. Diese Cookies speichern Ihren Besuch auf der Website des Anbieters, die Seiten, die Sie besucht haben und die Links, denen Sie gefolgt sind. Der Anbieter verwendet diese Informationen, um die Website und die darauf angezeigte Werbung besser auf Ihre Interessen abzustimmen. Der Anbieter kann diese Informationen zu diesem Zweck auch an Dritte weitergeben.<\/li>\n<\/ol>\n<\/li>\n\n\n\n<li>Bitte beachten Sie, dass auch Dritte (z. B. Werbenetzwerke und Anbieter von externen Diensten wie Web-Traffic-Analysedienste) Cookies verwenden k\u00f6nnen, auf die der Anbieter keinen Einfluss hat. Bei diesen Cookies handelt es sich wahrscheinlich um Analyse-\/Leistungs-Cookies oder zielgerichtete Cookies.<\/li>\n\n\n\n<li>Sie k\u00f6nnen Cookies blockieren, indem Sie die Einstellung Ihres Browsers aktivieren, die es Ihnen erlaubt, das Setzen aller oder einiger Cookies abzulehnen. Wenn Sie jedoch Ihren Browser so einstellen, dass er alle Cookies (einschlie\u00dflich wesentlicher Cookies) blockiert, k\u00f6nnen Sie m\u00f6glicherweise nicht auf die gesamte Website des Anbieters oder Teile davon zugreifen.<\/li>\n<\/ol>\n\n<p><\/p>\n\n<p class=\"has-text-align-center\">Cookie-Richtlinie zuletzt aktualisiert: 16 September, 2022 - 1:56PM.<\/p>\n\n<h2 class=\"wp-block-heading\">DATENSCHUTZPOLITIK<\/h2>\n\n<p><\/p>\n\n<ol class=\"wp-block-list\">\n<li>Diese Verkaufsbedingungen gelten f\u00fcr alle von Entertainment Gadgets LTD DBA DROIX, mit Sitz in Unit 54C, North Woolwich Road, E16 2AA, London, Vereinigtes K\u00f6nigreich, (der Lieferant) gelieferten Waren.\n<ol class=\"wp-block-list\">\n<li>Im vorliegenden Vertrag beziehen sich die Verweise auf: Wir (Entertainment Gadgets LTD DBA DROIX) sind der Lieferant, und Sie (der Kunde)<\/li>\n<\/ol>\n<\/li>\n<\/ol>\n\n<h2 class=\"wp-block-heading\" id=\"h-navigation\">Navigation<\/h2>\n\n<ul class=\"wp-block-list\">\n<li>DATENERFASSUNG<\/li>\n\n\n\n<li>DATENVERARBEITUNG<\/li>\n\n\n\n<li>DATENSCHUTZ<\/li>\n\n\n\n<li>DATENSCHUTZPOLITIK<\/li>\n<\/ul>\n\n<h2 class=\"wp-block-heading\" id=\"h-data-collection\">DATENERFASSUNG<\/h2>\n\n<ol class=\"wp-block-list\">\n<li>Der Anbieter erhebt personenbezogene Daten von Ihnen, wenn Sie die Produkte des Anbieters kaufen.<\/li>\n\n\n\n<li>Der Anbieter erhebt personenbezogene Daten von Ihnen und allen Ger\u00e4ten (einschlie\u00dflich Mobilger\u00e4ten), die Sie verwenden, wenn Sie sich f\u00fcr ein Konto bei uns registrieren, dem Anbieter Informationen in einem Webformular zur Verf\u00fcgung stellen, Informationen zu Ihrem Konto aktualisieren oder hinzuf\u00fcgen, an einem Support-Forum teilnehmen oder wenn Sie anderweitig mit dem Anbieter korrespondieren.\n<ol class=\"wp-block-list\">\n<li>Einige dieser pers\u00f6nlichen Informationen, wie z. B. die M\u00f6glichkeit, Sie zu identifizieren, sind notwendig, um die Allgemeinen Gesch\u00e4ftsbedingungen des Anbieters zu akzeptieren. Die Angabe aller anderen pers\u00f6nlichen Daten ist freiwillig, kann aber f\u00fcr die Nutzung unserer Dienste erforderlich sein, wie z.B. die Teilnahme an Gewinnspielen, Verlosungen oder die f\u00fcr den Abschluss einer Transaktion erforderlichen Informationen.<\/li>\n<\/ol>\n<\/li>\n\n\n\n<li>Pers\u00f6nliche Daten, die Sie dem Anbieter zur Verf\u00fcgung stellen, wenn Sie einen Kauf t\u00e4tigen oder sich f\u00fcr ein Konto beim Anbieter registrieren:\n<ol class=\"wp-block-list\">\n<li>Identifizierungsdaten wie Ihr Name, Ihre Adressen, Telefonnummern oder E-Mail-Adressen, wenn Sie sich f\u00fcr ein Konto bei uns registrieren.<\/li>\n\n\n\n<li>Bestellinformationen, die mit Ihrem Konto als Ergebnis einer Transaktion, an der Sie beteiligt sind, verbunden sind.<\/li>\n\n\n\n<li>Andere Inhalte, die Sie erstellen oder die mit Ihrem Konto verbunden sind (z. B. das Hinzuf\u00fcgen von Artikeln zu Ihrem Warenkorb).<\/li>\n\n\n\n<li>Finanzielle Informationen (wie Kreditkarten- oder Bankkontonummern) in Verbindung mit einer Transaktion.<\/li>\n\n\n\n<li>Versand-, Rechnungs- und andere Informationen, die f\u00fcr den Kauf oder Versand eines Artikels verwendet werden, sowie relevante Versandinformationen (z. B. Kontrollnummern und Aktualisierungen der Sendungsverfolgung).<\/li>\n\n\n\n<li>Sie k\u00f6nnen dem Anbieter auch andere Informationen \u00fcber ein Webformular zur Verf\u00fcgung stellen, indem Sie Informationen zu Ihrem Konto aktualisieren oder hinzuf\u00fcgen, durch Ihre Teilnahme an Forumsdiskussionen, Supportanfragen oder wenn Sie anderweitig mit dem Anbieter bez\u00fcglich der Waren und Dienstleistungen des Anbieters kommunizieren.<\/li>\n\n\n\n<li>Zus\u00e4tzliche Informationen, zu deren Erhebung und Verarbeitung der Anbieter nach geltendem nationalem Recht verpflichtet oder berechtigt ist, um Sie zu authentifizieren oder zu identifizieren oder um die vom Anbieter erhobenen Informationen zu \u00fcberpr\u00fcfen.<\/li>\n<\/ol>\n<\/li>\n\n\n\n<li>Pers\u00f6nliche Daten, die der Anbieter automatisch erfasst, wenn Sie einen Kauf t\u00e4tigen oder sich f\u00fcr ein Konto beim Anbieter registrieren:\n<ol class=\"wp-block-list\">\n<li>Der Anbieter sammelt Informationen \u00fcber Ihre Interaktion mit der Website, Ihre Werbepr\u00e4ferenzen und Ihre Kommunikation mit dem Anbieter. Dabei handelt es sich um Informationen, die der Anbieter von Ger\u00e4ten (einschlie\u00dflich Mobilger\u00e4ten) erh\u00e4lt, die Sie beim Zugriff auf Teile der Website des Anbieters verwenden. Diese Informationen k\u00f6nnen Folgendes umfassen: Ger\u00e4te-ID oder eindeutige Kennung, Ger\u00e4tetyp, ID f\u00fcr Werbung und eindeutiges Ger\u00e4te-Token.<\/li>\n\n\n\n<li>Standortinformationen, einschlie\u00dflich Standortinformationen von Ihrem mobilen Ger\u00e4t. Denken Sie daran, dass Sie bei den meisten Mobilger\u00e4ten die Verwendung von Ortungsdiensten durch jede Anwendung auf Ihrem Mobilger\u00e4t im Einstellungsmen\u00fc des Ger\u00e4ts steuern oder deaktivieren k\u00f6nnen.<\/li>\n\n\n\n<li>Computer- und Verbindungsinformationen wie Statistiken \u00fcber Ihre Seitenaufrufe, Datenverkehr zu und von den Websites, Verweis-URL, Werbedaten, Ihre IP-Adresse, Ihren Browserverlauf und Ihre Webprotokolldaten.<\/li>\n<\/ol>\n<\/li>\n\n\n\n<li>Pers\u00f6nliche Informationen, die der Anbieter mit Hilfe von Cookies und \u00e4hnlichen Technologien sammelt\n<ol class=\"wp-block-list\">\n<li>Der Anbieter verwendet Cookies, Web Beacons, eindeutige Identifikatoren und \u00e4hnliche Technologien, um Informationen \u00fcber die von Ihnen angezeigten Seiten, die von Ihnen angeklickten Links und andere Aktionen zu sammeln, die Sie beim Surfen auf der Website des Anbieters, in der Werbung des Anbieters oder in E-Mails durchf\u00fchren. Weitere Informationen \u00fcber die Verwendung dieser Technologien und dar\u00fcber, wie Sie sie kontrollieren k\u00f6nnen, finden Sie in unserer Cookie-Richtlinie<\/li>\n<\/ol>\n<\/li>\n\n\n\n<li>Aus anderen Quellen gesammelte pers\u00f6nliche Informationen\n<ol class=\"wp-block-list\">\n<li>Der Anbieter erg\u00e4nzt die personenbezogenen Daten, die er direkt sammelt, durch Informationen, die er von Dritten erh\u00e4lt, und f\u00fcgt sie Ihren Kontoinformationen hinzu. So sammelt und verwendet der Anbieter beispielsweise demografische und andere Informationen, die in der jeweiligen Rechtsordnung \u00f6ffentlich zug\u00e4nglich sind, zus\u00e4tzliche Kontaktinformationen, Informationen zur Kreditpr\u00fcfung und Informationen von Kreditauskunfteien, soweit dies nach den geltenden nationalen Gesetzen zul\u00e4ssig ist.<\/li>\n\n\n\n<li>Soziale Medien - Der Anbieter erm\u00f6glicht es Ihnen, Informationen mit Websites sozialer Medien zu teilen oder Websites sozialer Medien zu nutzen, um Ihr Konto zu erstellen oder Ihr Konto mit der jeweiligen Website sozialer Medien zu verbinden. Diese Social-Media-Websites k\u00f6nnen dem Anbieter einen automatischen Zugriff auf bestimmte personenbezogene Daten erm\u00f6glichen, die sie \u00fcber Sie gespeichert haben (z. B. von Ihnen angesehene Inhalte, Inhalte, die Ihnen gefallen haben, und Informationen \u00fcber die Werbung, die Ihnen angezeigt wurde oder auf die Sie geklickt haben usw.). Wenn Sie dem Anbieter den Zugang zu einer Website mit Videoinhalten gew\u00e4hren, erkl\u00e4ren Sie sich damit einverstanden, dass der Anbieter Ihre Videoaufrufe f\u00fcr mindestens zwei Jahre oder bis Sie die Genehmigung oder die Verbindung zu der Social-Media-Website widerrufen, an Social-Media-Websites Dritter weitergeben oder von diesen Informationen \u00fcber Ihre Videoaufrufe erhalten kann. Sie kontrollieren die personenbezogenen Daten, auf die Sie dem Anbieter \u00fcber die Datenschutzeinstellungen auf der jeweiligen Social-Media-Website Zugriff gew\u00e4hren, sowie die Berechtigungen, die Sie dem Anbieter erteilen, wenn Sie dem Anbieter Zugriff auf die personenbezogenen Daten gew\u00e4hren, die die jeweilige Social-Media-Website \u00fcber Sie gespeichert hat. Indem Sie ein von einer Social-Media-Website verwaltetes Konto mit Ihrem Konto verkn\u00fcpfen und dem Anbieter den Zugriff auf diese Informationen gestatten, erkl\u00e4ren Sie sich damit einverstanden, dass der Anbieter die von diesen Social-Media-Websites bereitgestellten Informationen in \u00dcbereinstimmung mit diesem Datenschutzhinweis erfassen, verwenden und aufbewahren darf. Der Anbieter kann auch Plugins oder andere Technologien von verschiedenen Social-Media-Sites verwenden. Wenn Sie auf einen \u00fcber ein Social-Media-Plugin bereitgestellten Link klicken, stellen Sie freiwillig eine Verbindung mit der jeweiligen Social-Media-Seite her.<\/li>\n\n\n\n<li>Wenn Sie dem Lieferanten personenbezogene Daten \u00fcber eine andere Person mitteilen, d\u00fcrfen Sie dies nur mit der Genehmigung dieser Person tun. Sie sollten sie dar\u00fcber informieren, wie der Anbieter ihre personenbezogenen Daten gem\u00e4\u00df den Gesch\u00e4ftsbedingungen des Anbieters sammelt, verwendet, weitergibt und aufbewahrt.<\/li>\n<\/ol>\n<\/li>\n\n\n\n<li>Informationen, die dem Anbieter dabei helfen, Ihnen die Dienstleistung des Anbieters zu erbringen.\n<ol class=\"wp-block-list\">\n<li>Der Anbieter arbeitet eng mit Dritten zusammen, um die Erbringung seiner Dienstleistungen f\u00fcr Sie zu unterst\u00fctzen. Bei diesen Dritten handelt es sich um Gesch\u00e4ftspartner f\u00fcr technische, Zahlungs- und Lieferdienste, Werbenetzwerke, Anbieter von Analysen, Anbieter von Suchinformationen, Kreditauskunfteien, Betrugsbek\u00e4mpfungsagenturen und Entwickler. Zu den Informationen, die der Anbieter von diesen Parteien \u00fcber Sie einholen kann, geh\u00f6ren Informationen zur Kreditw\u00fcrdigkeitspr\u00fcfung, Informationen, die dem Anbieter helfen, Ihre Identit\u00e4t zu \u00fcberpr\u00fcfen, oder Informationen, die sich auf Ihre Zahlungsvorg\u00e4nge beziehen.<\/li>\n\n\n\n<li>Wenn Sie es dem Anbieter gestatten, sammelt der Anbieter Freundeslisten von Facebook und \u00e4hnliche Informationen von anderen Dritten wie Twitter und Google, und der Anbieter kann diese Informationen in regelm\u00e4\u00dfigen Abst\u00e4nden erneut erheben, um auf dem neuesten Stand zu bleiben.<\/li>\n<\/ol>\n<\/li>\n<\/ol>\n\n<p><\/p>\n\n<h2 class=\"wp-block-heading\" id=\"h-data-processing\">DATENVERARBEITUNG<\/h2>\n\n<ol class=\"wp-block-list\">\n<li>Der Anbieter wird Ihre personenbezogenen Daten nur dann verwenden, wenn das Gesetz dies erlaubt. In den meisten F\u00e4llen kann der Anbieter Ihre personenbezogenen Daten (z. B. die von Ihnen \u00fcbermittelten Informationen, Standortinformationen oder Transaktionsdaten) verwenden, um sich ein Bild davon zu machen, was Sie nach Ansicht des Anbieters w\u00fcnschen oder ben\u00f6tigen oder was f\u00fcr Sie von Interesse sein k\u00f6nnte.<\/li>\n\n\n\n<li>Der Anbieter wird Ihre personenbezogenen Daten nur f\u00fcr die Zwecke verwenden, f\u00fcr die er sie erhoben hat, es sei denn, der Anbieter ist nach vern\u00fcnftigem Ermessen der Ansicht, dass er sie aus einem anderen Grund verwenden muss und dieser Grund mit dem urspr\u00fcnglichen Zweck vereinbar ist.<\/li>\n\n\n\n<li>Wenn Sie Ihre ausdr\u00fcckliche Zustimmung erteilen, kann der Anbieter Ihre Identit\u00e4ts-, Kontakt-, technischen, Nutzungs- und\/oder Profildaten verwenden, um sich ein Bild davon zu machen, was Sie nach Ansicht des Anbieters w\u00fcnschen oder ben\u00f6tigen oder was f\u00fcr Sie von Interesse sein k\u00f6nnte. Sie k\u00f6nnen Ihre Einwilligung jederzeit widerrufen. Unter bestimmten Umst\u00e4nden kann sich der Anbieter mit Ihnen in Verbindung setzen, um Ihnen \u00e4hnliche Produkte vorzustellen, wenn Sie bereits Produkte beim Anbieter gekauft haben und Sie sich nicht gegen den Erhalt dieser Informationen entschieden haben.<\/li>\n\n\n\n<li>Abmeldung - Sie k\u00f6nnen den Anbieter jederzeit bitten, Ihnen keine Marketingnachrichten mehr zu senden, indem Sie den Abmeldelinks in jeder an Sie gesendeten Marketingnachricht folgen oder sich jederzeit an den Anbieter wenden. Wenn Sie sich gegen den Erhalt dieser Marketingnachrichten entscheiden, k\u00f6nnen Sie dennoch Nachrichten zu anderen Zwecken erhalten (z. B. um Ihnen die entsprechenden auftrags- oder produktbezogenen Informationen zukommen zu lassen).<\/li>\n\n\n\n<li>Der Anbieter kann die Daten, die er von Ihnen sammelt, an bestimmte Dritte weitergeben, die personenbezogene Daten zur Erbringung ihrer Dienstleistungen f\u00fcr den Anbieter verwenden; diese verwenden die Daten sicher und vertraulich und unter strengen vertraglichen Kontrollen in \u00dcbereinstimmung mit den Datenschutzgesetzen.<\/li>\n\n\n\n<li>Sie k\u00f6nnen Ihre Zustimmung jederzeit widerrufen, nachdem Sie Ihre ausdr\u00fcckliche Zustimmung gegeben haben, indem Sie sich an den Anbieter wenden<\/li>\n<\/ol>\n\n<p><\/p>\n\n<h2 class=\"wp-block-heading\" id=\"h-data-protection\">DATENSCHUTZ<\/h2>\n\n<ol class=\"wp-block-list\">\n<li>Der Lieferant wird alle angemessenen Vorsichtsma\u00dfnahmen ergreifen, um die Einzelheiten Ihrer Bestellung und Zahlung sicher aufzubewahren, doch haftet er nicht f\u00fcr den unbefugten Zugang zu den von Ihnen gelieferten Informationen, es sei denn, der Lieferant handelt fahrl\u00e4ssig.<\/li>\n\n\n\n<li>Der Lieferant beschr\u00e4nkt den Zugang zu Ihren personenbezogenen Daten auf diejenigen Mitarbeiter, Vertreter, Auftragnehmer und sonstige Dritte, die ihn aus gesch\u00e4ftlichen Gr\u00fcnden ben\u00f6tigen. Sie werden Ihre pers\u00f6nlichen Daten nur auf Anweisung des Lieferanten verarbeiten und unterliegen der Schweigepflicht.<\/li>\n\n\n\n<li>Der Anbieter hat Verfahren f\u00fcr den Fall einer vermuteten Verletzung des Schutzes personenbezogener Daten eingerichtet und wird Sie und die zust\u00e4ndigen Aufsichtsbeh\u00f6rden von einer Verletzung benachrichtigen, sofern der Anbieter gesetzlich dazu verpflichtet ist.<\/li>\n<\/ol>\n\n<p><\/p>\n\n<h2 class=\"wp-block-heading\" id=\"h-privacy-policy\">DATENSCHUTZPOLITIK<\/h2>\n\n<ol class=\"wp-block-list\">\n<li>Der Anbieter speichert weder Kreditkartendaten noch gibt er Kundendaten an unrechtm\u00e4\u00dfige Dritte weiter.<\/li>\n\n\n\n<li>Der Anbieter wird Ihre personenbezogenen Daten nur so lange aufbewahren, wie es f\u00fcr die Erf\u00fcllung der Zwecke, f\u00fcr die der Anbieter sie erhoben hat, erforderlich ist, einschlie\u00dflich der Erf\u00fcllung gesetzlicher, buchhalterischer oder meldepflichtiger Anforderungen.<\/li>\n\n\n\n<li>Der Lieferant wird die Daten unserer Kunden in der Regel f\u00fcr einen Zeitraum von 6 (sechs) Jahren nach Vertragsende aufbewahren, um sicherzustellen, dass der Lieferant in der Lage ist, Ihnen bei Fragen oder R\u00fcckmeldungen in Bezug auf die Produkte des Lieferanten zu helfen, oder um unsere gesetzlichen Rechte zu sch\u00fctzen oder zu verteidigen, oder f\u00fcr steuerliche Zwecke.<\/li>\n\n\n\n<li>Wenn der Anbieter Ihre personenbezogenen Daten verarbeitet hat, um Ihnen mit Ihrer Zustimmung Marketingmitteilungen zukommen zu lassen, kann er sich mindestens alle zw\u00f6lf (12) Monate mit Ihnen in Verbindung setzen, um sicherzustellen, dass Sie damit einverstanden sind, weiterhin solche Mitteilungen zu erhalten. Wenn Sie dem Anbieter mitteilen, dass Sie keine derartigen Mitteilungen mehr erhalten m\u00f6chten, werden Ihre personenbezogenen Daten aus den Marketinglisten des Anbieters gestrichen (sie werden jedoch in eine Liste mit der Aufforderung zur Kontaktaufnahme aufgenommen).<\/li>\n\n\n\n<li>Wenn der Anbieter Ihre Daten aus einem anderen Grund verarbeitet hat (z. B. wenn Sie sich mit einer Frage zu Produkten oder Dienstleistungen an den Anbieter gewandt haben), speichert der Anbieter Ihre Daten f\u00fcr zw\u00f6lf (12) Monate.<\/li>\n\n\n\n<li>Unter bestimmten Umst\u00e4nden kann der Anbieter Ihre personenbezogenen Daten f\u00fcr Forschungs- oder statistische Zwecke anonymisieren (so dass sie nicht mehr mit Ihnen in Verbindung gebracht werden k\u00f6nnen); in diesem Fall kann der Anbieter diese Informationen ohne weitere Mitteilung an Sie auf unbestimmte Zeit verwenden.<\/li>\n\n\n\n<li>Unter bestimmten Umst\u00e4nden haben Sie nach den Datenschutzgesetzen Rechte in Bezug auf Ihre personenbezogenen Daten. Diese Rechte werden im Folgenden n\u00e4her erl\u00e4utert:\n<ol class=\"wp-block-list\">\n<li>Zugang zu Ihren personenbezogenen Daten beantragen (allgemein als \"Antrag auf Zugang zu den Daten\" bekannt). Auf diese Weise k\u00f6nnen Sie eine Kopie der personenbezogenen Daten erhalten, die der Anbieter \u00fcber Sie gespeichert hat, und \u00fcberpr\u00fcfen, ob der Anbieter sie rechtm\u00e4\u00dfig verarbeitet.<\/li>\n\n\n\n<li>die Berichtigung der personenbezogenen Daten zu verlangen, die der Anbieter \u00fcber Sie gespeichert hat. Auf diese Weise haben Sie die M\u00f6glichkeit, unvollst\u00e4ndige oder unrichtige Daten, die der Anbieter \u00fcber Sie gespeichert hat, berichtigen zu lassen, auch wenn der Anbieter die Richtigkeit der neuen Daten, die Sie dem Anbieter zur Verf\u00fcgung stellen, m\u00f6glicherweise \u00fcberpr\u00fcfen muss.<\/li>\n\n\n\n<li>Sie k\u00f6nnen die L\u00f6schung Ihrer personenbezogenen Daten beantragen. Auf diese Weise k\u00f6nnen Sie den Anbieter auffordern, personenbezogene Daten zu l\u00f6schen oder zu entfernen, wenn es keinen triftigen Grund f\u00fcr den Anbieter gibt, diese weiterhin zu verarbeiten. Sie haben auch das Recht, den Anbieter aufzufordern, Ihre personenbezogenen Daten zu l\u00f6schen oder zu entfernen, wenn Sie erfolgreich von Ihrem Recht Gebrauch gemacht haben, der Verarbeitung zu widersprechen, wenn der Anbieter Ihre Daten m\u00f6glicherweise unrechtm\u00e4\u00dfig verarbeitet hat oder wenn der Anbieter verpflichtet ist, Ihre personenbezogenen Daten zu l\u00f6schen, um lokale Gesetze einzuhalten. Beachten Sie jedoch, dass der Anbieter Ihrer Bitte um L\u00f6schung aus bestimmten rechtlichen Gr\u00fcnden, die Ihnen ggf. zum Zeitpunkt Ihrer Bitte mitgeteilt werden, nicht immer nachkommen kann.<\/li>\n\n\n\n<li>Einspruch gegen die Verarbeitung Ihrer personenbezogenen Daten, wenn sich der Anbieter auf ein berechtigtes Interesse (oder das eines Dritten) beruft und Sie aufgrund Ihrer besonderen Situation Einspruch gegen die Verarbeitung erheben m\u00f6chten, da Sie der Meinung sind, dass diese Ihre Grundrechte und -freiheiten beeintr\u00e4chtigt. Sie haben auch das Recht, Einspruch zu erheben, wenn der Lieferant Ihre personenbezogenen Daten f\u00fcr Direktmarketingzwecke verarbeitet. In einigen F\u00e4llen kann der Anbieter nachweisen, dass er zwingende legitime Gr\u00fcnde f\u00fcr die Verarbeitung Ihrer Daten hat, die Vorrang vor Ihren Rechten und Freiheiten haben.<\/li>\n\n\n\n<li>die Einschr\u00e4nkung der Verarbeitung Ihrer personenbezogenen Daten verlangen. So k\u00f6nnen Sie den Anbieter bitten, die Verarbeitung Ihrer personenbezogenen Daten in folgenden F\u00e4llen auszusetzen: wenn Sie m\u00f6chten, dass der Anbieter die Richtigkeit der Daten feststellt; wenn die Verwendung der Daten durch den Anbieter unrechtm\u00e4\u00dfig ist, Sie aber nicht m\u00f6chten, dass der Anbieter die Daten l\u00f6scht; wenn Sie die Daten beim Anbieter aufbewahren m\u00fcssen, auch wenn der Anbieter sie nicht mehr ben\u00f6tigt, da Sie sie ben\u00f6tigen, um Rechtsanspr\u00fcche zu begr\u00fcnden, auszu\u00fcben oder zu verteidigen; oder wenn Sie der Verwendung Ihrer Daten durch den Anbieter widersprochen haben, der Anbieter aber pr\u00fcfen muss, ob er zwingende berechtigte Gr\u00fcnde f\u00fcr die Verwendung der Daten hat.<\/li>\n\n\n\n<li>die \u00dcbermittlung Ihrer personenbezogenen Daten (als betroffene Person) an Sie oder an einen Dritten beantragen. die Einwilligung jederzeit zu widerrufen, wenn sich der Anbieter auf die Einwilligung zur Verarbeitung Ihrer personenbezogenen Daten beruft. Dies hat jedoch keinen Einfluss auf die Rechtm\u00e4\u00dfigkeit der Verarbeitung, die vor dem Widerruf Ihrer Einwilligung erfolgt ist. Wenn Sie Ihre Zustimmung zur\u00fcckziehen, kann der Anbieter Ihnen m\u00f6glicherweise bestimmte Produkte oder Dienstleistungen nicht mehr zur Verf\u00fcgung stellen. Der Anbieter wird Sie zu dem Zeitpunkt, an dem Sie Ihre Zustimmung zur\u00fcckziehen, darauf hinweisen, wenn dies der Fall ist. Wenn Sie eines der oben genannten Rechte aus\u00fcben m\u00f6chten, wenden Sie sich bitte direkt an den Anbieter \u00fcber dessen Kontaktinformationen.<\/li>\n\n\n\n<li>In der Regel ist keine Geb\u00fchr erforderlich, und Sie m\u00fcssen auch keine Geb\u00fchr zahlen, um Zugang zu Ihren personenbezogenen Daten zu erhalten (oder um eines der anderen Rechte auszu\u00fcben). Der Anbieter kann jedoch eine angemessene Geb\u00fchr erheben, wenn Ihre Anfrage offensichtlich unbegr\u00fcndet, wiederholend oder \u00fcbertrieben ist. Der Anbieter kann sich unter diesen Umst\u00e4nden auch weigern, Ihrem Ersuchen nachzukommen.<\/li>\n<\/ol>\n<\/li>\n\n\n\n<li>Es kann sein, dass der Anbieter bestimmte Informationen von Ihnen anfordern muss, um Ihre Identit\u00e4t zu best\u00e4tigen und Ihr Recht auf Zugang zu Ihren personenbezogenen Daten (oder die Aus\u00fcbung Ihrer anderen Rechte) zu gew\u00e4hrleisten. Dies ist eine Sicherheitsma\u00dfnahme, um zu gew\u00e4hrleisten, dass personenbezogene Daten nicht an Personen weitergegeben werden, die nicht berechtigt sind, sie zu erhalten. Der Anbieter kann sich auch mit Ihnen in Verbindung setzen, um Sie um weitere Informationen im Zusammenhang mit Ihrer Anfrage zu bitten, damit der Anbieter schneller reagieren kann.<\/li>\n\n\n\n<li>Sie haben das Recht, jederzeit eine Beschwerde bei der ICO, der britischen Aufsichtsbeh\u00f6rde f\u00fcr Datenschutzfragen, einzureichen (unter www.ico.org.uk). Der Anbieter w\u00fcrde es jedoch zu sch\u00e4tzen wissen, wenn er sich mit Ihrem Anliegen befassen k\u00f6nnte, bevor Sie sich an die ICO wenden, weshalb Sie sich bitte zun\u00e4chst an uns wenden.<\/li>\n<\/ol>\n\n<p><\/p>\n\n<p class=\"has-text-align-center\">Datenschutzrichtlinie zuletzt aktualisiert: 16 September, 2022 - 1:56PM.<\/p>\n","protected":false},"excerpt":{"rendered":"<p>COOKIE-POLITIK Cookie-Richtlinie zuletzt aktualisiert: 16 September, 2022 - 1:56PM. DATENSCHUTZPOLITIK Navigation DATENERFASSUNG DATENVERARBEITUNG DATENSCHUTZ DATENSCHUTZPOLITIK Datenschutzrichtlinie zuletzt aktualisiert: 16 September, 2022 - 1:56PM.<\/p>\n","protected":false},"author":5,"featured_media":0,"parent":0,"menu_order":0,"comment_status":"closed","ping_status":"closed","template":"","meta":{"footnotes":""},"class_list":["post-25615","page","type-page","status-publish"],"aioseo_notices":[],"_links":{"self":[{"href":"https:\/\/droix.net\/blogs\/de\/wp-json\/wp\/v2\/pages\/25615","targetHints":{"allow":["GET"]}}],"collection":[{"href":"https:\/\/droix.net\/blogs\/de\/wp-json\/wp\/v2\/pages"}],"about":[{"href":"https:\/\/droix.net\/blogs\/de\/wp-json\/wp\/v2\/types\/page"}],"author":[{"embeddable":true,"href":"https:\/\/droix.net\/blogs\/de\/wp-json\/wp\/v2\/users\/5"}],"replies":[{"embeddable":true,"href":"https:\/\/droix.net\/blogs\/de\/wp-json\/wp\/v2\/comments?post=25615"}],"version-history":[{"count":2,"href":"https:\/\/droix.net\/blogs\/de\/wp-json\/wp\/v2\/pages\/25615\/revisions"}],"predecessor-version":[{"id":280720,"href":"https:\/\/droix.net\/blogs\/de\/wp-json\/wp\/v2\/pages\/25615\/revisions\/280720"}],"wp:attachment":[{"href":"https:\/\/droix.net\/blogs\/de\/wp-json\/wp\/v2\/media?parent=25615"}],"curies":[{"name":"wp","href":"https:\/\/api.w.org\/{rel}","templated":true}]}}