{"id":25628,"date":"2021-09-07T16:06:06","date_gmt":"2021-09-07T15:06:06","guid":{"rendered":"https:\/\/droix.co.uk\/blogs\/politica-de-privacidad\/"},"modified":"2025-05-27T15:49:03","modified_gmt":"2025-05-27T14:49:03","slug":"politica-de-privacidad","status":"publish","type":"page","link":"https:\/\/droix.net\/blogs\/es\/politica-de-privacidad\/","title":{"rendered":"Pol\u00edtica de privacidad y cookies"},"content":{"rendered":"\n<h2 class=\"wp-block-heading\" id=\"h-cookie-policy\">POL\u00cdTICA DE COOKIES<\/h2>\n\n<p><\/p>\n\n<ol class=\"wp-block-list\">\n<li>Estas condiciones de venta se aplican a todos los productos suministrados por Entertainment Gadgets LTD DBA DROIX, con domicilio social en Unit 54C, North Woolwich Road, E16 2AA, Londres, Reino Unido, (el Proveedor).\n<ol class=\"wp-block-list\">\n<li>En el contrato establecido, las referencias son a: Nosotros (Entertainment Gadgets LTD DBA DROIX) somos el Proveedor, y t\u00fa (el Cliente)<\/li>\n<\/ol>\n<\/li>\n<\/ol>\n\n<ol class=\"wp-block-list\">\n<li>El sitio web del Proveedor utiliza cookies para distinguir al cliente, es decir, a Usted, de otros usuarios del sitio web. Esto ayuda al Proveedor a proporcionarle una buena experiencia cuando navega por el sitio web del Proveedor y tambi\u00e9n permite al Proveedor mejorar nuestro sitio. Al continuar navegando por el sitio, usted acepta el uso de cookies por parte del Proveedor.<\/li>\n\n\n\n<li>Una cookie es un peque\u00f1o archivo de letras y n\u00fameros que el Proveedor almacena en su navegador o en el disco duro de su ordenador o tel\u00e9fono m\u00f3vil si usted est\u00e1 de acuerdo. Las cookies contienen informaci\u00f3n que se transfiere al disco duro de su ordenador.<\/li>\n\n\n\n<li>El Proveedor utiliza las siguientes cookies:\n<ol class=\"wp-block-list\">\n<li>Cookies estrictamente necesarias. Son cookies necesarias para el funcionamiento del sitio web del proveedor. Incluyen, por ejemplo, las cookies que le permiten iniciar sesi\u00f3n en \u00e1reas seguras del sitio web del proveedor y realizar transacciones.<\/li>\n\n\n\n<li>Cookies anal\u00edticas\/de rendimiento. Permiten al Proveedor reconocer y contar el n\u00famero de visitantes y ver c\u00f3mo se mueven los visitantes por el sitio web del Proveedor cuando lo utilizan. Esto ayuda al proveedor a mejorar el funcionamiento del sitio web, por ejemplo, garantizando que los usuarios encuentren lo que buscan f\u00e1cilmente y sin complicaciones.<\/li>\n\n\n\n<li>El proveedor utiliza cookies de Google Analytics. Google Analytics recopila informaci\u00f3n de forma an\u00f3nima. Informa de las tendencias del sitio web sin identificar a los visitantes individuales. Puede excluirse de Google Analytics sin que ello afecte al modo en que se visita este sitio. Para obtener m\u00e1s informaci\u00f3n sobre Google Analytics, haga clic aqu\u00ed.<\/li>\n\n\n\n<li>Cookies de orientaci\u00f3n. Estas cookies registran su visita al sitio web del Proveedor, las p\u00e1ginas que ha visitado y los enlaces que ha seguido. El Proveedor utiliza esta informaci\u00f3n para que el sitio web y la publicidad que se muestra en \u00e9l sean m\u00e1s relevantes para sus intereses. El Proveedor tambi\u00e9n puede compartir esta informaci\u00f3n con terceros para este fin.<\/li>\n<\/ol>\n<\/li>\n\n\n\n<li>Tenga en cuenta que los terceros (incluyendo, por ejemplo, las redes de publicidad y los proveedores de servicios externos como los servicios de an\u00e1lisis de tr\u00e1fico web) tambi\u00e9n pueden utilizar cookies, sobre las que el Proveedor no tiene ning\u00fan control. Es probable que estas cookies sean cookies anal\u00edticas\/de rendimiento o cookies de orientaci\u00f3n.<\/li>\n\n\n\n<li>Puede bloquear las cookies activando la configuraci\u00f3n de su navegador que le permite rechazar la instalaci\u00f3n de todas o algunas cookies. No obstante, si utiliza la configuraci\u00f3n de su navegador para bloquear todas las cookies (incluidas las esenciales), es posible que no pueda acceder a la totalidad o a partes del sitio web del Proveedor.<\/li>\n<\/ol>\n\n<p><\/p>\n\n<p class=\"has-text-align-center\">\u00daltima actualizaci\u00f3n de la pol\u00edtica de cookies: 16 September, 2022 - 1:56PM.<\/p>\n\n<h2 class=\"wp-block-heading\">POL\u00cdTICA DE PRIVACIDAD<\/h2>\n\n<p><\/p>\n\n<ol class=\"wp-block-list\">\n<li>Estas condiciones de venta se aplican a todos los productos suministrados por Entertainment Gadgets LTD DBA DROIX, con domicilio social en Unit 54C, North Woolwich Road, E16 2AA, Londres, Reino Unido, (el Proveedor).\n<ol class=\"wp-block-list\">\n<li>En el contrato establecido, las referencias son a: Nosotros (Entertainment Gadgets LTD DBA DROIX) somos el Proveedor, y t\u00fa (el Cliente)<\/li>\n<\/ol>\n<\/li>\n<\/ol>\n\n<h2 class=\"wp-block-heading\" id=\"h-navigation\">Navegaci\u00f3n<\/h2>\n\n<ul class=\"wp-block-list\">\n<li>RECOGIDA DE DATOS<\/li>\n\n\n\n<li>PROCESAMIENTO DE DATOS<\/li>\n\n\n\n<li>PROTECCI\u00d3N DE DATOS<\/li>\n\n\n\n<li>POL\u00cdTICA DE PRIVACIDAD<\/li>\n<\/ul>\n\n<h2 class=\"wp-block-heading\" id=\"h-data-collection\">RECOGIDA DE DATOS<\/h2>\n\n<ol class=\"wp-block-list\">\n<li>El Proveedor recopila informaci\u00f3n personal de usted cuando compra los productos del Proveedor.<\/li>\n\n\n\n<li>El Proveedor recopila informaci\u00f3n personal de usted y de cualquier dispositivo (incluidos los dispositivos m\u00f3viles) que utilice cuando: se registre en una cuenta con nosotros, proporcione al Proveedor informaci\u00f3n en un formulario web, actualice o a\u00f1ada informaci\u00f3n a su cuenta, participe en un foro de soporte o cuando mantenga cualquier otro tipo de correspondencia con el Proveedor.\n<ol class=\"wp-block-list\">\n<li>Algunos de estos datos personales, como la forma de identificarle, son necesarios para aceptar las condiciones de servicio del proveedor. El suministro de cualquier otra informaci\u00f3n personal es voluntario, pero puede ser necesario para utilizar nuestros Servicios, como la participaci\u00f3n en sorteos o la informaci\u00f3n necesaria para concluir una transacci\u00f3n.<\/li>\n<\/ol>\n<\/li>\n\n\n\n<li>Informaci\u00f3n personal que usted proporciona al Proveedor cuando realiza una compra o se registra en una cuenta con el Proveedor:\n<ol class=\"wp-block-list\">\n<li>Informaci\u00f3n identificativa como su nombre, direcciones, n\u00fameros de tel\u00e9fono o direcciones de correo electr\u00f3nico cuando se registra en una cuenta con nosotros.<\/li>\n\n\n\n<li>La informaci\u00f3n de los pedidos que se conectan a su cuenta como resultado de una transacci\u00f3n en la que usted participa.<\/li>\n\n\n\n<li>Otros contenidos que usted genere, o que est\u00e9n relacionados con su cuenta (como a\u00f1adir art\u00edculos a su cesta).<\/li>\n\n\n\n<li>Informaci\u00f3n financiera (como n\u00fameros de tarjetas de cr\u00e9dito o cuentas bancarias) en relaci\u00f3n con una transacci\u00f3n.<\/li>\n\n\n\n<li>Los datos de env\u00edo, facturaci\u00f3n y otros utilizados para comprar o enviar un art\u00edculo, as\u00ed como la informaci\u00f3n de env\u00edo pertinente (como los n\u00fameros de seguimiento y las actualizaciones de seguimiento).<\/li>\n\n\n\n<li>Tambi\u00e9n puede proporcionar al Proveedor otra informaci\u00f3n a trav\u00e9s de un formulario web, actualizando o a\u00f1adiendo informaci\u00f3n a su cuenta, a trav\u00e9s de su participaci\u00f3n en discusiones del foro, solicitudes de apoyo, o cuando se comunique de otra manera con el Proveedor en relaci\u00f3n con los bienes y servicios del Proveedor.<\/li>\n\n\n\n<li>Informaci\u00f3n adicional que el Proveedor est\u00e1 obligado o autorizado por las leyes nacionales aplicables a recoger y procesar para autenticar o identificar a usted o para verificar la informaci\u00f3n que el Proveedor ha recogido.<\/li>\n<\/ol>\n<\/li>\n\n\n\n<li>Informaci\u00f3n personal que el Proveedor recopila autom\u00e1ticamente cuando usted utiliza para realizar una compra o registrarse en una cuenta con el Proveedor:\n<ol class=\"wp-block-list\">\n<li>El Proveedor recoge informaci\u00f3n sobre su interacci\u00f3n con el sitio web, sus preferencias publicitarias y sus comunicaciones con el Proveedor. Se trata de la informaci\u00f3n que el Proveedor recibe de los dispositivos (incluidos los dispositivos m\u00f3viles) que usted utiliza cuando accede a las partes del sitio web del Proveedor. Esta informaci\u00f3n podr\u00eda incluir lo siguiente ID del dispositivo o identificador \u00fanico, tipo de dispositivo, ID para publicidad y token \u00fanico del dispositivo.<\/li>\n\n\n\n<li>Informaci\u00f3n de localizaci\u00f3n, incluida la informaci\u00f3n de localizaci\u00f3n de su dispositivo m\u00f3vil. Ten en cuenta que la mayor\u00eda de los dispositivos m\u00f3viles te permiten controlar o desactivar el uso de los servicios de localizaci\u00f3n por parte de cualquier aplicaci\u00f3n de tu dispositivo m\u00f3vil en el men\u00fa de configuraci\u00f3n del mismo.<\/li>\n\n\n\n<li>Informaci\u00f3n sobre el ordenador y la conexi\u00f3n, como estad\u00edsticas sobre las p\u00e1ginas vistas, el tr\u00e1fico hacia y desde los sitios, la URL de referencia, los datos de los anuncios, su direcci\u00f3n IP, su historial de navegaci\u00f3n y la informaci\u00f3n de su registro web.<\/li>\n<\/ol>\n<\/li>\n\n\n\n<li>Informaci\u00f3n personal que el Proveedor recopila utilizando cookies y tecnolog\u00edas similares\n<ol class=\"wp-block-list\">\n<li>El Proveedor utiliza cookies, balizas web, identificadores \u00fanicos y tecnolog\u00edas similares para recopilar informaci\u00f3n sobre las p\u00e1ginas que usted ve, los enlaces en los que hace clic y otras acciones que realiza cuando navega por el sitio web del Proveedor, dentro de la publicidad del Proveedor o el contenido del correo electr\u00f3nico. Para m\u00e1s informaci\u00f3n sobre el uso de estas tecnolog\u00edas, y c\u00f3mo controlarlas, consulte nuestra Pol\u00edtica de Cookies<\/li>\n<\/ol>\n<\/li>\n\n\n\n<li>Informaci\u00f3n personal recogida de otras fuentes\n<ol class=\"wp-block-list\">\n<li>El Proveedor complementa la informaci\u00f3n personal que recopila directamente con informaci\u00f3n recogida de terceros y la a\u00f1ade a la informaci\u00f3n de su cuenta. Por ejemplo, el Proveedor recopila y utiliza informaci\u00f3n demogr\u00e1fica y de otro tipo que est\u00e1 disponible p\u00fablicamente en una jurisdicci\u00f3n aplicable, informaci\u00f3n de contacto adicional, informaci\u00f3n de comprobaci\u00f3n de cr\u00e9dito e informaci\u00f3n de agencias de cr\u00e9dito, seg\u00fan lo permitido por las leyes nacionales aplicables.<\/li>\n\n\n\n<li>Medios de comunicaci\u00f3n social: el Proveedor le permite compartir informaci\u00f3n con sitios de medios de comunicaci\u00f3n social, o utilizar sitios de medios de comunicaci\u00f3n social para crear su cuenta o conectar su cuenta con el sitio de medios de comunicaci\u00f3n social respectivo. Estos sitios de redes sociales pueden dar al Proveedor un acceso autom\u00e1tico a cierta informaci\u00f3n personal que conservan sobre usted (por ejemplo, el contenido que ha visto, el contenido que le ha gustado y la informaci\u00f3n sobre los anuncios que se le han mostrado o en los que ha hecho clic, etc.). Si usted proporciona al Proveedor el acceso a cualquier sitio con contenido de video, entonces usted acepta que el Proveedor pueda compartir su visualizaci\u00f3n de video con, u obtener informaci\u00f3n sobre su visualizaci\u00f3n de video de, sitios de medios sociales de terceros durante al menos dos a\u00f1os o hasta que usted retire la autorizaci\u00f3n o la conexi\u00f3n al sitio de medios sociales. Usted controla la informaci\u00f3n personal a la que permite que el Proveedor tenga acceso a trav\u00e9s de la configuraci\u00f3n de privacidad en el sitio de medios sociales aplicable y los permisos que le otorga al Proveedor cuando le concede acceso a la informaci\u00f3n personal que el respectivo sitio de medios sociales conserva sobre usted. Al asociar una cuenta gestionada por un sitio de medios sociales con su cuenta y autorizar al Proveedor a tener acceso a esta informaci\u00f3n, usted acepta que el Proveedor pueda recopilar, utilizar y conservar la informaci\u00f3n proporcionada por estos sitios de medios sociales de acuerdo con este aviso de privacidad. El Proveedor tambi\u00e9n puede utilizar plugins u otras tecnolog\u00edas de varios sitios de redes sociales. Si hace clic en un enlace proporcionado a trav\u00e9s de un plugin de medios sociales, est\u00e1 estableciendo voluntariamente una conexi\u00f3n con ese sitio de medios sociales respectivo.<\/li>\n\n\n\n<li>Si usted proporciona al Proveedor informaci\u00f3n personal sobre otra persona, debe hacerlo s\u00f3lo con la autorizaci\u00f3n de esa persona. Debe informarles de c\u00f3mo el proveedor recoge, utiliza, divulga y retiene su informaci\u00f3n personal de acuerdo con los t\u00e9rminos y condiciones del proveedor.<\/li>\n<\/ol>\n<\/li>\n\n\n\n<li>Informaci\u00f3n para ayudar al Proveedor a prestarle el servicio.\n<ol class=\"wp-block-list\">\n<li>El Proveedor colabora estrechamente con terceros para ayudarle a prestar sus servicios. Estos terceros son socios comerciales en servicios t\u00e9cnicos, de pago y de entrega, redes de publicidad, proveedores de an\u00e1lisis, proveedores de informaci\u00f3n de b\u00fasqueda, agencias de referencia de cr\u00e9dito, agencias de prevenci\u00f3n de fraudes y desarrolladores. La informaci\u00f3n que el Proveedor puede recopilar sobre usted de dichas partes puede incluir informaci\u00f3n de b\u00fasqueda de cr\u00e9dito, informaci\u00f3n que ayuda al Proveedor a verificar su identidad o informaci\u00f3n relacionada con sus transacciones de pago.<\/li>\n\n\n\n<li>Si usted lo permite, el Proveedor recopilar\u00e1 listas de amigos de Facebook e informaci\u00f3n similar de otros terceros, como Twitter y Google, y el Proveedor podr\u00e1 volver a recopilar peri\u00f3dicamente esta informaci\u00f3n para mantenerse actualizado.<\/li>\n<\/ol>\n<\/li>\n<\/ol>\n\n<p><\/p>\n\n<h2 class=\"wp-block-heading\" id=\"h-data-processing\">PROCESAMIENTO DE DATOS<\/h2>\n\n<ol class=\"wp-block-list\">\n<li>El Proveedor s\u00f3lo utilizar\u00e1 sus datos personales cuando la ley lo permita. Lo m\u00e1s habitual es que el Proveedor utilice sus datos personales (como la Informaci\u00f3n enviada, la Informaci\u00f3n de ubicaci\u00f3n o la informaci\u00f3n de las transacciones) para formarse una idea de lo que el Proveedor cree que usted puede querer o necesitar, o de lo que puede ser de su inter\u00e9s.<\/li>\n\n\n\n<li>El Proveedor s\u00f3lo utilizar\u00e1 sus datos personales para los fines para los que los recopil\u00f3, a menos que el Proveedor considere razonablemente que necesita utilizarlos para otro motivo y que \u00e9ste sea compatible con el prop\u00f3sito original.<\/li>\n\n\n\n<li>Si usted da su consentimiento expreso, el Proveedor puede utilizar sus datos de identidad, contacto, t\u00e9cnicos, de uso y\/o de perfil para formarse una opini\u00f3n sobre lo que el Proveedor cree que usted puede querer o necesitar, o lo que puede ser de su inter\u00e9s. Puede retirar su consentimiento en cualquier momento. En algunas circunstancias limitadas, el Proveedor puede ponerse en contacto con usted para informarle sobre productos similares cuando usted haya comprado productos del Proveedor y no haya optado por no recibir esta informaci\u00f3n.<\/li>\n\n\n\n<li>Exclusi\u00f3n \/ Anulaci\u00f3n de la suscripci\u00f3n: puede solicitar al Proveedor que deje de enviarle mensajes de marketing en cualquier momento siguiendo los enlaces de anulaci\u00f3n de la suscripci\u00f3n que aparecen en cualquier mensaje de marketing que se le env\u00ede o poni\u00e9ndose en contacto con el Proveedor en cualquier momento. Si opta por no recibir estos mensajes de marketing, puede seguir recibiendo mensajes con otros fines (como proporcionarle la informaci\u00f3n pertinente relacionada con el pedido o el producto).<\/li>\n\n\n\n<li>El Proveedor puede revelar los datos que recopila de usted a determinados terceros que utilizan los datos personales en la prestaci\u00f3n de sus servicios al Proveedor, que utilizan los datos de forma segura y confidencial y bajo estrictos controles contractuales de acuerdo con las leyes de protecci\u00f3n de datos.<\/li>\n\n\n\n<li>Puede retirar su consentimiento en cualquier momento despu\u00e9s de dar su consentimiento expl\u00edcito poni\u00e9ndose en contacto con el proveedor<\/li>\n<\/ol>\n\n<p><\/p>\n\n<h2 class=\"wp-block-heading\" id=\"h-data-protection\">PROTECCI\u00d3N DE DATOS<\/h2>\n\n<ol class=\"wp-block-list\">\n<li>El Proveedor tomar\u00e1 todas las precauciones razonables para mantener la seguridad de los detalles de su pedido y del pago, pero a menos que el Proveedor sea negligente, no ser\u00e1 responsable del acceso no autorizado a la informaci\u00f3n suministrada por usted.<\/li>\n\n\n\n<li>El Proveedor limita el acceso a sus datos personales a aquellos empleados, agentes, contratistas y otros terceros que tengan una necesidad comercial de conocerlos. S\u00f3lo tratar\u00e1n sus datos personales siguiendo las instrucciones del Proveedor y est\u00e1n sujetos a un deber de confidencialidad.<\/li>\n\n\n\n<li>El Proveedor ha establecido procedimientos para tratar cualquier sospecha de violaci\u00f3n de datos personales y le notificar\u00e1 a usted y a cualquier regulador aplicable de una violaci\u00f3n cuando el Proveedor est\u00e9 legalmente obligado a hacerlo.<\/li>\n<\/ol>\n\n<p><\/p>\n\n<h2 class=\"wp-block-heading\" id=\"h-privacy-policy\">POL\u00cdTICA DE PRIVACIDAD<\/h2>\n\n<ol class=\"wp-block-list\">\n<li>El Proveedor no almacena los datos de las tarjetas de cr\u00e9dito ni comparte los datos de los clientes con terceros ileg\u00edtimos.<\/li>\n\n\n\n<li>El Proveedor s\u00f3lo conservar\u00e1 sus datos personales durante el tiempo que sea necesario para cumplir con los fines para los que los recogi\u00f3, incluidos los fines de satisfacer cualquier requisito legal, contable o de informaci\u00f3n.<\/li>\n\n\n\n<li>Por lo general, el Proveedor conservar\u00e1 los datos de nuestros clientes durante un per\u00edodo de 6 (seis) a\u00f1os tras la finalizaci\u00f3n de un contrato, para garantizar que el Proveedor pueda asistirle en caso de que tenga alguna pregunta o comentario en relaci\u00f3n con los productos del Proveedor o para proteger o defender nuestros derechos legales, o con fines fiscales.<\/li>\n\n\n\n<li>Cuando el Proveedor haya tratado sus datos personales para proporcionarle comunicaciones de marketing con consentimiento, el Proveedor podr\u00e1 ponerse en contacto con usted al menos cada doce (12) meses para asegurarse de que est\u00e1 conforme con seguir recibiendo dichas comunicaciones. Si usted comunica al Proveedor que no desea seguir recibiendo dichas comunicaciones, sus datos personales ser\u00e1n eliminados de las listas de marketing del Proveedor (pero ser\u00e1n a\u00f1adidos a una lista de \"no contactar\").<\/li>\n\n\n\n<li>Cuando el Proveedor haya procesado sus datos por cualquier otro motivo (como cuando usted se haya puesto en contacto con el Proveedor para formular una pregunta en relaci\u00f3n con los productos o servicios), el Proveedor conservar\u00e1 sus datos durante doce (12) meses.<\/li>\n\n\n\n<li>En algunas circunstancias, el Proveedor puede anonimizar sus datos personales (de modo que ya no puedan asociarse con usted) con fines de investigaci\u00f3n o estad\u00edsticos, en cuyo caso el Proveedor puede utilizar esta informaci\u00f3n indefinidamente sin notific\u00e1rselo a usted.<\/li>\n\n\n\n<li>En determinadas circunstancias, usted tiene derechos en virtud de las leyes de protecci\u00f3n de datos en relaci\u00f3n con sus datos personales. Estos derechos se detallan a continuaci\u00f3n:\n<ol class=\"wp-block-list\">\n<li>Solicitar el acceso a sus datos personales (com\u00fanmente conocido como \"solicitud de acceso del interesado\"). Esto le permite recibir una copia de los datos personales que el proveedor tiene sobre usted y comprobar que el proveedor los est\u00e1 tratando legalmente.<\/li>\n\n\n\n<li>Solicitar la correcci\u00f3n de los datos personales que el Proveedor tiene sobre usted. Esto le permite hacer que se corrijan los datos incompletos o inexactos que el Proveedor tiene sobre usted, aunque el Proveedor puede necesitar verificar la exactitud de los nuevos datos que usted proporciona al Proveedor.<\/li>\n\n\n\n<li>Solicitar la eliminaci\u00f3n de sus datos personales. Esto le permite pedir al proveedor que borre o elimine los datos personales cuando no haya una buena raz\u00f3n para que el proveedor siga trat\u00e1ndolos. Tambi\u00e9n tiene derecho a pedir al Proveedor que borre o elimine sus datos personales cuando haya ejercido con \u00e9xito su derecho a oponerse al tratamiento, cuando el Proveedor pueda haber tratado su informaci\u00f3n de forma ilegal o cuando el Proveedor est\u00e9 obligado a borrar sus datos personales para cumplir con la legislaci\u00f3n local. No obstante, tenga en cuenta que el Proveedor no siempre podr\u00e1 atender su solicitud de borrado por motivos legales espec\u00edficos que le ser\u00e1n notificados, si procede, en el momento de su solicitud.<\/li>\n\n\n\n<li>Oponerse al tratamiento de sus datos personales cuando el Proveedor se base en un inter\u00e9s leg\u00edtimo (o en los de un tercero) y haya algo en su situaci\u00f3n particular que le haga oponerse al tratamiento por este motivo, ya que considera que afecta a sus derechos y libertades fundamentales. Tambi\u00e9n tiene derecho a oponerse cuando el Proveedor est\u00e9 tratando sus datos personales con fines de marketing directo. En algunos casos, el Proveedor puede demostrar que tiene motivos leg\u00edtimos imperiosos para procesar su informaci\u00f3n que prevalecen sobre sus derechos y libertades.<\/li>\n\n\n\n<li>Solicitar la restricci\u00f3n del tratamiento de sus datos personales. Esto le permite solicitar al Proveedor que suspenda el tratamiento de sus datos personales en los siguientes casos: si desea que el Proveedor determine la exactitud de los datos; si el uso de los datos por parte del Proveedor es ilegal, pero no desea que los borre; si necesita que el Proveedor conserve los datos aunque ya no los necesite, ya que los necesita para establecer, ejercer o defender reclamaciones legales; o si se ha opuesto al uso de sus datos por parte del Proveedor, pero \u00e9ste necesita verificar si tiene motivos leg\u00edtimos imperiosos para utilizarlos.<\/li>\n\n\n\n<li>Solicitar la transferencia de sus datos personales (como interesado) a usted o a un tercero. Retirar el consentimiento en cualquier momento cuando el Proveedor se base en el consentimiento para tratar sus datos personales. Sin embargo, esto no afectar\u00e1 a la legalidad de cualquier tratamiento realizado antes de que usted retire su consentimiento. Si retira su consentimiento, es posible que el Proveedor no pueda proporcionarle determinados productos o servicios. El Proveedor le informar\u00e1 si este es el caso en el momento en que usted retire su consentimiento. Si desea ejercer alguno de los derechos mencionados anteriormente, p\u00f3ngase en contacto directamente con el proveedor a trav\u00e9s de su informaci\u00f3n de contacto.<\/li>\n\n\n\n<li>Por lo general, no es necesario pagar una tasa para acceder a sus datos personales (o para ejercer cualquiera de los otros derechos). Sin embargo, el Proveedor puede cobrar una tarifa razonable si su solicitud es claramente infundada, repetitiva o excesiva. Alternativamente, el Proveedor puede negarse a cumplir con su solicitud en estas circunstancias.<\/li>\n<\/ol>\n<\/li>\n\n\n\n<li>El Proveedor puede necesitar solicitarle informaci\u00f3n espec\u00edfica para ayudar al Proveedor a confirmar su identidad y garantizar su derecho a acceder a sus datos personales (o a ejercer cualquiera de sus otros derechos). Se trata de una medida de seguridad para garantizar que los datos personales no se divulguen a ninguna persona que no tenga derecho a recibirlos. El Proveedor tambi\u00e9n puede ponerse en contacto con usted para pedirle m\u00e1s informaci\u00f3n en relaci\u00f3n con su solicitud para acelerar la respuesta del Proveedor.<\/li>\n\n\n\n<li>Tiene derecho a presentar una reclamaci\u00f3n en cualquier momento ante la ICO, la autoridad de control del Reino Unido en materia de protecci\u00f3n de datos (en www.ico.org.uk). Sin embargo, el proveedor agradecer\u00e1 la oportunidad de tratar sus preocupaciones antes de que se dirija a la OIC, por lo que le rogamos que se ponga en contacto con nosotros en primer lugar.<\/li>\n<\/ol>\n\n<p><\/p>\n\n<p class=\"has-text-align-center\">Pol\u00edtica de privacidad actualizada por \u00faltima vez: 16 septiembre, 2022 - 1:56PM.<\/p>\n","protected":false},"excerpt":{"rendered":"<p>POL\u00cdTICA DE COOKIES \u00daltima actualizaci\u00f3n de la pol\u00edtica de cookies: 16 September, 2022 - 1:56PM. POL\u00cdTICA DE PRIVACIDAD Navegaci\u00f3n RECOGIDA DE DATOS PROCESAMIENTO DE DATOS PROTECCI\u00d3N DE DATOS POL\u00cdTICA DE PRIVACIDAD Pol\u00edtica de privacidad actualizada por \u00faltima vez: 16 septiembre, 2022 - 1:56PM.<\/p>\n","protected":false},"author":5,"featured_media":0,"parent":0,"menu_order":0,"comment_status":"closed","ping_status":"closed","template":"","meta":{"footnotes":""},"class_list":["post-25628","page","type-page","status-publish"],"aioseo_notices":[],"_links":{"self":[{"href":"https:\/\/droix.net\/blogs\/es\/wp-json\/wp\/v2\/pages\/25628","targetHints":{"allow":["GET"]}}],"collection":[{"href":"https:\/\/droix.net\/blogs\/es\/wp-json\/wp\/v2\/pages"}],"about":[{"href":"https:\/\/droix.net\/blogs\/es\/wp-json\/wp\/v2\/types\/page"}],"author":[{"embeddable":true,"href":"https:\/\/droix.net\/blogs\/es\/wp-json\/wp\/v2\/users\/5"}],"replies":[{"embeddable":true,"href":"https:\/\/droix.net\/blogs\/es\/wp-json\/wp\/v2\/comments?post=25628"}],"version-history":[{"count":2,"href":"https:\/\/droix.net\/blogs\/es\/wp-json\/wp\/v2\/pages\/25628\/revisions"}],"predecessor-version":[{"id":280806,"href":"https:\/\/droix.net\/blogs\/es\/wp-json\/wp\/v2\/pages\/25628\/revisions\/280806"}],"wp:attachment":[{"href":"https:\/\/droix.net\/blogs\/es\/wp-json\/wp\/v2\/media?parent=25628"}],"curies":[{"name":"wp","href":"https:\/\/api.w.org\/{rel}","templated":true}]}}