{"id":280859,"date":"2019-12-10T17:32:45","date_gmt":"2019-12-10T17:32:45","guid":{"rendered":"https:\/\/droix.net\/blogs\/votke-meiega-uhendust\/"},"modified":"2025-05-27T15:50:05","modified_gmt":"2025-05-27T14:50:05","slug":"votke-meiega-uhendust","status":"publish","type":"page","link":"https:\/\/droix.net\/blogs\/et\/votke-meiega-uhendust\/","title":{"rendered":"V\u00f5tke meiega \u00fchendust"},"content":{"rendered":"\n<h1>V\u00f5tke meiega \u00fchendust<\/h1>\n\n<div style=\"height:20px\" aria-hidden=\"true\" class=\"wp-block-spacer\"><\/div>\n\n<p>Me tahame pakkuda teile suurep\u00e4raseid kogemusi, mist\u00f5ttu tahame teie arvamust kuulda. Teie tagasiside aitab meil pakkuda teile rohkem \u00fcritusi, mida te armastate, ja teenust, mida te ootate. <\/p>\n\n<hr class=\"wp-block-separator has-css-opacity is-style-default\"\/>\n\n<div class=\"wp-block-media-text alignwide is-stacked-on-mobile\" style=\"grid-template-columns:20% auto\"><figure class=\"wp-block-media-text__media\"><img decoding=\"async\" width=\"194\" height=\"60\" src=\"https:\/\/droix.net\/blogs\/wp-content\/uploads\/2024\/12\/droix-v2-blog-main-logo.png\" alt=\"\" class=\"wp-image-265396 size-full\"\/><\/figure><div class=\"wp-block-media-text__content\">\n<p class=\"has-large-font-size\"><a href=\"https:\/\/go.droix.co.uk\/droix-landing\">\u00d5PPE LISAKS<\/a><\/p>\n<\/div><\/div>\n","protected":false},"excerpt":{"rendered":"<p>V\u00f5tke meiega \u00fchendust Me tahame pakkuda teile suurep\u00e4raseid kogemusi, mist\u00f5ttu tahame teie arvamust kuulda. Teie tagasiside aitab meil pakkuda teile rohkem \u00fcritusi, mida te armastate, ja teenust, mida te ootate. \u00d5PPE LISAKS<\/p>\n","protected":false},"author":5,"featured_media":0,"parent":0,"menu_order":0,"comment_status":"closed","ping_status":"closed","template":"","meta":{"footnotes":""},"class_list":["post-280859","page","type-page","status-publish"],"aioseo_notices":[],"_links":{"self":[{"href":"https:\/\/droix.net\/blogs\/et\/wp-json\/wp\/v2\/pages\/280859","targetHints":{"allow":["GET"]}}],"collection":[{"href":"https:\/\/droix.net\/blogs\/et\/wp-json\/wp\/v2\/pages"}],"about":[{"href":"https:\/\/droix.net\/blogs\/et\/wp-json\/wp\/v2\/types\/page"}],"author":[{"embeddable":true,"href":"https:\/\/droix.net\/blogs\/et\/wp-json\/wp\/v2\/users\/5"}],"replies":[{"embeddable":true,"href":"https:\/\/droix.net\/blogs\/et\/wp-json\/wp\/v2\/comments?post=280859"}],"version-history":[{"count":1,"href":"https:\/\/droix.net\/blogs\/et\/wp-json\/wp\/v2\/pages\/280859\/revisions"}],"predecessor-version":[{"id":280863,"href":"https:\/\/droix.net\/blogs\/et\/wp-json\/wp\/v2\/pages\/280859\/revisions\/280863"}],"wp:attachment":[{"href":"https:\/\/droix.net\/blogs\/et\/wp-json\/wp\/v2\/media?parent=280859"}],"curies":[{"name":"wp","href":"https:\/\/api.w.org\/{rel}","templated":true}]}}