{"id":280892,"date":"2021-09-07T16:06:06","date_gmt":"2021-09-07T15:06:06","guid":{"rendered":"https:\/\/droix.net\/blogs\/kupsised-ja-privaatsuspoliitika\/"},"modified":"2025-05-27T15:50:43","modified_gmt":"2025-05-27T14:50:43","slug":"kupsised-ja-privaatsuspoliitika","status":"publish","type":"page","link":"https:\/\/droix.net\/blogs\/et\/kupsised-ja-privaatsuspoliitika\/","title":{"rendered":"K\u00fcpsised ja privaatsuspoliitika"},"content":{"rendered":"\n<h2 class=\"wp-block-heading\" id=\"h-cookie-policy\">COOKIE-POLIITIKA<\/h2>\n\n<p><\/p>\n\n<ol class=\"wp-block-list\">\n<li>Neid m\u00fc\u00fcgitingimusi kohaldatakse k\u00f5igi kaupade suhtes, mida tarnib Entertainment Gadgets LTD DBA DROIX, mille registrij\u00e4rgne asukoht on Unit 54C, North Woolwich Road, E16 2AA, London, \u00dchendkuningriik (edaspidi \u201etarnija\u201c).\n<ol class=\"wp-block-list\">\n<li>K\u00e4esolevas lepingus viidatakse j\u00e4rgmistele dokumentidele: Meie (Entertainment Gadgets LTD DBA DROIX) oleme tarnija ja teie (klient).<\/li>\n<\/ol>\n<\/li>\n<\/ol>\n\n<ol class=\"wp-block-list\">\n<li>Tarnija veebisait kasutab k\u00fcpsiseid, et eristada klienti, st teid, teistest veebisaidi kasutajatest. See aitab tarnijal pakkuda teile head kogemust tarnija veebisaidi sirvimisel ja v\u00f5imaldab tarnijal ka meie veebisaiti t\u00e4iustada. Veebisaidi sirvimist j\u00e4tkates n\u00f5ustute sellega, et Teenusepakkuja kasutab k\u00fcpsiseid.  <\/li>\n\n\n\n<li>K\u00fcpsis on v\u00e4ike t\u00e4htedest ja numbritest koosnev fail, mille tarnija salvestab teie brauserisse v\u00f5i teie arvuti v\u00f5i mobiiltelefoni k\u00f5vakettale, kui olete sellega n\u00f5us. K\u00fcpsised sisaldavad teavet, mis edastatakse teie arvuti k\u00f5vakettale. <\/li>\n\n\n\n<li>Tarnija kasutab j\u00e4rgmisi k\u00fcpsiseid:\n<ol class=\"wp-block-list\">\n<li>Rangelt vajalikud k\u00fcpsised. Need on k\u00fcpsised, mis on vajalikud tarnija veebisaidi toimimiseks. Nende hulka kuuluvad n\u00e4iteks k\u00fcpsised, mis v\u00f5imaldavad teil sisse logida tarnija veebisaidi turvalistesse valdkondadesse ja sooritada tehinguid.  <\/li>\n\n\n\n<li>Anal\u00fc\u00fctilised\/tehnilised k\u00fcpsised. Need v\u00f5imaldavad tarnijal tuvastada ja loendada k\u00fclastajate arvu ning n\u00e4ha, kuidas k\u00fclastajad tarnija veebisaidi kasutamise ajal seal liiguvad. See aitab tarnijal parandada veebisaidi toimimist, n\u00e4iteks tagada, et kasutajad leiavad otsitava h\u00f5lpsasti ja probleemideta.  <\/li>\n\n\n\n<li>Tarnija kasutab Google Analyticsi k\u00fcpsiseid. Google Analytics kogub teavet anon\u00fc\u00fcmselt. See annab aru veebisaidi suundumustest ilma \u00fcksikute k\u00fclastajate tuvastamiseta. Te saate Google Analyticsist loobuda, ilma et see m\u00f5jutaks teie k\u00fclastamist sellel veebisaidil. Lisateavet Google Analyticsi kohta leiate siit.    <\/li>\n\n\n\n<li>Sihtotstarbelised k\u00fcpsised. Need k\u00fcpsised salvestavad teie k\u00fclastuse tarnija veebisaidil, k\u00fclastatud lehek\u00fcljed ja lingid, mida olete j\u00e4rginud. Tarnija kasutab seda teavet, et muuta veebisait ja seal kuvatav reklaam teie huvidele asjakohasemaks. Teenusepakkuja v\u00f5ib seda teavet sel eesm\u00e4rgil jagada ka kolmandate isikutega.   <\/li>\n<\/ol>\n<\/li>\n\n\n\n<li>Pange t\u00e4hele, et kolmandad isikud (sealhulgas n\u00e4iteks reklaamiv\u00f5rgustikud ja v\u00e4liste teenuste, n\u00e4iteks veebiliikluse anal\u00fc\u00fcsi teenuste pakkujad) v\u00f5ivad samuti kasutada k\u00fcpsiseid, mille \u00fcle Tarnijal puudub kontroll. Need k\u00fcpsised on t\u00f5en\u00e4oliselt anal\u00fc\u00fctilised\/v\u00f5imsusk\u00fcpsised v\u00f5i sihtotstarbelised k\u00fcpsised. <\/li>\n\n\n\n<li>Saate k\u00fcpsised blokeerida, aktiveerides oma brauseris seadistuse, mis v\u00f5imaldab teil keelduda k\u00f5igi v\u00f5i m\u00f5nede k\u00fcpsiste seadistamisest. Kui te kasutate oma brauseri seadeid, et blokeerida k\u00f5ik k\u00fcpsised (sealhulgas olulised k\u00fcpsised), ei pruugi teil siiski olla v\u00f5imalik p\u00e4\u00e4seda ligi k\u00f5ikidele v\u00f5i osadele tarnija veebisaidile. <\/li>\n<\/ol>\n\n<p><\/p>\n\n<p class=\"has-text-align-center\">Viimati uuendatud k\u00fcpsiste poliitika: 16 september, 2022 - 1:56PM.<\/p>\n\n<h2 class=\"wp-block-heading\">PRIVAATSUSE POLIITIKA<\/h2>\n\n<p><\/p>\n\n<ol class=\"wp-block-list\">\n<li>Neid m\u00fc\u00fcgitingimusi kohaldatakse k\u00f5igi kaupade suhtes, mida tarnib Entertainment Gadgets LTD DBA DROIX, mille registrij\u00e4rgne asukoht on Unit 54C, North Woolwich Road, E16 2AA, London, \u00dchendkuningriik (edaspidi \u201etarnija\u201c).\n<ol class=\"wp-block-list\">\n<li>K\u00e4esolevas lepingus viidatakse j\u00e4rgmistele dokumentidele: Meie (Entertainment Gadgets LTD DBA DROIX) oleme tarnija ja teie (klient).<\/li>\n<\/ol>\n<\/li>\n<\/ol>\n\n<h2 class=\"wp-block-heading\" id=\"h-navigation\">Navigatsioon<\/h2>\n\n<ul class=\"wp-block-list\">\n<li>ANDMETE KOGUMINE<\/li>\n\n\n\n<li>ANDMET\u00d6\u00d6TLUS<\/li>\n\n\n\n<li>ANDMEKAITSE<\/li>\n\n\n\n<li>PRIVAATSUSE POLIITIKA<\/li>\n<\/ul>\n\n<h2 class=\"wp-block-heading\" id=\"h-data-collection\">ANDMETE KOGUMINE<\/h2>\n\n<ol class=\"wp-block-list\">\n<li>Tarnija kogub teie isikuandmeid, kui ostate tarnija tooteid.<\/li>\n\n\n\n<li>Teenusepakkuja kogub teie ja teie poolt kasutatavate seadmete (sealhulgas mobiilseadmete) isikuandmeid, kui te: registreerite meie juures konto, esitate teenusepakkujale teavet veebivormi kaudu, uuendate v\u00f5i lisate teavet oma kontole, osalete tugifoorumil v\u00f5i kui te muul viisil teenusepakkujaga kirjavahetust peate.\n<ol class=\"wp-block-list\">\n<li>M\u00f5ned neist isikuandmetest, n\u00e4iteks viis teie tuvastamiseks, on vajalikud tarnija teenusetingimuste aktsepteerimiseks. K\u00f5igi teiste isikuandmete esitamine on vabatahtlik, kuid see v\u00f5ib olla vajalik meie teenuste kasutamiseks, n\u00e4iteks osalemiseks auhinnaloosides, loosimistes v\u00f5i tehingu s\u00f5lmimiseks vajalike andmete esitamiseks. <\/li>\n<\/ol>\n<\/li>\n\n\n\n<li>Isikuandmed, mida annate tarnijale, kui sooritate ostu v\u00f5i registreerite end teenusepakkuja juures konto jaoks:\n<ol class=\"wp-block-list\">\n<li>Identifitseeriv teave, nagu teie nimi, aadressid, telefoninumbrid v\u00f5i e-posti aadressid, kui te registreerite end meie juures kontole.<\/li>\n\n\n\n<li>Tellimusteave, mis on seotud teie kontoga teie tehingu tulemusena.<\/li>\n\n\n\n<li>Muu sisu, mille olete ise loonud v\u00f5i mis on seotud teie kontoga (n\u00e4iteks toodete lisamine ostukorvi).<\/li>\n\n\n\n<li>finantsteave (n\u00e4iteks krediitkaardi v\u00f5i pangakonto numbrid) seoses tehinguga.<\/li>\n\n\n\n<li>Postikulu, arveldusandmed ja muud andmed, mida kasutatakse kauba ostmiseks v\u00f5i saatmiseks, ning asjakohane postikulu teave (n\u00e4iteks j\u00e4lgimisnumbrid ja j\u00e4lgimisandmete uuendused).<\/li>\n\n\n\n<li>Te v\u00f5ite anda Tarnijale ka muud teavet veebivormi kaudu, uuendades v\u00f5i lisades teavet oma kontole, osaledes foorumiaruteludes, tugitaotlustes v\u00f5i kui te muul viisil Tarnijaga seoses Tarnija kaupade ja teenustega suhtlete.<\/li>\n\n\n\n<li>Lisateave, mille kogumine ja t\u00f6\u00f6tlemine on Tarnija poolt n\u00f5utav v\u00f5i lubatud kohaldatavate siseriiklike seaduste alusel, et teid autentida v\u00f5i tuvastada v\u00f5i kontrollida Tarnija kogutud teavet.<\/li>\n<\/ol>\n<\/li>\n\n\n\n<li>Isikuandmed, mida Teenusepakkuja kogub automaatselt, kui kasutate neid ostu sooritamiseks v\u00f5i Teenusepakkuja juures konto registreerimiseks:\n<ol class=\"wp-block-list\">\n<li>Tarnija kogub teavet teie suhtluse kohta veebisaidiga, teie reklaamieelistusi ja teie suhtlust Tarnijaga. See on teave, mille Teenusepakkuja saab seadmetelt (sealhulgas mobiilseadmetelt), mida kasutate Teenusepakkuja veebisaidi osadele juurdep\u00e4\u00e4sul. See teave v\u00f5ib h\u00f5lmata j\u00e4rgmist: seadme ID v\u00f5i unikaalne identifikaator, seadme t\u00fc\u00fcp, reklaami ID ja unikaalne seadme s\u00fcmbol.  <\/li>\n\n\n\n<li>Asukohateave, sealhulgas teie mobiilseadme asukohateave. Pidage meeles, et enamik mobiilseadmeid v\u00f5imaldab teil kontrollida v\u00f5i keelata asukohateenuste kasutamist mis tahes rakenduse poolt teie mobiilseadmes seadme seadete men\u00fc\u00fcs. <\/li>\n\n\n\n<li>Arvuti- ja \u00fchendusandmed, n\u00e4iteks statistika teie lehek\u00fclgede vaatamise, veebisaitide k\u00fclastamise ja sealt tuleva liikluse, viidatud URL-i, reklaamiandmete, teie IP-aadressi, teie sirvimisajaloo ja veebip\u00e4eviku teabe kohta.<\/li>\n<\/ol>\n<\/li>\n\n\n\n<li>Isikuandmed, mida tarnija kogub k\u00fcpsiste ja sarnaste tehnoloogiate abil\n<ol class=\"wp-block-list\">\n<li>Teenusepakkuja kasutab k\u00fcpsiseid, veebimajakaid, unikaalseid tunnuseid ja sarnaseid tehnoloogiaid, et koguda teavet teie poolt vaadatud lehek\u00fclgede, kl\u00f5psatud linkide ja muude toimingute kohta, mida te Teenusepakkuja veebisaidi, reklaami v\u00f5i e-posti sisu sirvimisel teete. Lisateavet nende tehnoloogiate kasutamise ja nende kontrollimise kohta leiate meie k\u00fcpsiste poliitikast. <\/li>\n<\/ol>\n<\/li>\n\n\n\n<li>Muudest allikatest kogutud isikuandmed\n<ol class=\"wp-block-list\">\n<li>Teenusepakkuja t\u00e4iendab otse kogutud isikuandmeid kolmandatelt isikutelt kogutud teabega ja lisab need teie kontoteabele. N\u00e4iteks kogub ja kasutab Teenusepakkuja demograafilisi ja muid andmeid, mis on avalikult k\u00e4ttesaadavad kohaldatavas jurisdiktsioonis, t\u00e4iendavaid kontaktandmeid, krediidikontrolli andmeid ja krediidib\u00fcroode andmeid, nagu seda lubavad kohaldatavad riiklikud seadused. <\/li>\n\n\n\n<li>Sotsiaalmeedia - Teenusepakkuja v\u00f5imaldab teil jagada teavet sotsiaalmeedia saitidega v\u00f5i kasutada sotsiaalmeedia saite, et luua oma konto v\u00f5i \u00fchendada oma konto vastava sotsiaalmeedia saidiga. Need sotsiaalmeedia saidid v\u00f5ivad anda tarnijale automaatse juurdep\u00e4\u00e4su teatud isiklikele andmetele, mida nad teie kohta s\u00e4ilitavad (nt teie poolt vaadatud sisu, teie poolt meeldinud sisu ja teave reklaamide kohta, mida teile on n\u00e4idatud v\u00f5i millele te olete kl\u00f5psanud jne). Kui annate Teenusepakkujale juurdep\u00e4\u00e4su mis tahes veebisaidile, millel on videosisu, siis n\u00f5ustute, et Teenusepakkuja v\u00f5ib jagada teie videote vaatamist v\u00f5i saada teavet teie videote vaatamise kohta kolmandate isikute sotsiaalmeedia saitidelt v\u00e4hemalt kahe aasta jooksul v\u00f5i kuni te t\u00fchistate loa v\u00f5i \u00fchenduse sotsiaalmeedia saitidega. Te kontrollite, millistele isikuandmetele te lubate Teenusepakkujal juurdep\u00e4\u00e4su, kasutades selleks asjaomase sotsiaalmeedia saidi privaatsusseadeid ja \u00f5igusi, mida annate Teenusepakkujale, kui annate Teenusepakkujale juurdep\u00e4\u00e4su teie kohta vastava sotsiaalmeedia saidi poolt s\u00e4ilitatavatele isikuandmetele. \u00dchendades sotsiaalmeedia saidi hallatava konto teie kontoga ja lubades tarnijale juurdep\u00e4\u00e4su sellele teabele, n\u00f5ustute, et tarnija v\u00f5ib koguda, kasutada ja s\u00e4ilitada nende sotsiaalmeedia saitide poolt esitatud teavet vastavalt k\u00e4esolevale privaatsusteatele. Teenusepakkuja v\u00f5ib kasutada ka erinevate sotsiaalmeedia saitide pistikprogramme v\u00f5i muid tehnoloogiaid. Kui kl\u00f5psate sotsiaalmeedia pluginate kaudu esitatud lingile, loobite vabatahtlikult \u00fchenduse vastava sotsiaalmeedia saidiga.      <\/li>\n\n\n\n<li>Kui annate Tarnijale isiklikke andmeid kellegi teise kohta, peate seda tegema ainult selle isiku loal. Te peate teavitama teda sellest, kuidas Teenusepakkuja kogub, kasutab, avaldab ja s\u00e4ilitab tema isikuandmeid vastavalt Teenusepakkuja kasutustingimustele. <\/li>\n<\/ol>\n<\/li>\n\n\n\n<li>Teave, mis aitab tarnijal pakkuda teile teenuse osutamist.\n<ol class=\"wp-block-list\">\n<li>Tarnija teeb tihedat koost\u00f6\u00f6d kolmandate isikutega, et aidata tarnijal teile teenuseid pakkuda. Need kolmandad isikud on \u00e4ripartnerid tehniliste, makse- ja kohaletoimetamisteenuste, reklaamiv\u00f5rgustike, anal\u00fc\u00fctikapakkujate, otsinguandmete pakkujate, krediidiinfoagentuuride, pettustevastaste agentuuride ja arendajate valdkonnas. Teave, mida Teenusepakkuja v\u00f5ib teie kohta sellistelt osapooltelt koguda, v\u00f5ib sisaldada krediidihanketeavet, teavet, mis aitab Teenusepakkujal kontrollida teie isikut v\u00f5i teavet, mis on seotud teie maksetehingutega.  <\/li>\n\n\n\n<li>Kui te lubate tarnijal, kogub tarnija Facebooki s\u00f5prade nimekirju ja sarnast teavet teistelt kolmandatelt osapooltelt, nagu Twitter ja Google, ning tarnija v\u00f5ib seda teavet perioodiliselt uuesti koguda, et olla ajakohane.<\/li>\n<\/ol>\n<\/li>\n<\/ol>\n\n<p><\/p>\n\n<h2 class=\"wp-block-heading\" id=\"h-data-processing\">ANDMET\u00d6\u00d6TLUS<\/h2>\n\n<ol class=\"wp-block-list\">\n<li>Tarnija kasutab teie isikuandmeid ainult siis, kui seadus seda lubab. K\u00f5ige sagedamini v\u00f5ib Teenusepakkuja kasutada teie isikuandmeid (n\u00e4iteks teie esitatud teavet, asukohateavet v\u00f5i tehinguandmeid), et kujundada seisukoht selle kohta, mida Teenusepakkuja arvates te tahate v\u00f5i vajate v\u00f5i mis v\u00f5ib teile huvi pakkuda. <\/li>\n\n\n\n<li>Teenusepakkuja kasutab teie isikuandmeid ainult nendel eesm\u00e4rkidel, milleks ta neid kogub, v\u00e4lja arvatud juhul, kui teenusepakkuja leiab m\u00f5istlikult, et ta peab neid kasutama muul p\u00f5hjusel ja see p\u00f5hjus on koosk\u00f5las algse eesm\u00e4rgiga.<\/li>\n\n\n\n<li>Kui te annate oma selges\u00f5nalise n\u00f5usoleku, v\u00f5ib Teenusepakkuja kasutada teie isiku-, kontakt-, tehnilisi, kasutus- ja\/v\u00f5i profiiliandmeid, et kujundada seisukoht selle kohta, mida Teenusepakkuja arvab, et te soovite v\u00f5i vajate v\u00f5i mis v\u00f5ib teile huvi pakkuda. Te v\u00f5ite oma n\u00f5usoleku igal ajal tagasi v\u00f5tta. M\u00f5ningatel piiratud juhtudel v\u00f5ib Teenusepakkuja v\u00f5tta teiega \u00fchendust sarnaste toodete kohta, kui te olete Teenusepakkujalt tooteid ostnud ja te ei ole selle teabe saamisest loobunud.  <\/li>\n\n\n\n<li>Loobumine \/ tellimusest loobumine - Te v\u00f5ite igal ajal paluda tarnijal l\u00f5petada teile turunduss\u00f5numite saatmine, j\u00e4rgides teile saadetud turunduss\u00f5numites olevaid tellimuse t\u00fchistamise linke v\u00f5i v\u00f5ttes igal ajal \u00fchendust tarnijaga. Kui te loobute selliste turunduss\u00f5numite saamisest, v\u00f5ite siiski saada s\u00f5numeid muudel eesm\u00e4rkidel (n\u00e4iteks teile asjakohase tellimuse v\u00f5i tootega seotud teabe edastamiseks). <\/li>\n\n\n\n<li>Tarnija v\u00f5ib avaldada teie kohta kogutud andmeid teatud kolmandatele isikutele, kes kasutavad isikuandmeid oma teenuste osutamisel tarnijale, nad kasutavad andmeid turvaliselt ja konfidentsiaalselt ning range lepingulise kontrolli all koosk\u00f5las andmekaitseseadustega.<\/li>\n\n\n\n<li>Te v\u00f5ite oma n\u00f5usoleku igal ajal p\u00e4rast selges\u00f5nalise n\u00f5usoleku andmist tagasi v\u00f5tta, v\u00f5ttes \u00fchendust tarnijaga.<\/li>\n<\/ol>\n\n<p><\/p>\n\n<h2 class=\"wp-block-heading\" id=\"h-data-protection\">ANDMEKAITSE<\/h2>\n\n<ol class=\"wp-block-list\">\n<li>Tarnija v\u00f5tab k\u00f5ik m\u00f5istlikud ettevaatusabin\u00f5ud, et hoida teie tellimuse ja makse \u00fcksikasjad turvaliselt, kuid kui tarnija ei ole hooletu, ei vastuta tarnija volitamata juurdep\u00e4\u00e4su eest teie esitatud teabele.<\/li>\n\n\n\n<li>Tarnija piirab juurdep\u00e4\u00e4su teie isikuandmetele nende t\u00f6\u00f6tajate, esindajate, t\u00f6\u00f6v\u00f5tjate ja muude kolmandate osapooltega, kellel on \u00e4riline vajadus teada. Nad t\u00f6\u00f6tlevad teie isikuandmeid ainult Teenusepakkuja juhiste kohaselt ja on kohustatud neid konfidentsiaalsuse hoidmise kohustusega. <\/li>\n\n\n\n<li>Teenusepakkuja on kehtestanud menetlused, et tegeleda mis tahes kahtlustatava isikuandmetega seotud rikkumisega, ning teavitab teid ja mis tahes kohaldatavat reguleerivat asutust rikkumisest, kui Teenusepakkuja on selleks \u00f5iguslikult kohustatud.<\/li>\n<\/ol>\n\n<p><\/p>\n\n<h2 class=\"wp-block-heading\" id=\"h-privacy-policy\">PRIVAATSUSE POLIITIKA<\/h2>\n\n<ol class=\"wp-block-list\">\n<li>Tarnija ei s\u00e4ilita krediitkaardiandmeid ega jaga kliendi andmeid ebaseaduslike kolmandate osapooltega.<\/li>\n\n\n\n<li>Tarnija s\u00e4ilitab teie isikuandmeid ainult nii kaua, kui see on vajalik nende eesm\u00e4rkide t\u00e4itmiseks, mille jaoks tarnija neid kogub, sealhulgas \u00f5iguslike, raamatupidamis- v\u00f5i aruandlusn\u00f5uete t\u00e4itmiseks.<\/li>\n\n\n\n<li>Tarnija s\u00e4ilitab meie klientide andmeid \u00fcldiselt 6 (kuus) aastat p\u00e4rast lepingu l\u00f5ppemist, et tagada, et tarnija saaks teid aidata, kui teil on k\u00fcsimusi v\u00f5i tagasisidet seoses tarnija toodetega, v\u00f5i et kaitsta v\u00f5i kaitsta meie seaduslikke \u00f5igusi v\u00f5i maksustamise eesm\u00e4rgil.<\/li>\n\n\n\n<li>Kui tarnija on teie isikuandmeid t\u00f6\u00f6delnud, et edastada teile n\u00f5usoleku alusel turunduss\u00f5numeid, v\u00f5ib tarnija v\u00f5tta teiega \u00fchendust v\u00e4hemalt iga kaheteistk\u00fcmne (12) kuu j\u00e4rel, et veenduda, et olete n\u00f5us selliste s\u00f5numite saamise j\u00e4tkamisega. Kui te teatate tarnijale, et te ei soovi enam selliseid teateid saada, eemaldatakse teie isikuandmed tarnija turundusnimekirjadest (kuid need lisatakse nimekirja \u201e\u00e4rge v\u00f5tke \u00fchendust\u201c). <\/li>\n\n\n\n<li>Kui tarnija on teie andmeid muul p\u00f5hjusel t\u00f6\u00f6delnud (n\u00e4iteks kui olete v\u00f5tnud tarnijaga \u00fchendust seoses toodete v\u00f5i teenustega seotud k\u00fcsimusega), s\u00e4ilitab tarnija teie andmeid kaksteist (12) kuud.<\/li>\n\n\n\n<li>M\u00f5ningatel juhtudel v\u00f5ib Teenusepakkuja anon\u00fc\u00fcmseks muuta teie isikuandmed (nii et neid ei saa enam teiega seostada) teadusuuringute v\u00f5i statistilistel eesm\u00e4rkidel, millisel juhul v\u00f5ib Teenusepakkuja kasutada neid andmeid t\u00e4htajatult ilma teid t\u00e4iendavalt teavitamata.<\/li>\n\n\n\n<li>Teatud tingimustel on teil andmekaitseseadustest tulenevad \u00f5igused seoses teie isikuandmetega. Need \u00f5igused on \u00fcksikasjalikult kirjeldatud allpool: \n<ol class=\"wp-block-list\">\n<li>taotleda juurdep\u00e4\u00e4su oma isikuandmetele (\u00fcldtuntud kui \u201eandmesubjekti juurdep\u00e4\u00e4sutaotlus\u201c). See v\u00f5imaldab teil saada koopia teie kohta k\u00e4ivatest isikuandmetest, mida tarnija hoiab, ja kontrollida, kas tarnija t\u00f6\u00f6tleb neid seaduslikult. <\/li>\n\n\n\n<li>taotleda tarnija poolt teie kohta hoitavate isikuandmete parandamist. See v\u00f5imaldab teil lasta parandada k\u00f5ik tarnija poolt teie kohta hoitavad ebat\u00e4ielikud v\u00f5i ebat\u00e4psed andmed, kuigi tarnijal v\u00f5ib tekkida vajadus kontrollida tarnijale esitatud uute andmete t\u00e4psust. <\/li>\n\n\n\n<li>taotleda oma isikuandmete kustutamist. See v\u00f5imaldab teil paluda tarnijal isikuandmed kustutada v\u00f5i eemaldada, kui tarnijal ei ole p\u00f5hjust neid j\u00e4tkuvalt t\u00f6\u00f6delda. Teil on \u00f5igus paluda tarnijal kustutada v\u00f5i eemaldada oma isikuandmed ka siis, kui olete edukalt kasutanud oma \u00f5igust esitada vastuv\u00e4iteid t\u00f6\u00f6tlemisele, kui tarnija v\u00f5ib olla teie andmeid ebaseaduslikult t\u00f6\u00f6delnud v\u00f5i kui tarnija on kohustatud teie isikuandmeid kustutama, et t\u00e4ita kohalikke \u00f5igusakte. Pange siiski t\u00e4hele, et tarnija ei pruugi alati olla v\u00f5imeline t\u00e4itma teie kustutamise taotlust konkreetsetel \u00f5iguslikel p\u00f5hjustel, millest teile vajaduse korral teatatakse teie taotluse esitamise ajal.   <\/li>\n\n\n\n<li>esitada vastuv\u00e4iteid teie isikuandmete t\u00f6\u00f6tlemisele, kui tarnija tugineb \u00f5igustatud huvile (v\u00f5i kolmanda isiku huvidele) ja teie konkreetses olukorras on midagi, mis paneb teid soovima esitada vastuv\u00e4iteid t\u00f6\u00f6tlemise vastu sellel p\u00f5hjusel, kuna tunnete, et see m\u00f5jutab teie p\u00f5hi\u00f5igusi ja -vabadusi. Teil on \u00f5igus esitada vastuv\u00e4iteid ka siis, kui tarnija t\u00f6\u00f6tleb teie isikuandmeid otseturunduse eesm\u00e4rgil. M\u00f5nel juhul v\u00f5ib tarnija t\u00f5endada, et tal on teie andmete t\u00f6\u00f6tlemiseks kaalukad \u00f5igusp\u00e4rased p\u00f5hjused, mis kaaluvad \u00fcles teie \u00f5igused ja vabadused.  <\/li>\n\n\n\n<li>Taotleda oma isikuandmete t\u00f6\u00f6tlemise piiramist. See v\u00f5imaldab teil paluda tarnijal peatada teie isikuandmete t\u00f6\u00f6tlemine j\u00e4rgmistel juhtudel: kui soovite, et tarnija kontrolliks andmete \u00f5igsust; kui andmete kasutamine tarnija poolt on ebaseaduslik, kuid te ei soovi, et tarnija neid kustutaks; kui teil on vaja, et tarnija s\u00e4ilitaks andmeid, isegi kui tarnija neid enam ei vaja, sest teil on neid vaja \u00f5iguslike n\u00f5uete kehtestamiseks, esitamiseks v\u00f5i kaitsmiseks; v\u00f5i kui te olete esitanud vastuv\u00e4ite, et tarnija teie andmeid kasutab, kuid tarnijal on vaja kontrollida, kas tarnijal on andmete kasutamiseks kaalukad \u00f5igusp\u00e4rased p\u00f5hjused. <\/li>\n\n\n\n<li>taotleda teie (kui andmesubjekti) isikuandmete edastamist teile v\u00f5i kolmandale isikule. v\u00f5tta n\u00f5usolek igal ajal tagasi, kui tarnija tugineb teie isikuandmete t\u00f6\u00f6tlemiseks n\u00f5usolekule. See ei m\u00f5juta siiski enne teie n\u00f5usoleku tagasiv\u00f5tmist toimunud t\u00f6\u00f6tlemise seaduslikkust. Kui te v\u00f5tate oma n\u00f5usoleku tagasi, ei pruugi Teenuseosutaja olla v\u00f5imeline teile teatud tooteid v\u00f5i teenuseid pakkuma. Teenuseosutaja teavitab teid sellest, kui see on nii, kui te oma n\u00f5usoleku tagasi v\u00f5tate. Kui soovite kasutada m\u00f5nda eespool nimetatud \u00f5igust, v\u00f5tke palun \u00fchendust otse tarnijaga tema kontaktandmete kaudu.     <\/li>\n\n\n\n<li>Tavaliselt ei n\u00f5uta tasu ja te ei pea maksma tasu oma isikuandmetele juurdep\u00e4\u00e4su eest (v\u00f5i m\u00f5ne muu \u00f5iguse kasutamise eest). Teenuseosutaja v\u00f5ib siiski n\u00f5uda m\u00f5istlikku tasu, kui teie taotlus on selgelt p\u00f5hjendamatu, korduv v\u00f5i \u00fclem\u00e4\u00e4rane. Teise v\u00f5imalusena v\u00f5ib Teenuseosutaja sellistel asjaoludel keelduda teie taotluse t\u00e4itmisest.  <\/li>\n<\/ol>\n<\/li>\n\n\n\n<li>Teenuseosutajal v\u00f5ib olla vaja k\u00fcsida teilt konkreetset teavet, et aidata Teenuseosutajal kinnitada teie isikut ja tagada teie \u00f5igus p\u00e4\u00e4seda ligi oma isikuandmetele (v\u00f5i kasutada muid \u00f5igusi). See on turvameede tagamaks, et isikuandmeid ei avaldata isikutele, kellel ei ole \u00f5igust neid saada. Teenuseosutaja v\u00f5ib teiega \u00fchendust v\u00f5tta ka selleks, et k\u00fcsida teilt lisateavet seoses teie taotlusega, et kiirendada teenuseosutaja vastamist.  <\/li>\n\n\n\n<li>Teil on \u00f5igus esitada igal ajal kaebus ICO-le, \u00dchendkuningriigi andmekaitsealasele j\u00e4relevalveasutusele (www.ico.org.uk). Tarnija oleks siiski t\u00e4nulik, kui saaksime teie murega tegeleda enne ICO poole p\u00f6\u00f6rdumist, seega v\u00f5tke meiega k\u00f5igepealt \u00fchendust. <\/li>\n<\/ol>\n\n<p><\/p>\n\n<p class=\"has-text-align-center\">Privaatsuspoliitika viimati uuendatud: 16 september, 2022 - 1:56PM.<\/p>\n","protected":false},"excerpt":{"rendered":"<p>COOKIE-POLIITIKA Viimati uuendatud k\u00fcpsiste poliitika: 16 september, 2022 - 1:56PM. PRIVAATSUSE POLIITIKA Navigatsioon ANDMETE KOGUMINE ANDMET\u00d6\u00d6TLUS ANDMEKAITSE PRIVAATSUSE POLIITIKA Privaatsuspoliitika viimati uuendatud: 16 september, 2022 - 1:56PM.<\/p>\n","protected":false},"author":5,"featured_media":0,"parent":0,"menu_order":0,"comment_status":"closed","ping_status":"closed","template":"","meta":{"footnotes":""},"class_list":["post-280892","page","type-page","status-publish"],"aioseo_notices":[],"_links":{"self":[{"href":"https:\/\/droix.net\/blogs\/et\/wp-json\/wp\/v2\/pages\/280892","targetHints":{"allow":["GET"]}}],"collection":[{"href":"https:\/\/droix.net\/blogs\/et\/wp-json\/wp\/v2\/pages"}],"about":[{"href":"https:\/\/droix.net\/blogs\/et\/wp-json\/wp\/v2\/types\/page"}],"author":[{"embeddable":true,"href":"https:\/\/droix.net\/blogs\/et\/wp-json\/wp\/v2\/users\/5"}],"replies":[{"embeddable":true,"href":"https:\/\/droix.net\/blogs\/et\/wp-json\/wp\/v2\/comments?post=280892"}],"version-history":[{"count":1,"href":"https:\/\/droix.net\/blogs\/et\/wp-json\/wp\/v2\/pages\/280892\/revisions"}],"predecessor-version":[{"id":280893,"href":"https:\/\/droix.net\/blogs\/et\/wp-json\/wp\/v2\/pages\/280892\/revisions\/280893"}],"wp:attachment":[{"href":"https:\/\/droix.net\/blogs\/et\/wp-json\/wp\/v2\/media?parent=280892"}],"curies":[{"name":"wp","href":"https:\/\/api.w.org\/{rel}","templated":true}]}}