{"id":137496,"date":"2019-12-10T17:32:45","date_gmt":"2019-12-10T17:32:45","guid":{"rendered":"https:\/\/droix.net\/blogs\/ota-yhteytta\/"},"modified":"2025-05-27T15:50:04","modified_gmt":"2025-05-27T14:50:04","slug":"ota-yhteytta","status":"publish","type":"page","link":"https:\/\/droix.net\/blogs\/fi\/ota-yhteytta\/","title":{"rendered":"Ota yhteytt\u00e4"},"content":{"rendered":"\n<h1>Ota yhteytt\u00e4<\/h1>\n\n<div style=\"height:20px\" aria-hidden=\"true\" class=\"wp-block-spacer\"><\/div>\n\n<p>Haluamme tarjota sinulle loistavan kokemuksen, ja siksi haluamme kuulla sinusta. Palautteesi auttaa meit\u00e4 tarjoamaan sinulle lis\u00e4\u00e4 rakastamiasi tapahtumia ja odottamaasi palvelua.<\/p>\n\n<hr class=\"wp-block-separator has-css-opacity is-style-default\"\/>\n\n<div class=\"wp-block-media-text alignwide is-stacked-on-mobile\" style=\"grid-template-columns:20% auto\"><figure class=\"wp-block-media-text__media\"><img decoding=\"async\" width=\"194\" height=\"60\" src=\"https:\/\/droix.net\/blogs\/wp-content\/uploads\/2024\/12\/droix-v2-blog-main-logo.png\" alt=\"\" class=\"wp-image-265396 size-full\"\/><\/figure><div class=\"wp-block-media-text__content\">\n<p class=\"has-large-font-size\"><a href=\"https:\/\/go.droix.co.uk\/droix-landing\">LUE LIS\u00c4\u00c4<\/a><\/p>\n<\/div><\/div>\n","protected":false},"excerpt":{"rendered":"<p>Ota yhteytt\u00e4 Haluamme tarjota sinulle loistavan kokemuksen, ja siksi haluamme kuulla sinusta. Palautteesi auttaa meit\u00e4 tarjoamaan sinulle lis\u00e4\u00e4 rakastamiasi tapahtumia ja odottamaasi palvelua. LUE LIS\u00c4\u00c4<\/p>\n","protected":false},"author":5,"featured_media":58891,"parent":0,"menu_order":0,"comment_status":"closed","ping_status":"closed","template":"","meta":{"footnotes":""},"class_list":["post-137496","page","type-page","status-publish","has-post-thumbnail"],"aioseo_notices":[],"_links":{"self":[{"href":"https:\/\/droix.net\/blogs\/fi\/wp-json\/wp\/v2\/pages\/137496","targetHints":{"allow":["GET"]}}],"collection":[{"href":"https:\/\/droix.net\/blogs\/fi\/wp-json\/wp\/v2\/pages"}],"about":[{"href":"https:\/\/droix.net\/blogs\/fi\/wp-json\/wp\/v2\/types\/page"}],"author":[{"embeddable":true,"href":"https:\/\/droix.net\/blogs\/fi\/wp-json\/wp\/v2\/users\/5"}],"replies":[{"embeddable":true,"href":"https:\/\/droix.net\/blogs\/fi\/wp-json\/wp\/v2\/comments?post=137496"}],"version-history":[{"count":2,"href":"https:\/\/droix.net\/blogs\/fi\/wp-json\/wp\/v2\/pages\/137496\/revisions"}],"predecessor-version":[{"id":280858,"href":"https:\/\/droix.net\/blogs\/fi\/wp-json\/wp\/v2\/pages\/137496\/revisions\/280858"}],"wp:featuredmedia":[{"embeddable":true,"href":"https:\/\/droix.net\/blogs\/fi\/wp-json\/wp\/v2\/media\/58891"}],"wp:attachment":[{"href":"https:\/\/droix.net\/blogs\/fi\/wp-json\/wp\/v2\/media?parent=137496"}],"curies":[{"name":"wp","href":"https:\/\/api.w.org\/{rel}","templated":true}]}}