{"id":24658,"date":"2019-12-10T17:32:45","date_gmt":"2019-12-10T17:32:45","guid":{"rendered":"https:\/\/droix.co.uk\/blogs\/nous-contacter\/"},"modified":"2025-05-27T15:50:03","modified_gmt":"2025-05-27T14:50:03","slug":"nous-contacter","status":"publish","type":"page","link":"https:\/\/droix.net\/blogs\/fr\/nous-contacter\/","title":{"rendered":"Nous contacter"},"content":{"rendered":"\n<h1>Contactez nous<\/h1>\n\n<div style=\"height:20px\" aria-hidden=\"true\" class=\"wp-block-spacer\"><\/div>\n\n<p>Nous voulons vous faire vivre une exp\u00e9rience exceptionnelle, c'est pourquoi nous souhaitons avoir de vos nouvelles. Vos commentaires nous aident \u00e0 vous offrir les \u00e9v\u00e9nements que vous aimez et le service que vous attendez.<\/p>\n\n<hr class=\"wp-block-separator has-css-opacity is-style-default\"\/>\n\n<div class=\"wp-block-media-text alignwide is-stacked-on-mobile\" style=\"grid-template-columns:20% auto\"><figure class=\"wp-block-media-text__media\"><img decoding=\"async\" width=\"194\" height=\"60\" src=\"https:\/\/droix.net\/blogs\/wp-content\/uploads\/2024\/12\/droix-v2-blog-main-logo.png\" alt=\"\" class=\"wp-image-265396 size-full\"\/><\/figure><div class=\"wp-block-media-text__content\">\n<p class=\"has-large-font-size\"><a href=\"https:\/\/go.droix.co.uk\/droix-landing\">EN SAVOIR PLUS<\/a><\/p>\n<\/div><\/div>\n","protected":false},"excerpt":{"rendered":"<p>Contactez nous Nous voulons vous faire vivre une exp\u00e9rience exceptionnelle, c'est pourquoi nous souhaitons avoir de vos nouvelles. Vos commentaires nous aident \u00e0 vous offrir les \u00e9v\u00e9nements que vous aimez et le service que vous attendez. EN SAVOIR PLUS<\/p>\n","protected":false},"author":5,"featured_media":20326,"parent":0,"menu_order":0,"comment_status":"closed","ping_status":"closed","template":"","meta":{"footnotes":""},"class_list":["post-24658","page","type-page","status-publish","has-post-thumbnail"],"aioseo_notices":[],"_links":{"self":[{"href":"https:\/\/droix.net\/blogs\/fr\/wp-json\/wp\/v2\/pages\/24658","targetHints":{"allow":["GET"]}}],"collection":[{"href":"https:\/\/droix.net\/blogs\/fr\/wp-json\/wp\/v2\/pages"}],"about":[{"href":"https:\/\/droix.net\/blogs\/fr\/wp-json\/wp\/v2\/types\/page"}],"author":[{"embeddable":true,"href":"https:\/\/droix.net\/blogs\/fr\/wp-json\/wp\/v2\/users\/5"}],"replies":[{"embeddable":true,"href":"https:\/\/droix.net\/blogs\/fr\/wp-json\/wp\/v2\/comments?post=24658"}],"version-history":[{"count":2,"href":"https:\/\/droix.net\/blogs\/fr\/wp-json\/wp\/v2\/pages\/24658\/revisions"}],"predecessor-version":[{"id":280873,"href":"https:\/\/droix.net\/blogs\/fr\/wp-json\/wp\/v2\/pages\/24658\/revisions\/280873"}],"wp:featuredmedia":[{"embeddable":true,"href":"https:\/\/droix.net\/blogs\/fr\/wp-json\/wp\/v2\/media\/20326"}],"wp:attachment":[{"href":"https:\/\/droix.net\/blogs\/fr\/wp-json\/wp\/v2\/media?parent=24658"}],"curies":[{"name":"wp","href":"https:\/\/api.w.org\/{rel}","templated":true}]}}