{"id":280802,"date":"2019-12-10T17:32:45","date_gmt":"2019-12-10T17:32:45","guid":{"rendered":"https:\/\/droix.net\/blogs\/susisiekite-su-mumis\/"},"modified":"2025-05-27T15:48:44","modified_gmt":"2025-05-27T14:48:44","slug":"susisiekite-su-mumis","status":"publish","type":"page","link":"https:\/\/droix.net\/blogs\/lt\/susisiekite-su-mumis\/","title":{"rendered":"Susisiekite su mumis"},"content":{"rendered":"\n<h1>Susisiekite su mumis<\/h1>\n\n<div style=\"height:20px\" aria-hidden=\"true\" class=\"wp-block-spacer\"><\/div>\n\n<p>Norime suteikti jums puiki\u0105 patirt\u012f, tod\u0117l norime i\u0161girsti j\u016bs\u0173 nuomon\u0119. J\u016bs\u0173 atsiliepimai pad\u0117s mums pasi\u016blyti jums daugiau m\u0117gstam\u0173 rengini\u0173 ir paslaug\u0173, kuri\u0173 tikit\u0117s. <\/p>\n\n<hr class=\"wp-block-separator has-css-opacity is-style-default\"\/>\n\n<div class=\"wp-block-media-text alignwide is-stacked-on-mobile\" style=\"grid-template-columns:20% auto\"><figure class=\"wp-block-media-text__media\"><img decoding=\"async\" width=\"194\" height=\"60\" src=\"https:\/\/droix.net\/blogs\/wp-content\/uploads\/2024\/12\/droix-v2-blog-main-logo.png\" alt=\"\" class=\"wp-image-265396 size-full\"\/><\/figure><div class=\"wp-block-media-text__content\">\n<p class=\"has-large-font-size\"><a href=\"https:\/\/go.droix.co.uk\/droix-landing\">SU\u017dINOKITE DAUGIAU<\/a><\/p>\n<\/div><\/div>\n","protected":false},"excerpt":{"rendered":"<p>Susisiekite su mumis Norime suteikti jums puiki\u0105 patirt\u012f, tod\u0117l norime i\u0161girsti j\u016bs\u0173 nuomon\u0119. J\u016bs\u0173 atsiliepimai pad\u0117s mums pasi\u016blyti jums daugiau m\u0117gstam\u0173 rengini\u0173 ir paslaug\u0173, kuri\u0173 tikit\u0117s. SU\u017dINOKITE DAUGIAU<\/p>\n","protected":false},"author":5,"featured_media":0,"parent":0,"menu_order":0,"comment_status":"closed","ping_status":"closed","template":"","meta":{"footnotes":""},"class_list":["post-280802","page","type-page","status-publish"],"aioseo_notices":[],"_links":{"self":[{"href":"https:\/\/droix.net\/blogs\/lt\/wp-json\/wp\/v2\/pages\/280802","targetHints":{"allow":["GET"]}}],"collection":[{"href":"https:\/\/droix.net\/blogs\/lt\/wp-json\/wp\/v2\/pages"}],"about":[{"href":"https:\/\/droix.net\/blogs\/lt\/wp-json\/wp\/v2\/types\/page"}],"author":[{"embeddable":true,"href":"https:\/\/droix.net\/blogs\/lt\/wp-json\/wp\/v2\/users\/5"}],"replies":[{"embeddable":true,"href":"https:\/\/droix.net\/blogs\/lt\/wp-json\/wp\/v2\/comments?post=280802"}],"version-history":[{"count":1,"href":"https:\/\/droix.net\/blogs\/lt\/wp-json\/wp\/v2\/pages\/280802\/revisions"}],"predecessor-version":[{"id":280804,"href":"https:\/\/droix.net\/blogs\/lt\/wp-json\/wp\/v2\/pages\/280802\/revisions\/280804"}],"wp:attachment":[{"href":"https:\/\/droix.net\/blogs\/lt\/wp-json\/wp\/v2\/media?parent=280802"}],"curies":[{"name":"wp","href":"https:\/\/api.w.org\/{rel}","templated":true}]}}