{"id":280788,"date":"2019-12-10T17:32:45","date_gmt":"2019-12-10T17:32:45","guid":{"rendered":"https:\/\/droix.net\/blogs\/sazinieties-ar-mums\/"},"modified":"2025-05-27T15:48:30","modified_gmt":"2025-05-27T14:48:30","slug":"sazinieties-ar-mums","status":"publish","type":"page","link":"https:\/\/droix.net\/blogs\/lv\/sazinieties-ar-mums\/","title":{"rendered":"Sazinieties ar mums"},"content":{"rendered":"\n<h1>Sazinieties ar mums<\/h1>\n\n<div style=\"height:20px\" aria-hidden=\"true\" class=\"wp-block-spacer\"><\/div>\n\n<p>M\u0113s v\u0113lamies nodro\u0161in\u0101t jums lielisku pieredzi, t\u0101p\u0113c v\u0113lamies, lai j\u016bs mums atbild\u0113tu. J\u016bsu atsauksmes pal\u012bdz mums pied\u0101v\u0101t jums vair\u0101k pas\u0101kumu, kas jums pat\u012bk, un pakalpojumus, ko sagaid\u0101t. <\/p>\n\n<hr class=\"wp-block-separator has-css-opacity is-style-default\"\/>\n\n<div class=\"wp-block-media-text alignwide is-stacked-on-mobile\" style=\"grid-template-columns:20% auto\"><figure class=\"wp-block-media-text__media\"><img decoding=\"async\" width=\"194\" height=\"60\" src=\"https:\/\/droix.net\/blogs\/wp-content\/uploads\/2024\/12\/droix-v2-blog-main-logo.png\" alt=\"\" class=\"wp-image-265396 size-full\"\/><\/figure><div class=\"wp-block-media-text__content\">\n<p class=\"has-large-font-size\"><a href=\"https:\/\/go.droix.co.uk\/droix-landing\">UZZINI VAIR\u0100K<\/a><\/p>\n<\/div><\/div>\n","protected":false},"excerpt":{"rendered":"<p>Sazinieties ar mums M\u0113s v\u0113lamies nodro\u0161in\u0101t jums lielisku pieredzi, t\u0101p\u0113c v\u0113lamies, lai j\u016bs mums atbild\u0113tu. J\u016bsu atsauksmes pal\u012bdz mums pied\u0101v\u0101t jums vair\u0101k pas\u0101kumu, kas jums pat\u012bk, un pakalpojumus, ko sagaid\u0101t. UZZINI VAIR\u0100K<\/p>\n","protected":false},"author":5,"featured_media":280790,"parent":0,"menu_order":0,"comment_status":"closed","ping_status":"closed","template":"","meta":{"footnotes":""},"class_list":["post-280788","page","type-page","status-publish","has-post-thumbnail"],"aioseo_notices":[],"_links":{"self":[{"href":"https:\/\/droix.net\/blogs\/lv\/wp-json\/wp\/v2\/pages\/280788","targetHints":{"allow":["GET"]}}],"collection":[{"href":"https:\/\/droix.net\/blogs\/lv\/wp-json\/wp\/v2\/pages"}],"about":[{"href":"https:\/\/droix.net\/blogs\/lv\/wp-json\/wp\/v2\/types\/page"}],"author":[{"embeddable":true,"href":"https:\/\/droix.net\/blogs\/lv\/wp-json\/wp\/v2\/users\/5"}],"replies":[{"embeddable":true,"href":"https:\/\/droix.net\/blogs\/lv\/wp-json\/wp\/v2\/comments?post=280788"}],"version-history":[{"count":1,"href":"https:\/\/droix.net\/blogs\/lv\/wp-json\/wp\/v2\/pages\/280788\/revisions"}],"predecessor-version":[{"id":280792,"href":"https:\/\/droix.net\/blogs\/lv\/wp-json\/wp\/v2\/pages\/280788\/revisions\/280792"}],"wp:featuredmedia":[{"embeddable":true,"href":"https:\/\/droix.net\/blogs\/lv\/wp-json\/wp\/v2\/media\/280790"}],"wp:attachment":[{"href":"https:\/\/droix.net\/blogs\/lv\/wp-json\/wp\/v2\/media?parent=280788"}],"curies":[{"name":"wp","href":"https:\/\/api.w.org\/{rel}","templated":true}]}}