{"id":280798,"date":"2019-12-10T17:32:45","date_gmt":"2019-12-10T17:32:45","guid":{"rendered":"https:\/\/droix.net\/blogs\/kontakt-oss\/"},"modified":"2025-05-27T15:48:44","modified_gmt":"2025-05-27T14:48:44","slug":"kontakt-oss","status":"publish","type":"page","link":"https:\/\/droix.net\/blogs\/no\/kontakt-oss\/","title":{"rendered":"Kontakt oss"},"content":{"rendered":"\n<h1>Kontakt oss<\/h1>\n\n<div style=\"height:20px\" aria-hidden=\"true\" class=\"wp-block-spacer\"><\/div>\n\n<p>Vi \u00f8nsker \u00e5 gi deg en god opplevelse, og derfor vil vi gjerne h\u00f8re fra deg. Tilbakemeldingene dine hjelper oss med \u00e5 gi deg flere av de arrangementene du elsker, og den servicen du forventer. <\/p>\n\n<hr class=\"wp-block-separator has-css-opacity is-style-default\"\/>\n\n<div class=\"wp-block-media-text alignwide is-stacked-on-mobile\" style=\"grid-template-columns:20% auto\"><figure class=\"wp-block-media-text__media\"><img decoding=\"async\" width=\"194\" height=\"60\" src=\"https:\/\/droix.net\/blogs\/wp-content\/uploads\/2024\/12\/droix-v2-blog-main-logo.png\" alt=\"\" class=\"wp-image-265396 size-full\"\/><\/figure><div class=\"wp-block-media-text__content\">\n<p class=\"has-large-font-size\"><a href=\"https:\/\/go.droix.co.uk\/droix-landing\">L\u00c6R MER<\/a><\/p>\n<\/div><\/div>\n","protected":false},"excerpt":{"rendered":"<p>Kontakt oss Vi \u00f8nsker \u00e5 gi deg en god opplevelse, og derfor vil vi gjerne h\u00f8re fra deg. Tilbakemeldingene dine hjelper oss med \u00e5 gi deg flere av de arrangementene du elsker, og den servicen du forventer. L\u00c6R MER<\/p>\n","protected":false},"author":5,"featured_media":0,"parent":0,"menu_order":0,"comment_status":"closed","ping_status":"closed","template":"","meta":{"footnotes":""},"class_list":["post-280798","page","type-page","status-publish"],"aioseo_notices":[],"_links":{"self":[{"href":"https:\/\/droix.net\/blogs\/no\/wp-json\/wp\/v2\/pages\/280798","targetHints":{"allow":["GET"]}}],"collection":[{"href":"https:\/\/droix.net\/blogs\/no\/wp-json\/wp\/v2\/pages"}],"about":[{"href":"https:\/\/droix.net\/blogs\/no\/wp-json\/wp\/v2\/types\/page"}],"author":[{"embeddable":true,"href":"https:\/\/droix.net\/blogs\/no\/wp-json\/wp\/v2\/users\/5"}],"replies":[{"embeddable":true,"href":"https:\/\/droix.net\/blogs\/no\/wp-json\/wp\/v2\/comments?post=280798"}],"version-history":[{"count":1,"href":"https:\/\/droix.net\/blogs\/no\/wp-json\/wp\/v2\/pages\/280798\/revisions"}],"predecessor-version":[{"id":280801,"href":"https:\/\/droix.net\/blogs\/no\/wp-json\/wp\/v2\/pages\/280798\/revisions\/280801"}],"wp:attachment":[{"href":"https:\/\/droix.net\/blogs\/no\/wp-json\/wp\/v2\/media?parent=280798"}],"curies":[{"name":"wp","href":"https:\/\/api.w.org\/{rel}","templated":true}]}}