{"id":280819,"date":"2021-09-07T16:06:06","date_gmt":"2021-09-07T15:06:06","guid":{"rendered":"https:\/\/droix.net\/blogs\/informasjonskapsler-og-personvernerklaering\/"},"modified":"2025-05-27T15:49:03","modified_gmt":"2025-05-27T14:49:03","slug":"informasjonskapsler-og-personvernerklaering","status":"publish","type":"page","link":"https:\/\/droix.net\/blogs\/no\/informasjonskapsler-og-personvernerklaering\/","title":{"rendered":"Informasjonskapsler og personvernerkl\u00e6ring"},"content":{"rendered":"\n<h2 class=\"wp-block-heading\" id=\"h-cookie-policy\">COOKIE-POLITIKK<\/h2>\n\n<p><\/p>\n\n<ol class=\"wp-block-list\">\n<li>Disse salgsbetingelsene gjelder for alle varer levert av Entertainment Gadgets LTD DBA DROIX, med registrert kontor p\u00e5 Unit 54C, North Woolwich Road, E16 2AA, London, Storbritannia, (leverand\u00f8ren).\n<ol class=\"wp-block-list\">\n<li>I den angitte kontrakten er referanser til: Vi (Entertainment Gadgets LTD DBA DROIX) er leverand\u00f8ren, og du (kunden)<\/li>\n<\/ol>\n<\/li>\n<\/ol>\n\n<ol class=\"wp-block-list\">\n<li>Leverand\u00f8rens nettsted bruker informasjonskapsler for \u00e5 skille kunden, dvs. deg, fra andre brukere av nettstedet. Dette hjelper Leverand\u00f8ren med \u00e5 gi deg en god opplevelse n\u00e5r du surfer p\u00e5 Leverand\u00f8rens nettsted, og gj\u00f8r det ogs\u00e5 mulig for Leverand\u00f8ren \u00e5 forbedre nettstedet v\u00e5rt. Ved \u00e5 fortsette \u00e5 surfe p\u00e5 nettstedet godtar du leverand\u00f8rens bruk av informasjonskapsler.  <\/li>\n\n\n\n<li>En informasjonskapsel er en liten fil med bokstaver og tall som Leverand\u00f8ren lagrer i nettleseren din eller p\u00e5 harddisken p\u00e5 datamaskinen eller mobiltelefonen din hvis du samtykker. Informasjonskapsler inneholder informasjon som overf\u00f8res til harddisken p\u00e5 datamaskinen din. <\/li>\n\n\n\n<li>Leverand\u00f8ren bruker f\u00f8lgende informasjonskapsler:\n<ol class=\"wp-block-list\">\n<li>Strengt n\u00f8dvendige informasjonskapsler. Dette er informasjonskapsler som er n\u00f8dvendige for driften av leverand\u00f8rens nettsted. De omfatter for eksempel informasjonskapsler som gj\u00f8r det mulig for deg \u00e5 logge inn p\u00e5 sikre omr\u00e5der p\u00e5 Leverand\u00f8rens nettsted og utf\u00f8re transaksjoner.  <\/li>\n\n\n\n<li>Analytiske\/ytelsesrelaterte informasjonskapsler. De gj\u00f8r det mulig for Leverand\u00f8ren \u00e5 gjenkjenne og telle antall bes\u00f8kende og se hvordan de bes\u00f8kende beveger seg rundt p\u00e5 Leverand\u00f8rens nettsted n\u00e5r de bruker det. Dette hjelper Leverand\u00f8ren med \u00e5 forbedre m\u00e5ten nettstedet fungerer p\u00e5, for eksempel ved \u00e5 sikre at brukerne finner det de leter etter enkelt og uten problemer.  <\/li>\n\n\n\n<li>Leverand\u00f8ren bruker informasjonskapsler fra Google Analytics. Google Analytics samler inn informasjon anonymt. Den rapporterer trender p\u00e5 nettstedet uten \u00e5 identifisere individuelle bes\u00f8kende. Du kan velge bort Google Analytics uten at det p\u00e5virker hvordan du bes\u00f8ker dette nettstedet. For mer informasjon om Google Analytics, vennligst klikk her.    <\/li>\n\n\n\n<li>M\u00e5lrettede informasjonskapsler. Disse informasjonskapslene registrerer bes\u00f8ket ditt p\u00e5 leverand\u00f8rens nettsted, hvilke sider du har bes\u00f8kt og hvilke lenker du har fulgt. Leverand\u00f8ren bruker denne informasjonen til \u00e5 gj\u00f8re nettstedet og reklamen som vises p\u00e5 det, mer relevant for dine interesser. Leverand\u00f8ren kan ogs\u00e5 dele denne informasjonen med tredjeparter for dette form\u00e5let.   <\/li>\n<\/ol>\n<\/li>\n\n\n\n<li>V\u00e6r oppmerksom p\u00e5 at tredjeparter (inkludert for eksempel annonsenettverk og leverand\u00f8rer av eksterne tjenester som nettrafikkanalysetjenester) ogs\u00e5 kan bruke informasjonskapsler, som Leverand\u00f8ren ikke har kontroll over. Disse informasjonskapslene vil sannsynligvis v\u00e6re analytiske\/ytelsesbaserte informasjonskapsler eller m\u00e5lrettede informasjonskapsler. <\/li>\n\n\n\n<li>Du kan blokkere informasjonskapsler ved \u00e5 aktivere innstillingen i nettleseren din som lar deg nekte innstillingen av alle eller noen informasjonskapsler. Hvis du bruker nettleserinnstillingene dine til \u00e5 blokkere alle informasjonskapsler (inkludert viktige informasjonskapsler), kan det imidlertid hende at du ikke f\u00e5r tilgang til hele eller deler av leverand\u00f8rens nettsted. <\/li>\n<\/ol>\n\n<p><\/p>\n\n<p class=\"has-text-align-center\">Retningslinjer for informasjonskapsler sist oppdatert: 16. september, 2022 - 1:56PM.<\/p>\n\n<h2 class=\"wp-block-heading\">RETNINGSLINJER FOR PERSONVERN<\/h2>\n\n<p><\/p>\n\n<ol class=\"wp-block-list\">\n<li>Disse salgsbetingelsene gjelder for alle varer levert av Entertainment Gadgets LTD DBA DROIX, med registrert kontor p\u00e5 Unit 54C, North Woolwich Road, E16 2AA, London, Storbritannia, (leverand\u00f8ren).\n<ol class=\"wp-block-list\">\n<li>I den angitte kontrakten er referanser til: Vi (Entertainment Gadgets LTD DBA DROIX) er leverand\u00f8ren, og du (kunden)<\/li>\n<\/ol>\n<\/li>\n<\/ol>\n\n<h2 class=\"wp-block-heading\" id=\"h-navigation\">Navigasjon<\/h2>\n\n<ul class=\"wp-block-list\">\n<li>DATAINNSAMLING<\/li>\n\n\n\n<li>DATABEHANDLING<\/li>\n\n\n\n<li>DATABESKYTTELSE<\/li>\n\n\n\n<li>RETNINGSLINJER FOR PERSONVERN<\/li>\n<\/ul>\n\n<h2 class=\"wp-block-heading\" id=\"h-data-collection\">DATAINNSAMLING<\/h2>\n\n<ol class=\"wp-block-list\">\n<li>Leverand\u00f8ren innhenter personopplysninger fra deg n\u00e5r du kj\u00f8per leverand\u00f8rens produkter.<\/li>\n\n\n\n<li>Leverand\u00f8ren samler inn personopplysninger fra deg og alle enheter (inkludert mobile enheter) du bruker n\u00e5r du: registrerer deg for en konto hos oss, gir Leverand\u00f8ren informasjon i et nettskjema, oppdaterer eller legger til informasjon p\u00e5 kontoen din, deltar i et forum for brukerst\u00f8tte eller n\u00e5r du p\u00e5 annen m\u00e5te korresponderer med Leverand\u00f8ren.\n<ol class=\"wp-block-list\">\n<li>Noen av disse personopplysningene, for eksempel en m\u00e5te \u00e5 identifisere deg p\u00e5, er n\u00f8dvendig for \u00e5 godta leverand\u00f8rens vilk\u00e5r og betingelser for tjenesten. Det er frivillig \u00e5 oppgi alle andre personopplysninger, men de kan v\u00e6re n\u00f8dvendige for \u00e5 kunne bruke tjenestene v\u00e5re, for eksempel for \u00e5 delta i utlodninger, trekninger eller informasjon som er n\u00f8dvendig for \u00e5 gjennomf\u00f8re en transaksjon. <\/li>\n<\/ol>\n<\/li>\n\n\n\n<li>Personopplysninger du oppgir til Leverand\u00f8ren n\u00e5r du gjennomf\u00f8rer et kj\u00f8p eller registrerer deg for en konto hos Leverand\u00f8ren:\n<ol class=\"wp-block-list\">\n<li>Identifikasjonsinformasjon som navn, adresser, telefonnumre eller e-postadresser n\u00e5r du registrerer deg for en konto hos oss.<\/li>\n\n\n\n<li>Ordreinformasjon som er knyttet til kontoen din som f\u00f8lge av en transaksjon du er involvert i.<\/li>\n\n\n\n<li>Annet innhold som du genererer, eller som er knyttet til kontoen din (for eksempel n\u00e5r du legger varer i handlekurven din).<\/li>\n\n\n\n<li>Finansiell informasjon (for eksempel kredittkort- eller bankkontonummer) i forbindelse med en transaksjon.<\/li>\n\n\n\n<li>Porto-, fakturerings- og annen informasjon som brukes til \u00e5 kj\u00f8pe eller sende en vare, samt relevant portoinformasjon (for eksempel sporingsnummer og sporingsoppdateringer).<\/li>\n\n\n\n<li>Du kan ogs\u00e5 gi Leverand\u00f8ren annen informasjon gjennom et nettskjema, ved \u00e5 oppdatere eller legge til informasjon p\u00e5 kontoen din, gjennom deltakelse i forumdiskusjoner, supportforesp\u00f8rsler, eller n\u00e5r du p\u00e5 annen m\u00e5te kommuniserer med Leverand\u00f8ren om Leverand\u00f8rens varer og tjenester.<\/li>\n\n\n\n<li>Ytterligere informasjon som Leverand\u00f8ren er p\u00e5lagt eller autorisert av gjeldende nasjonale lover til \u00e5 samle inn og behandle for \u00e5 autentisere eller identifisere deg eller for \u00e5 verifisere informasjonen Leverand\u00f8ren har samlet inn.<\/li>\n<\/ol>\n<\/li>\n\n\n\n<li>Personopplysninger som Leverand\u00f8ren innhenter automatisk n\u00e5r du gjennomf\u00f8rer et kj\u00f8p eller registrerer deg for en konto hos Leverand\u00f8ren:\n<ol class=\"wp-block-list\">\n<li>Leverand\u00f8ren samler inn informasjon om din interaksjon med nettstedet, dine annonsepreferanser og din kommunikasjon med Leverand\u00f8ren. Dette er informasjon som Leverand\u00f8ren mottar fra enheter (inkludert mobile enheter) du bruker n\u00e5r du g\u00e5r inn p\u00e5 deler av Leverand\u00f8rens nettsted. Denne informasjonen kan omfatte f\u00f8lgende: Enhets-ID eller unik identifikator, enhetstype, ID for annonsering og unikt enhetstoken.  <\/li>\n\n\n\n<li>Stedsinformasjon, inkludert stedsinformasjon fra mobilenheten din. Husk at du p\u00e5 de fleste mobile enheter kan kontrollere eller deaktivere bruken av lokasjonstjenester for alle programmer p\u00e5 den mobile enheten i enhetens innstillingsmeny. <\/li>\n\n\n\n<li>Datamaskin- og tilkoblingsinformasjon, for eksempel statistikk over sidevisninger, trafikk til og fra nettstedene, henvisnings-URL, annonsedata, IP-adressen din, nettleserhistorikken din og nettlogginformasjonen din.<\/li>\n<\/ol>\n<\/li>\n\n\n\n<li>Personopplysninger som Leverand\u00f8ren samler inn ved hjelp av informasjonskapsler og lignende teknologier\n<ol class=\"wp-block-list\">\n<li>Leverand\u00f8ren bruker informasjonskapsler, sporingsbilder, unike identifikatorer og lignende teknologier for \u00e5 samle inn informasjon om sidene du ser p\u00e5, koblingene du klikker p\u00e5, og andre handlinger du utf\u00f8rer n\u00e5r du surfer p\u00e5 leverand\u00f8rens nettsted, i leverand\u00f8rens reklame eller e-postinnhold. For mer informasjon om bruken av disse teknologiene, og hvordan du kan kontrollere dem, se v\u00e5re retningslinjer for informasjonskapsler <\/li>\n<\/ol>\n<\/li>\n\n\n\n<li>Personopplysninger innhentet fra andre kilder\n<ol class=\"wp-block-list\">\n<li>Leverand\u00f8ren supplerer personopplysningene som Leverand\u00f8ren samler inn direkte, med informasjon som samles inn fra tredjeparter og legges til i kontoinformasjonen din. Leverand\u00f8ren samler for eksempel inn og bruker demografisk og annen informasjon som er offentlig tilgjengelig i en gjeldende jurisdiksjon, ytterligere kontaktinformasjon, kredittsjekkinformasjon og informasjon fra kredittopplysningsbyr\u00e5er, i henhold til gjeldende nasjonale lover. <\/li>\n\n\n\n<li>Sosiale medier - Leverand\u00f8ren lar deg dele informasjon med sosiale medier, eller bruke sosiale medier til \u00e5 opprette kontoen din eller til \u00e5 koble kontoen din til det respektive sosiale mediet. Disse sosiale mediene kan gi Leverand\u00f8ren automatisk tilgang til visse personopplysninger som de lagrer om deg (f.eks. innhold du har sett p\u00e5, innhold du har likt, og informasjon om annonser du har blitt vist eller har klikket p\u00e5, osv.) Hvis du gir Leverand\u00f8ren tilgang til et nettsted med videoinnhold, samtykker du i at Leverand\u00f8ren kan dele videovisningen din med, eller innhente informasjon om videovisningen din fra, tredjeparts sosiale medier i minst to \u00e5r eller til du trekker tilbake autorisasjonen eller tilkoblingen til det sosiale mediet. Du kontrollerer personopplysningene du gir Leverand\u00f8ren tilgang til gjennom personverninnstillingene p\u00e5 det aktuelle nettstedet for sosiale medier og tillatelsene du gir Leverand\u00f8ren n\u00e5r du gir Leverand\u00f8ren tilgang til personopplysningene som det aktuelle nettstedet for sosiale medier har om deg. Ved \u00e5 knytte en konto som administreres av et sosialt medienettsted til kontoen din og gi Leverand\u00f8ren tilgang til denne informasjonen, samtykker du i at Leverand\u00f8ren kan samle inn, bruke og oppbevare informasjonen som leveres av disse sosiale medienettstedene i samsvar med denne personvernerkl\u00e6ringen. Leverand\u00f8ren kan ogs\u00e5 bruke plugins eller annen teknologi fra ulike sosiale medier. Hvis du klikker p\u00e5 en lenke som leveres via en plugin for sosiale medier, oppretter du frivillig en forbindelse med det aktuelle nettstedet for sosiale medier.      <\/li>\n\n\n\n<li>Hvis du gir Leverand\u00f8ren personopplysninger om noen andre, m\u00e5 du bare gj\u00f8re det med denne personens tillatelse. Du b\u00f8r informere vedkommende om hvordan Leverand\u00f8ren samler inn, bruker, avsl\u00f8rer og oppbevarer personopplysningene deres i henhold til Leverand\u00f8rens vilk\u00e5r og betingelser. <\/li>\n<\/ol>\n<\/li>\n\n\n\n<li>Informasjon som hjelper Leverand\u00f8ren med \u00e5 levere Leverand\u00f8rens tjenester til deg.\n<ol class=\"wp-block-list\">\n<li>Leverand\u00f8ren samarbeider tett med tredjeparter for \u00e5 hjelpe Leverand\u00f8ren med \u00e5 levere tjenester til deg. Disse tredjepartene er forretningspartnere innen tekniske tjenester, betalings- og leveringstjenester, annonsenettverk, analyseleverand\u00f8rer, leverand\u00f8rer av s\u00f8keinformasjon, kredittopplysningsbyr\u00e5er, svindelforebyggende byr\u00e5er og utviklere. Informasjon som Leverand\u00f8ren kan samle inn om deg fra slike parter, kan omfatte kreditts\u00f8kinformasjon, informasjon som hjelper Leverand\u00f8ren med \u00e5 verifisere identiteten din eller informasjon knyttet til betalingstransaksjonene dine.  <\/li>\n\n\n\n<li>Hvis du tillater det, vil Leverand\u00f8ren samle inn vennelister fra Facebook og lignende informasjon fra andre tredjeparter som Twitter og Google, og Leverand\u00f8ren kan med jevne mellomrom samle inn denne informasjonen p\u00e5 nytt for \u00e5 holde seg oppdatert.<\/li>\n<\/ol>\n<\/li>\n<\/ol>\n\n<p><\/p>\n\n<h2 class=\"wp-block-heading\" id=\"h-data-processing\">DATABEHANDLING<\/h2>\n\n<ol class=\"wp-block-list\">\n<li>Leverand\u00f8ren vil bare bruke personopplysningene dine n\u00e5r loven tillater det. Leverand\u00f8ren kan som oftest bruke personopplysningene dine (for eksempel innsendt informasjon, stedsinformasjon eller transaksjonsinformasjon) til \u00e5 danne seg et bilde av hva leverand\u00f8ren tror du \u00f8nsker eller trenger, eller hva som kan v\u00e6re av interesse for deg. <\/li>\n\n\n\n<li>Leverand\u00f8ren vil kun bruke personopplysningene dine til de form\u00e5lene som Leverand\u00f8ren samlet dem inn for, med mindre Leverand\u00f8ren med rimelighet vurderer at Leverand\u00f8ren trenger \u00e5 bruke dem til et annet form\u00e5l, og at dette form\u00e5let er forenlig med det opprinnelige form\u00e5let.<\/li>\n\n\n\n<li>Hvis du gir ditt uttrykkelige samtykke, kan Leverand\u00f8ren bruke dine identitets-, kontakt-, tekniske, bruks- og\/eller profildata for \u00e5 danne seg et bilde av hva Leverand\u00f8ren tror du \u00f8nsker eller trenger, eller hva som kan v\u00e6re av interesse for deg. Du kan n\u00e5r som helst trekke tilbake samtykket ditt. I noen begrensede tilfeller kan Leverand\u00f8ren kontakte deg om lignende produkter dersom du har kj\u00f8pt produkter fra Leverand\u00f8ren og du ikke har reservert deg mot \u00e5 motta denne informasjonen.  <\/li>\n\n\n\n<li>Avmelding\/avregistrering - Du kan n\u00e5r som helst be Leverand\u00f8ren om \u00e5 slutte \u00e5 sende deg markedsf\u00f8ringsmeldinger ved \u00e5 f\u00f8lge avmeldingslenkene i alle markedsf\u00f8ringsmeldinger som sendes til deg, eller ved \u00e5 kontakte Leverand\u00f8ren n\u00e5r som helst. Hvis du velger \u00e5 ikke motta disse markedsf\u00f8ringsmeldingene, kan du fortsatt motta meldinger for andre form\u00e5l (for eksempel for \u00e5 gi deg relevant bestillings- eller produktrelatert informasjon). <\/li>\n\n\n\n<li>Leverand\u00f8ren kan utlevere opplysningene som Leverand\u00f8ren samler inn fra deg, til visse tredjeparter som bruker personopplysningene til \u00e5 levere sine tjenester til Leverand\u00f8ren, og de bruker opplysningene p\u00e5 en sikker og konfidensiell m\u00e5te og under streng kontraktsmessig kontroll i samsvar med personvernlovgivningen.<\/li>\n\n\n\n<li>Du kan n\u00e5r som helst trekke tilbake samtykket ditt etter at du har gitt ditt eksplisitte samtykke ved \u00e5 kontakte leverand\u00f8ren<\/li>\n<\/ol>\n\n<p><\/p>\n\n<h2 class=\"wp-block-heading\" id=\"h-data-protection\">DATABESKYTTELSE<\/h2>\n\n<ol class=\"wp-block-list\">\n<li>Leverand\u00f8ren vil ta alle rimelige forholdsregler for \u00e5 holde opplysningene om din bestilling og betaling sikre, men med mindre Leverand\u00f8ren er uaktsom, vil Leverand\u00f8ren ikke v\u00e6re ansvarlig for uautorisert tilgang til informasjon som du har oppgitt.<\/li>\n\n\n\n<li>Leverand\u00f8ren begrenser tilgangen til personopplysningene dine til de ansatte, agenter, underleverand\u00f8rer og andre tredjeparter som har et forretningsmessig behov for \u00e5 vite det. De vil kun behandle personopplysningene dine etter instruks fra Leverand\u00f8ren, og de er underlagt taushetsplikt. <\/li>\n\n\n\n<li>Leverand\u00f8ren har innf\u00f8rt prosedyrer for \u00e5 h\u00e5ndtere ethvert mistenkt brudd p\u00e5 personopplysningssikkerheten, og vil varsle deg og eventuelle tilsynsmyndigheter om et brudd der Leverand\u00f8ren er juridisk forpliktet til \u00e5 gj\u00f8re det.<\/li>\n<\/ol>\n\n<p><\/p>\n\n<h2 class=\"wp-block-heading\" id=\"h-privacy-policy\">RETNINGSLINJER FOR PERSONVERN<\/h2>\n\n<ol class=\"wp-block-list\">\n<li>Leverand\u00f8ren lagrer ikke kredittkortopplysninger og deler heller ikke kundeopplysninger med uautoriserte tredjeparter.<\/li>\n\n\n\n<li>Leverand\u00f8ren vil bare oppbevare personopplysningene dine s\u00e5 lenge det er n\u00f8dvendig for \u00e5 oppfylle de form\u00e5lene Leverand\u00f8ren samlet dem inn for, inkludert for \u00e5 oppfylle eventuelle juridiske, regnskapsmessige eller rapporteringsmessige krav.<\/li>\n\n\n\n<li>Leverand\u00f8ren vil generelt oppbevare v\u00e5re kunders data i en periode p\u00e5 6 (seks) \u00e5r etter at en kontrakt er avsluttet, for \u00e5 sikre at leverand\u00f8ren er i stand til \u00e5 hjelpe deg hvis du har sp\u00f8rsm\u00e5l eller tilbakemeldinger i forbindelse med leverand\u00f8rens produkter, eller for \u00e5 beskytte eller forsvare v\u00e5re juridiske rettigheter, eller for skatteform\u00e5l.<\/li>\n\n\n\n<li>Dersom Leverand\u00f8ren har behandlet personopplysningene dine for \u00e5 sende deg markedsf\u00f8ringskommunikasjon med samtykke, kan Leverand\u00f8ren kontakte deg minst hver tolvte (12.) m\u00e5ned for \u00e5 forsikre seg om at du \u00f8nsker \u00e5 fortsette \u00e5 motta slik kommunikasjon. Hvis du forteller Leverand\u00f8ren at du ikke lenger \u00f8nsker \u00e5 motta slik kommunikasjon, vil personopplysningene dine bli fjernet fra Leverand\u00f8rens markedsf\u00f8ringslister (men vil bli lagt til p\u00e5 en \"ikke kontakt\"-liste). <\/li>\n\n\n\n<li>Hvis Leverand\u00f8ren har behandlet opplysningene dine av andre grunner (for eksempel hvis du har kontaktet Leverand\u00f8ren med et sp\u00f8rsm\u00e5l i forbindelse med produkter eller tjenester), vil Leverand\u00f8ren oppbevare opplysningene dine i tolv (12) m\u00e5neder.<\/li>\n\n\n\n<li>Under visse omstendigheter kan Leverand\u00f8ren anonymisere personopplysningene dine (slik at de ikke lenger kan knyttes til deg) for forsknings- eller statistikkform\u00e5l, og i s\u00e5 fall kan Leverand\u00f8ren bruke disse opplysningene p\u00e5 ubestemt tid uten \u00e5 varsle deg om dette.<\/li>\n\n\n\n<li>Under visse omstendigheter har du rettigheter i henhold til personvernlovgivningen n\u00e5r det gjelder personopplysningene dine. Disse rettighetene er beskrevet nedenfor: \n<ol class=\"wp-block-list\">\n<li>Be om tilgang til personopplysningene dine (ofte kjent som en \"innsynsbegj\u00e6ring\"). Dette gj\u00f8r det mulig for deg \u00e5 f\u00e5 en kopi av personopplysningene Leverand\u00f8ren har om deg, og \u00e5 kontrollere at Leverand\u00f8ren behandler dem p\u00e5 lovlig vis. <\/li>\n\n\n\n<li>Be om korrigering av personopplysningene som Leverand\u00f8ren har om deg. Dette gj\u00f8r det mulig for deg \u00e5 f\u00e5 korrigert eventuelle ufullstendige eller un\u00f8yaktige opplysninger som Leverand\u00f8ren har om deg, selv om Leverand\u00f8ren kanskje m\u00e5 verifisere n\u00f8yaktigheten av de nye opplysningene du gir til Leverand\u00f8ren. <\/li>\n\n\n\n<li>Be om sletting av personopplysningene dine. Dette gir deg mulighet til \u00e5 be Leverand\u00f8ren om \u00e5 slette eller fjerne personopplysninger der det ikke er noen god grunn for Leverand\u00f8ren til \u00e5 fortsette \u00e5 behandle dem. Du har ogs\u00e5 rett til \u00e5 be Leverand\u00f8ren om \u00e5 slette eller fjerne personopplysningene dine n\u00e5r du har ut\u00f8vd din rett til \u00e5 protestere mot behandlingen, n\u00e5r Leverand\u00f8ren kan ha behandlet opplysningene dine p\u00e5 ulovlig vis eller n\u00e5r Leverand\u00f8ren er p\u00e5lagt \u00e5 slette personopplysningene dine for \u00e5 overholde lokal lovgivning. V\u00e6r imidlertid oppmerksom p\u00e5 at Leverand\u00f8ren ikke alltid vil v\u00e6re i stand til \u00e5 etterkomme din foresp\u00f8rsel om sletting av spesifikke juridiske grunner, som du eventuelt vil bli informert om p\u00e5 tidspunktet for foresp\u00f8rselen din.   <\/li>\n\n\n\n<li>Protestere mot behandling av personopplysningene dine dersom Leverand\u00f8ren p\u00e5beroper seg en berettiget interesse (eller en tredjeparts berettigede interesse) og det er noe ved din spesielle situasjon som gj\u00f8r at du \u00f8nsker \u00e5 protestere mot behandlingen p\u00e5 dette grunnlaget, fordi du mener at det p\u00e5virker dine grunnleggende rettigheter og friheter. Du har ogs\u00e5 rett til \u00e5 protestere dersom leverand\u00f8ren behandler personopplysningene dine for direkte markedsf\u00f8ringsform\u00e5l. I noen tilfeller kan Leverand\u00f8ren p\u00e5vise at Leverand\u00f8ren har overbevisende legitime grunner til \u00e5 behandle opplysningene dine som g\u00e5r foran dine rettigheter og friheter.  <\/li>\n\n\n\n<li>Be om begrensning av behandlingen av personopplysningene dine. Dette gj\u00f8r det mulig for deg \u00e5 be Leverand\u00f8ren om \u00e5 stanse behandlingen av personopplysningene dine i f\u00f8lgende tilfeller: hvis du vil at Leverand\u00f8ren skal fastsl\u00e5 n\u00f8yaktigheten av opplysningene; hvis Leverand\u00f8rens bruk av opplysningene er ulovlig, men du ikke vil at Leverand\u00f8ren skal slette dem; hvis du trenger at Leverand\u00f8ren oppbevarer opplysningene selv om Leverand\u00f8ren ikke lenger trenger dem, fordi du trenger dem for \u00e5 fastsette, gj\u00f8re gjeldende eller forsvare rettskrav; eller hvis du har protestert mot Leverand\u00f8rens bruk av opplysningene dine, men Leverand\u00f8ren m\u00e5 verifisere om Leverand\u00f8ren har et tvingende legitimt grunnlag for \u00e5 bruke dem. <\/li>\n\n\n\n<li>Be om overf\u00f8ring av personopplysningene dine (som registrert) til deg eller til en tredjepart. Trekke tilbake samtykket n\u00e5r som helst der Leverand\u00f8ren baserer seg p\u00e5 samtykke til \u00e5 behandle personopplysningene dine. Dette vil imidlertid ikke p\u00e5virke lovligheten av behandlingen som er utf\u00f8rt f\u00f8r du trekker tilbake samtykket ditt. Hvis du trekker tilbake samtykket ditt, kan det hende at Leverand\u00f8ren ikke kan levere visse produkter eller tjenester til deg. Leverand\u00f8ren vil informere deg om dette p\u00e5 det tidspunktet du trekker tilbake samtykket ditt. Hvis du \u00f8nsker \u00e5 ut\u00f8ve noen av rettighetene som er beskrevet ovenfor, kan du kontakte leverand\u00f8ren direkte via deres kontaktinformasjon.     <\/li>\n\n\n\n<li>Det kreves vanligvis ikke noe gebyr, og du trenger ikke \u00e5 betale et gebyr for \u00e5 f\u00e5 tilgang til personopplysningene dine (eller for \u00e5 ut\u00f8ve noen av de andre rettighetene). Leverand\u00f8ren kan imidlertid kreve et rimelig gebyr hvis foresp\u00f8rselen din er \u00e5penbart ubegrunnet, gjentakende eller overdreven. Alternativt kan Leverand\u00f8ren nekte \u00e5 etterkomme foresp\u00f8rselen din under disse omstendighetene.  <\/li>\n<\/ol>\n<\/li>\n\n\n\n<li>Leverand\u00f8ren kan ha behov for \u00e5 be om spesifikk informasjon fra deg for \u00e5 hjelpe leverand\u00f8ren med \u00e5 bekrefte identiteten din og sikre din rett til \u00e5 f\u00e5 tilgang til personopplysningene dine (eller til \u00e5 ut\u00f8ve andre av dine rettigheter). Dette er et sikkerhetstiltak for \u00e5 sikre at personopplysningene ikke utleveres til personer som ikke har rett til \u00e5 motta dem. Leverand\u00f8ren kan ogs\u00e5 kontakte deg for \u00e5 be deg om ytterligere informasjon i forbindelse med foresp\u00f8rselen din for \u00e5 fremskynde leverand\u00f8rens svar.  <\/li>\n\n\n\n<li>Du har n\u00e5r som helst rett til \u00e5 klage til ICO, den britiske tilsynsmyndigheten for databeskyttelse (p\u00e5 www.ico.org.uk). Leverand\u00f8ren vil imidlertid sette pris p\u00e5 \u00e5 f\u00e5 muligheten til \u00e5 h\u00e5ndtere bekymringene dine f\u00f8r du henvender deg til ICO, s\u00e5 vennligst kontakt oss i f\u00f8rste omgang. <\/li>\n<\/ol>\n\n<p><\/p>\n\n<p class=\"has-text-align-center\">Personvernerkl\u00e6ring sist oppdatert: 16. september, 2022 - 1:56PM.<\/p>\n","protected":false},"excerpt":{"rendered":"<p>COOKIE-POLITIKK Retningslinjer for informasjonskapsler sist oppdatert: 16. september, 2022 - 1:56PM. RETNINGSLINJER FOR PERSONVERN Navigasjon DATAINNSAMLING DATABEHANDLING DATABESKYTTELSE RETNINGSLINJER FOR PERSONVERN Personvernerkl\u00e6ring sist oppdatert: 16. september, 2022 - 1:56PM.<\/p>\n","protected":false},"author":5,"featured_media":0,"parent":0,"menu_order":0,"comment_status":"closed","ping_status":"closed","template":"","meta":{"footnotes":""},"class_list":["post-280819","page","type-page","status-publish"],"aioseo_notices":[],"_links":{"self":[{"href":"https:\/\/droix.net\/blogs\/no\/wp-json\/wp\/v2\/pages\/280819","targetHints":{"allow":["GET"]}}],"collection":[{"href":"https:\/\/droix.net\/blogs\/no\/wp-json\/wp\/v2\/pages"}],"about":[{"href":"https:\/\/droix.net\/blogs\/no\/wp-json\/wp\/v2\/types\/page"}],"author":[{"embeddable":true,"href":"https:\/\/droix.net\/blogs\/no\/wp-json\/wp\/v2\/users\/5"}],"replies":[{"embeddable":true,"href":"https:\/\/droix.net\/blogs\/no\/wp-json\/wp\/v2\/comments?post=280819"}],"version-history":[{"count":1,"href":"https:\/\/droix.net\/blogs\/no\/wp-json\/wp\/v2\/pages\/280819\/revisions"}],"predecessor-version":[{"id":280823,"href":"https:\/\/droix.net\/blogs\/no\/wp-json\/wp\/v2\/pages\/280819\/revisions\/280823"}],"wp:attachment":[{"href":"https:\/\/droix.net\/blogs\/no\/wp-json\/wp\/v2\/media?parent=280819"}],"curies":[{"name":"wp","href":"https:\/\/api.w.org\/{rel}","templated":true}]}}