{"id":137476,"date":"2019-12-10T17:32:45","date_gmt":"2019-12-10T17:32:45","guid":{"rendered":"https:\/\/droix.net\/blogs\/kontakt\/"},"modified":"2025-05-27T15:48:44","modified_gmt":"2025-05-27T14:48:44","slug":"kontakt","status":"publish","type":"page","link":"https:\/\/droix.net\/blogs\/pl\/kontakt\/","title":{"rendered":"Kontakt"},"content":{"rendered":"\n<h1>Kontakt<\/h1>\n\n<div style=\"height:20px\" aria-hidden=\"true\" class=\"wp-block-spacer\"><\/div>\n\n<p>Chcemy zapewni\u0107 Ci wspania\u0142e wra\u017cenia, dlatego chcemy us\u0142ysze\u0107 od Ciebie. Twoja opinia pomaga nam dostarcza\u0107 Ci wi\u0119cej wydarze\u0144, kt\u00f3re kochasz i us\u0142ug, kt\u00f3rych oczekujesz.<\/p>\n\n<hr class=\"wp-block-separator has-css-opacity is-style-default\"\/>\n\n<div class=\"wp-block-media-text alignwide is-stacked-on-mobile\" style=\"grid-template-columns:20% auto\"><figure class=\"wp-block-media-text__media\"><img decoding=\"async\" width=\"194\" height=\"60\" src=\"https:\/\/droix.net\/blogs\/wp-content\/uploads\/2024\/12\/droix-v2-blog-main-logo.png\" alt=\"\" class=\"wp-image-265396 size-full\"\/><\/figure><div class=\"wp-block-media-text__content\">\n<p class=\"has-large-font-size\"><a href=\"https:\/\/go.droix.co.uk\/droix-landing\">DOWIEDZ SI\u0118 WI\u0118CEJ<\/a><\/p>\n<\/div><\/div>\n","protected":false},"excerpt":{"rendered":"<p>Kontakt Chcemy zapewni\u0107 Ci wspania\u0142e wra\u017cenia, dlatego chcemy us\u0142ysze\u0107 od Ciebie. Twoja opinia pomaga nam dostarcza\u0107 Ci wi\u0119cej wydarze\u0144, kt\u00f3re kochasz i us\u0142ug, kt\u00f3rych oczekujesz. DOWIEDZ SI\u0118 WI\u0118CEJ<\/p>\n","protected":false},"author":5,"featured_media":58893,"parent":0,"menu_order":0,"comment_status":"closed","ping_status":"closed","template":"","meta":{"footnotes":""},"class_list":["post-137476","page","type-page","status-publish","has-post-thumbnail"],"aioseo_notices":[],"_links":{"self":[{"href":"https:\/\/droix.net\/blogs\/pl\/wp-json\/wp\/v2\/pages\/137476","targetHints":{"allow":["GET"]}}],"collection":[{"href":"https:\/\/droix.net\/blogs\/pl\/wp-json\/wp\/v2\/pages"}],"about":[{"href":"https:\/\/droix.net\/blogs\/pl\/wp-json\/wp\/v2\/types\/page"}],"author":[{"embeddable":true,"href":"https:\/\/droix.net\/blogs\/pl\/wp-json\/wp\/v2\/users\/5"}],"replies":[{"embeddable":true,"href":"https:\/\/droix.net\/blogs\/pl\/wp-json\/wp\/v2\/comments?post=137476"}],"version-history":[{"count":2,"href":"https:\/\/droix.net\/blogs\/pl\/wp-json\/wp\/v2\/pages\/137476\/revisions"}],"predecessor-version":[{"id":280797,"href":"https:\/\/droix.net\/blogs\/pl\/wp-json\/wp\/v2\/pages\/137476\/revisions\/280797"}],"wp:featuredmedia":[{"embeddable":true,"href":"https:\/\/droix.net\/blogs\/pl\/wp-json\/wp\/v2\/media\/58893"}],"wp:attachment":[{"href":"https:\/\/droix.net\/blogs\/pl\/wp-json\/wp\/v2\/media?parent=137476"}],"curies":[{"name":"wp","href":"https:\/\/api.w.org\/{rel}","templated":true}]}}