{"id":136207,"date":"2021-09-07T16:06:06","date_gmt":"2021-09-07T15:06:06","guid":{"rendered":"https:\/\/droix.net\/blogs\/cookies-e-politica-de-privacidade\/"},"modified":"2025-05-27T15:49:03","modified_gmt":"2025-05-27T14:49:03","slug":"cookies-e-politica-de-privacidade","status":"publish","type":"page","link":"https:\/\/droix.net\/blogs\/pt-pt\/cookies-e-politica-de-privacidade\/","title":{"rendered":"Cookies e pol\u00edtica de privacidade"},"content":{"rendered":"\n<h2 class=\"wp-block-heading\" id=\"h-cookie-policy\">POL\u00cdTICA DE COOKIES<\/h2>\n\n<p><\/p>\n\n<ol class=\"wp-block-list\">\n<li>As presentes condi\u00e7\u00f5es de venda aplicam-se a todos os bens fornecidos pela Entertainment Gadgets LTD DBA DROIX, com sede social em Unit 54C, North Woolwich Road, E16 2AA, Londres, Reino Unido, (o Fornecedor).\n<ol class=\"wp-block-list\">\n<li>No contrato estabelecido, as refer\u00eancias s\u00e3o para: N\u00f3s (Entertainment Gadgets LTD DBA DROIX) somos o Fornecedor, e tu (o Cliente)<\/li>\n<\/ol>\n<\/li>\n<\/ol>\n\n<ol class=\"wp-block-list\">\n<li>O s\u00edtio Web do Fornecedor utiliza cookies para distinguir o cliente, ou seja, o Utilizador, de outros utilizadores do s\u00edtio Web. Isto ajuda o Fornecedor a proporcionar-lhe uma boa experi\u00eancia quando navega no s\u00edtio Web do Fornecedor e tamb\u00e9m permite ao Fornecedor melhorar o nosso s\u00edtio. Ao continuar a navegar no s\u00edtio, o utilizador est\u00e1 a concordar com a utiliza\u00e7\u00e3o de cookies pelo Fornecedor.<\/li>\n\n\n\n<li>Um cookie \u00e9 um pequeno ficheiro de letras e n\u00fameros que o Fornecedor armazena no seu browser ou no disco r\u00edgido do seu computador ou telem\u00f3vel, se concordar. Os cookies cont\u00eam informa\u00e7\u00f5es que s\u00e3o transferidas para o disco r\u00edgido do seu computador.<\/li>\n\n\n\n<li>O Fornecedor utiliza os seguintes cookies:\n<ol class=\"wp-block-list\">\n<li>Cookies estritamente necess\u00e1rios. Trata-se de cookies que s\u00e3o necess\u00e1rios para o funcionamento do s\u00edtio Web do Fornecedor. Incluem, por exemplo, cookies que lhe permitem iniciar sess\u00e3o em \u00e1reas seguras do s\u00edtio Web do Fornecedor e efetuar transac\u00e7\u00f5es.<\/li>\n\n\n\n<li>Cookies anal\u00edticos\/de desempenho. Permitem ao Fornecedor reconhecer e contar o n\u00famero de visitantes e ver como estes se movimentam no s\u00edtio Web do Fornecedor quando o utilizam. Isto ajuda o fornecedor a melhorar o funcionamento do s\u00edtio Web, por exemplo, garantindo que os utilizadores encontram facilmente e sem problemas o que procuram.<\/li>\n\n\n\n<li>O Fornecedor utiliza cookies do Google Analytics. O Google Analytics recolhe informa\u00e7\u00f5es de forma an\u00f3nima. Comunica as tend\u00eancias do s\u00edtio Web sem identificar os visitantes individuais. Pode optar por sair do Google Analytics sem afetar a forma como visita este s\u00edtio. Para obter mais informa\u00e7\u00f5es sobre o Google Analytics, clique aqui.<\/li>\n\n\n\n<li>Cookies de segmenta\u00e7\u00e3o. Estes cookies registam a sua visita ao s\u00edtio Web do Fornecedor, as p\u00e1ginas que visitou e as liga\u00e7\u00f5es que seguiu. O Fornecedor utiliza estas informa\u00e7\u00f5es para tornar o s\u00edtio Web e a publicidade nele apresentada mais relevantes para os interesses do utilizador. O Fornecedor pode tamb\u00e9m partilhar estas informa\u00e7\u00f5es com terceiros para este efeito.<\/li>\n<\/ol>\n<\/li>\n\n\n\n<li>Note-se que terceiros (incluindo, por exemplo, redes de publicidade e fornecedores de servi\u00e7os externos, como servi\u00e7os de an\u00e1lise de tr\u00e1fego web) tamb\u00e9m podem utilizar cookies, sobre os quais o Fornecedor n\u00e3o tem qualquer controlo. \u00c9 prov\u00e1vel que estes cookies sejam cookies anal\u00edticos\/de desempenho ou cookies de sele\u00e7\u00e3o.<\/li>\n\n\n\n<li>Pode bloquear os cookies activando a defini\u00e7\u00e3o no seu navegador que lhe permite recusar a defini\u00e7\u00e3o de todos ou alguns cookies. No entanto, se o utilizador utilizar as defini\u00e7\u00f5es do seu browser para bloquear todos os cookies (incluindo os cookies essenciais), poder\u00e1 n\u00e3o conseguir aceder \u00e0 totalidade ou a partes do s\u00edtio Web do Fornecedor.<\/li>\n<\/ol>\n\n<p><\/p>\n\n<p class=\"has-text-align-center\">\u00daltima atualiza\u00e7\u00e3o da pol\u00edtica de cookies: 16 setembro, 2022 - 1:56PM.<\/p>\n\n<h2 class=\"wp-block-heading\">POL\u00cdTICA DE PRIVACIDADE<\/h2>\n\n<p><\/p>\n\n<ol class=\"wp-block-list\">\n<li>As presentes condi\u00e7\u00f5es de venda aplicam-se a todos os bens fornecidos pela Entertainment Gadgets LTD DBA DROIX, com sede social em Unit 54C, North Woolwich Road, E16 2AA, Londres, Reino Unido, (o Fornecedor).\n<ol class=\"wp-block-list\">\n<li>No contrato estabelecido, as refer\u00eancias s\u00e3o para: N\u00f3s (Entertainment Gadgets LTD DBA DROIX) somos o Fornecedor, e tu (o Cliente)<\/li>\n<\/ol>\n<\/li>\n<\/ol>\n\n<h2 class=\"wp-block-heading\" id=\"h-navigation\">Navega\u00e7\u00e3o<\/h2>\n\n<ul class=\"wp-block-list\">\n<li>RECOLHA DE DADOS<\/li>\n\n\n\n<li>PROCESSAMENTO DE DADOS<\/li>\n\n\n\n<li>PROTEC\u00c7\u00c3O DE DADOS<\/li>\n\n\n\n<li>POL\u00cdTICA DE PRIVACIDADE<\/li>\n<\/ul>\n\n<h2 class=\"wp-block-heading\" id=\"h-data-collection\">RECOLHA DE DADOS<\/h2>\n\n<ol class=\"wp-block-list\">\n<li>O Fornecedor recolhe informa\u00e7\u00f5es pessoais do utilizador quando este compra os produtos do Fornecedor.<\/li>\n\n\n\n<li>O Fornecedor recolhe informa\u00e7\u00f5es pessoais do utilizador e de quaisquer dispositivos (incluindo dispositivos m\u00f3veis) que utilize quando: se regista numa conta connosco, fornece informa\u00e7\u00f5es ao Fornecedor num formul\u00e1rio Web, actualiza ou adiciona informa\u00e7\u00f5es \u00e0 sua conta, participa num f\u00f3rum de Apoio ou quando se corresponde de outra forma com o Fornecedor.\n<ol class=\"wp-block-list\">\n<li>Algumas destas informa\u00e7\u00f5es pessoais, tais como uma forma de o identificar, s\u00e3o necess\u00e1rias para aceitar os Termos e Condi\u00e7\u00f5es de Servi\u00e7o do Fornecedor. O fornecimento de todas as outras informa\u00e7\u00f5es pessoais \u00e9 volunt\u00e1rio, mas pode ser necess\u00e1rio para utilizar os nossos Servi\u00e7os, tais como a participa\u00e7\u00e3o em concursos, sorteios ou as informa\u00e7\u00f5es necess\u00e1rias para concluir uma transa\u00e7\u00e3o.<\/li>\n<\/ol>\n<\/li>\n\n\n\n<li>Informa\u00e7\u00f5es pessoais que fornece ao Fornecedor quando efectua uma compra ou se regista numa conta com o Fornecedor:\n<ol class=\"wp-block-list\">\n<li>Informa\u00e7\u00f5es de identifica\u00e7\u00e3o, como o seu nome, moradas, n\u00fameros de telefone ou endere\u00e7os de correio eletr\u00f3nico, quando se regista numa conta connosco.<\/li>\n\n\n\n<li>Informa\u00e7\u00f5es sobre encomendas que est\u00e3o ligadas \u00e0 sua conta em resultado de uma transa\u00e7\u00e3o em que est\u00e1 envolvido.<\/li>\n\n\n\n<li>Outros conte\u00fados que o utilizador gera ou que est\u00e3o ligados \u00e0 sua conta (como adicionar artigos ao seu cesto).<\/li>\n\n\n\n<li>Informa\u00e7\u00f5es financeiras (tais como n\u00fameros de cart\u00f5es de cr\u00e9dito ou de contas banc\u00e1rias) relacionadas com uma transa\u00e7\u00e3o.<\/li>\n\n\n\n<li>Informa\u00e7\u00f5es sobre os portes de envio, fatura\u00e7\u00e3o e outras informa\u00e7\u00f5es utilizadas para comprar ou enviar um artigo e informa\u00e7\u00f5es relevantes sobre os portes de envio (tais como n\u00fameros de rastreio e actualiza\u00e7\u00f5es de rastreio).<\/li>\n\n\n\n<li>Tamb\u00e9m pode fornecer ao Fornecedor outras informa\u00e7\u00f5es atrav\u00e9s de um formul\u00e1rio Web, actualizando ou adicionando informa\u00e7\u00f5es \u00e0 sua conta, atrav\u00e9s da sua participa\u00e7\u00e3o em f\u00f3runs de discuss\u00e3o, pedidos de apoio ou quando comunica com o Fornecedor relativamente aos bens e servi\u00e7os do Fornecedor.<\/li>\n\n\n\n<li>Informa\u00e7\u00f5es adicionais que o Fornecedor \u00e9 obrigado ou autorizado pela legisla\u00e7\u00e3o nacional aplic\u00e1vel a recolher e processar para autenticar ou identificar o utilizador ou para verificar as informa\u00e7\u00f5es que o Fornecedor recolheu.<\/li>\n<\/ol>\n<\/li>\n\n\n\n<li>Informa\u00e7\u00f5es pessoais que o Fornecedor recolhe automaticamente quando o utilizador utiliza para efetuar uma compra ou se regista numa conta com o Fornecedor:\n<ol class=\"wp-block-list\">\n<li>O Fornecedor recolhe informa\u00e7\u00f5es sobre a sua intera\u00e7\u00e3o com o website, as suas prefer\u00eancias de publicidade e as suas comunica\u00e7\u00f5es com o Fornecedor. Trata-se de informa\u00e7\u00f5es que o Fornecedor recebe de dispositivos (incluindo dispositivos m\u00f3veis) que utiliza quando acede a partes do s\u00edtio Web do Fornecedor. Estas informa\u00e7\u00f5es podem incluir o seguinte: ID do dispositivo ou identificador \u00fanico, tipo de dispositivo, ID para publicidade e token \u00fanico do dispositivo.<\/li>\n\n\n\n<li>Informa\u00e7\u00f5es de localiza\u00e7\u00e3o, incluindo informa\u00e7\u00f5es de localiza\u00e7\u00e3o do seu dispositivo m\u00f3vel. Tenha em aten\u00e7\u00e3o que a maioria dos dispositivos m\u00f3veis permite controlar ou desativar a utiliza\u00e7\u00e3o de servi\u00e7os de localiza\u00e7\u00e3o por qualquer aplica\u00e7\u00e3o no seu dispositivo m\u00f3vel no menu de defini\u00e7\u00f5es do dispositivo.<\/li>\n\n\n\n<li>Informa\u00e7\u00f5es sobre o computador e a liga\u00e7\u00e3o, tais como estat\u00edsticas sobre as suas visualiza\u00e7\u00f5es de p\u00e1ginas, tr\u00e1fego de e para os s\u00edtios, URL de refer\u00eancia, dados de an\u00fancios, o seu endere\u00e7o IP, o seu hist\u00f3rico de navega\u00e7\u00e3o e as suas informa\u00e7\u00f5es de registo na Web.<\/li>\n<\/ol>\n<\/li>\n\n\n\n<li>Informa\u00e7\u00f5es pessoais que o Fornecedor recolhe utilizando cookies e tecnologias semelhantes\n<ol class=\"wp-block-list\">\n<li>O Fornecedor utiliza cookies, web beacons, identificadores \u00fanicos e tecnologias semelhantes para recolher informa\u00e7\u00f5es sobre as p\u00e1ginas que visualiza, as hiperliga\u00e7\u00f5es em que clica e outras ac\u00e7\u00f5es que executa quando navega no Web site do Fornecedor, na publicidade do Fornecedor ou no conte\u00fado de correio eletr\u00f3nico. Para mais informa\u00e7\u00f5es sobre a utiliza\u00e7\u00e3o destas tecnologias e sobre como control\u00e1-las, consulte a nossa Pol\u00edtica de Cookies<\/li>\n<\/ol>\n<\/li>\n\n\n\n<li>Informa\u00e7\u00f5es pessoais recolhidas de outras fontes\n<ol class=\"wp-block-list\">\n<li>O Fornecedor complementa as informa\u00e7\u00f5es pessoais que recolhe diretamente com informa\u00e7\u00f5es recolhidas junto de terceiros e adiciona-as \u00e0s informa\u00e7\u00f5es da sua conta. Por exemplo, o Fornecedor recolhe e utiliza informa\u00e7\u00f5es demogr\u00e1ficas e outras informa\u00e7\u00f5es que est\u00e3o publicamente dispon\u00edveis numa jurisdi\u00e7\u00e3o aplic\u00e1vel, informa\u00e7\u00f5es de contacto adicionais, informa\u00e7\u00f5es de verifica\u00e7\u00e3o de cr\u00e9dito e informa\u00e7\u00f5es de ag\u00eancias de cr\u00e9dito, conforme permitido pelas leis nacionais aplic\u00e1veis.<\/li>\n\n\n\n<li>Redes sociais - O Fornecedor permite-lhe partilhar informa\u00e7\u00f5es com sites de redes sociais, ou utilizar sites de redes sociais para criar a sua conta ou para ligar a sua conta ao respetivo site de redes sociais. Esses s\u00edtios de redes sociais podem dar ao Fornecedor um acesso autom\u00e1tico a determinadas informa\u00e7\u00f5es pessoais retidas por eles sobre o utilizador (por exemplo, conte\u00fado visualizado pelo utilizador, conte\u00fado apreciado pelo utilizador e informa\u00e7\u00f5es sobre os an\u00fancios que lhe foram mostrados ou em que clicou, etc.). Se fornecer ao Fornecedor o acesso a qualquer site com conte\u00fado de v\u00eddeo, concorda que o Fornecedor pode partilhar a visualiza\u00e7\u00e3o do seu v\u00eddeo com, ou obter informa\u00e7\u00f5es sobre a visualiza\u00e7\u00e3o do seu v\u00eddeo de, sites de redes sociais de terceiros durante pelo menos dois anos ou at\u00e9 retirar a autoriza\u00e7\u00e3o ou liga\u00e7\u00e3o ao site de redes sociais. O utilizador controla as informa\u00e7\u00f5es pessoais a que permite que o Fornecedor tenha acesso atrav\u00e9s das defini\u00e7\u00f5es de privacidade no s\u00edtio de redes sociais aplic\u00e1vel e as permiss\u00f5es que d\u00e1 ao Fornecedor quando concede ao Fornecedor acesso \u00e0s informa\u00e7\u00f5es pessoais retidas pelo respetivo s\u00edtio de redes sociais sobre o utilizador. Ao associar uma conta gerida por um site de redes sociais \u00e0 sua conta e ao autorizar o Fornecedor a ter acesso a estas informa\u00e7\u00f5es, o utilizador concorda que o Fornecedor pode recolher, utilizar e reter as informa\u00e7\u00f5es fornecidas por estes sites de redes sociais em conformidade com este aviso de privacidade. O Fornecedor pode tamb\u00e9m utilizar plugins ou outras tecnologias de v\u00e1rios s\u00edtios de redes sociais. Se clicar numa liga\u00e7\u00e3o fornecida atrav\u00e9s de um plug-in de redes sociais, est\u00e1 a estabelecer voluntariamente uma liga\u00e7\u00e3o com o respetivo s\u00edtio de redes sociais.<\/li>\n\n\n\n<li>Se fornecer ao Fornecedor informa\u00e7\u00f5es pessoais sobre outra pessoa, deve faz\u00ea-lo apenas com a autoriza\u00e7\u00e3o dessa pessoa. Deve inform\u00e1-los sobre a forma como o Fornecedor recolhe, utiliza, divulga e conserva as suas informa\u00e7\u00f5es pessoais, de acordo com os Termos e Condi\u00e7\u00f5es do Fornecedor.<\/li>\n<\/ol>\n<\/li>\n\n\n\n<li>Informa\u00e7\u00f5es para ajudar o Fornecedor a prestar o servi\u00e7o ao utilizador.\n<ol class=\"wp-block-list\">\n<li>O Fornecedor trabalha em estreita colabora\u00e7\u00e3o com terceiros para o ajudar a prestar servi\u00e7os ao utilizador. Estes terceiros s\u00e3o parceiros comerciais em servi\u00e7os t\u00e9cnicos, de pagamento e de entrega, redes de publicidade, fornecedores de an\u00e1lises, fornecedores de informa\u00e7\u00f5es de pesquisa, ag\u00eancias de refer\u00eancia de cr\u00e9dito, ag\u00eancias de preven\u00e7\u00e3o de fraudes e programadores. As informa\u00e7\u00f5es que o Fornecedor pode recolher sobre o utilizador junto dessas partes podem incluir informa\u00e7\u00f5es de pesquisa de cr\u00e9dito, informa\u00e7\u00f5es que ajudam o Fornecedor a verificar a identidade do utilizador ou informa\u00e7\u00f5es relacionadas com as suas transac\u00e7\u00f5es de pagamento.<\/li>\n\n\n\n<li>Se o utilizador permitir que o Fornecedor o fa\u00e7a, este recolher\u00e1 listas de amigos do Facebook e informa\u00e7\u00f5es semelhantes de outros terceiros, como o Twitter e o Google, e o Fornecedor poder\u00e1 voltar a recolher periodicamente estas informa\u00e7\u00f5es para se manter atualizado.<\/li>\n<\/ol>\n<\/li>\n<\/ol>\n\n<p><\/p>\n\n<h2 class=\"wp-block-heading\" id=\"h-data-processing\">PROCESSAMENTO DE DADOS<\/h2>\n\n<ol class=\"wp-block-list\">\n<li>O Fornecedor s\u00f3 utilizar\u00e1 os seus dados pessoais quando a lei o permitir. Geralmente, o Fornecedor pode utilizar os dados pessoais do utilizador (tais como as informa\u00e7\u00f5es enviadas, as informa\u00e7\u00f5es de localiza\u00e7\u00e3o ou as informa\u00e7\u00f5es sobre transac\u00e7\u00f5es) para formar uma opini\u00e3o sobre o que o Fornecedor pensa que o utilizador pode querer ou precisar, ou o que pode ser do seu interesse.<\/li>\n\n\n\n<li>O Fornecedor apenas utilizar\u00e1 os dados pessoais do utilizador para os fins para os quais os recolheu, a menos que o Fornecedor considere razoavelmente que necessita de os utilizar por outro motivo e que esse motivo \u00e9 compat\u00edvel com o objetivo original.<\/li>\n\n\n\n<li>Se o utilizador der o seu consentimento expresso, o Fornecedor poder\u00e1 utilizar os seus dados de identidade, contacto, t\u00e9cnicos, de utiliza\u00e7\u00e3o e\/ou de perfil para formar uma opini\u00e3o sobre o que o Fornecedor pensa que o utilizador pode querer ou precisar, ou o que pode ser do seu interesse. O utilizador pode retirar o seu consentimento em qualquer altura. Em algumas circunst\u00e2ncias limitadas, o Fornecedor pode contact\u00e1-lo sobre produtos semelhantes, caso tenha adquirido produtos do Fornecedor e n\u00e3o tenha optado por n\u00e3o receber estas informa\u00e7\u00f5es.<\/li>\n\n\n\n<li>Cancelamento da subscri\u00e7\u00e3o - O utilizador pode solicitar ao Fornecedor que deixe de lhe enviar mensagens de marketing em qualquer altura, seguindo as liga\u00e7\u00f5es de cancelamento de subscri\u00e7\u00e3o em qualquer mensagem de marketing que lhe seja enviada ou contactando o Fornecedor em qualquer altura. Se o utilizador optar por n\u00e3o receber estas mensagens de marketing, poder\u00e1 continuar a receber mensagens para outros fins (como fornecer-lhe a encomenda relevante ou informa\u00e7\u00f5es relacionadas com o produto).<\/li>\n\n\n\n<li>O Fornecedor pode divulgar os dados que recolhe do utilizador a determinados terceiros que utilizam os dados pessoais na presta\u00e7\u00e3o dos seus servi\u00e7os ao Fornecedor. Estes utilizam os dados de forma segura e confidencial e sob controlos contratuais rigorosos, em conformidade com as leis de prote\u00e7\u00e3o de dados.<\/li>\n\n\n\n<li>O utilizador pode retirar o seu consentimento em qualquer altura ap\u00f3s ter dado o seu consentimento expl\u00edcito, contactando o Fornecedor<\/li>\n<\/ol>\n\n<p><\/p>\n\n<h2 class=\"wp-block-heading\" id=\"h-data-protection\">PROTEC\u00c7\u00c3O DE DADOS<\/h2>\n\n<ol class=\"wp-block-list\">\n<li>O Fornecedor tomar\u00e1 todas as precau\u00e7\u00f5es razo\u00e1veis para manter seguros os detalhes da sua encomenda e do seu pagamento, mas, a menos que o Fornecedor seja negligente, n\u00e3o ser\u00e1 respons\u00e1vel pelo acesso n\u00e3o autorizado \u00e0s informa\u00e7\u00f5es fornecidas pelo utilizador.<\/li>\n\n\n\n<li>O Fornecedor limita o acesso aos seus dados pessoais aos funcion\u00e1rios, agentes, contratantes e outros terceiros que tenham uma necessidade comercial de os conhecer. S\u00f3 processar\u00e3o os dados pessoais do utilizador de acordo com as instru\u00e7\u00f5es do Fornecedor e est\u00e3o sujeitos a um dever de confidencialidade.<\/li>\n\n\n\n<li>O Fornecedor implementou procedimentos para lidar com qualquer suspeita de viola\u00e7\u00e3o de dados pessoais e notific\u00e1-lo-\u00e1 a si e a qualquer entidade reguladora aplic\u00e1vel de uma viola\u00e7\u00e3o, sempre que o Fornecedor seja legalmente obrigado a faz\u00ea-lo.<\/li>\n<\/ol>\n\n<p><\/p>\n\n<h2 class=\"wp-block-heading\" id=\"h-privacy-policy\">POL\u00cdTICA DE PRIVACIDADE<\/h2>\n\n<ol class=\"wp-block-list\">\n<li>O Fornecedor n\u00e3o armazena os dados do cart\u00e3o de cr\u00e9dito nem partilha os dados do cliente com terceiros ileg\u00edtimos.<\/li>\n\n\n\n<li>O Fornecedor apenas reter\u00e1 os dados pessoais do utilizador durante o tempo necess\u00e1rio para cumprir as finalidades para as quais o Fornecedor os recolheu, incluindo para efeitos de cumprimento de quaisquer requisitos legais, contabil\u00edsticos ou de apresenta\u00e7\u00e3o de relat\u00f3rios.<\/li>\n\n\n\n<li>Em geral, o Fornecedor conservar\u00e1 os dados dos nossos clientes durante um per\u00edodo de 6 (seis) anos ap\u00f3s o termo do contrato, para garantir que o Fornecedor possa prestar assist\u00eancia ao cliente em caso de d\u00favidas ou coment\u00e1rios sobre os produtos do Fornecedor ou para proteger ou defender os nossos direitos legais, ou para fins fiscais.<\/li>\n\n\n\n<li>Se o Fornecedor tiver processado os dados pessoais do utilizador para lhe fornecer comunica\u00e7\u00f5es de marketing com o seu consentimento, poder\u00e1 contact\u00e1-lo pelo menos de doze em doze (12) meses para garantir que o utilizador deseja continuar a receber essas comunica\u00e7\u00f5es. Se informar o Fornecedor de que n\u00e3o pretende continuar a receber tais comunica\u00e7\u00f5es, os seus dados pessoais ser\u00e3o retirados das listas de marketing do Fornecedor (mas ser\u00e3o adicionados a uma lista de \"n\u00e3o contactar\").<\/li>\n\n\n\n<li>Se o Fornecedor tiver processado os dados do utilizador por qualquer outro motivo (por exemplo, se o utilizador tiver contactado o Fornecedor com uma quest\u00e3o relacionada com produtos ou servi\u00e7os), o Fornecedor conservar\u00e1 os dados do utilizador durante doze (12) meses.<\/li>\n\n\n\n<li>Em algumas circunst\u00e2ncias, o Fornecedor pode tornar os seus dados pessoais an\u00f3nimos (para que deixem de poder ser associados ao utilizador) para fins de investiga\u00e7\u00e3o ou estat\u00edsticos, caso em que o Fornecedor pode utilizar estas informa\u00e7\u00f5es indefinidamente, sem aviso pr\u00e9vio ao utilizador.<\/li>\n\n\n\n<li>Em determinadas circunst\u00e2ncias, o utilizador tem direitos ao abrigo da legisla\u00e7\u00e3o de prote\u00e7\u00e3o de dados em rela\u00e7\u00e3o aos seus dados pessoais. Estes direitos s\u00e3o descritos em seguida:\n<ol class=\"wp-block-list\">\n<li>Solicitar o acesso aos seus dados pessoais (normalmente conhecido como \"pedido de acesso do titular dos dados\"). Isto permite-lhe receber uma c\u00f3pia dos dados pessoais que o Fornecedor det\u00e9m sobre si e verificar se o Fornecedor est\u00e1 a process\u00e1-los legalmente.<\/li>\n\n\n\n<li>Solicitar a corre\u00e7\u00e3o dos dados pessoais que o Fornecedor det\u00e9m sobre si. Isto permite-lhe corrigir quaisquer dados incompletos ou inexactos que o Fornecedor detenha sobre si, embora o Fornecedor possa ter de verificar a exatid\u00e3o dos novos dados que lhe fornecer.<\/li>\n\n\n\n<li>Solicitar o apagamento dos seus dados pessoais. Isto permite-lhe pedir ao Fornecedor que elimine ou remova os dados pessoais quando n\u00e3o houver uma boa raz\u00e3o para o Fornecedor continuar a process\u00e1-los. O utilizador tamb\u00e9m tem o direito de solicitar ao Fornecedor que elimine ou remova os seus dados pessoais, caso tenha exercido com \u00eaxito o seu direito de se opor ao processamento, caso o Fornecedor possa ter processado as suas informa\u00e7\u00f5es ilegalmente ou caso o Fornecedor seja obrigado a apagar os seus dados pessoais para cumprir a legisla\u00e7\u00e3o local. Note-se, no entanto, que o Fornecedor nem sempre pode dar seguimento ao seu pedido de apagamento por raz\u00f5es legais espec\u00edficas que lhe ser\u00e3o comunicadas, se for caso disso, no momento do seu pedido.<\/li>\n\n\n\n<li>Opor-se ao tratamento dos seus dados pessoais quando o Fornecedor se baseia num interesse leg\u00edtimo (ou de terceiros) e existe algo na sua situa\u00e7\u00e3o particular que o leva a querer opor-se ao tratamento por este motivo, uma vez que considera que tem impacto nos seus direitos e liberdades fundamentais. Tamb\u00e9m tem o direito de se opor quando o Fornecedor estiver a processar os seus dados pessoais para fins de marketing direto. Nalguns casos, o Fornecedor pode demonstrar que tem motivos leg\u00edtimos imperiosos para processar as informa\u00e7\u00f5es do utilizador que se sobrep\u00f5em aos seus direitos e liberdades.<\/li>\n\n\n\n<li>Solicitar a limita\u00e7\u00e3o do tratamento dos seus dados pessoais. Isto permite-lhe pedir ao Fornecedor para suspender o processamento dos seus dados pessoais nos seguintes cen\u00e1rios: se pretender que o Fornecedor verifique a exatid\u00e3o dos dados; se a utiliza\u00e7\u00e3o dos dados pelo Fornecedor for ilegal, mas n\u00e3o pretender que o Fornecedor os apague; se necessitar que o Fornecedor mantenha os dados, mesmo que o Fornecedor j\u00e1 n\u00e3o precise deles, uma vez que necessita deles para estabelecer, exercer ou defender reivindica\u00e7\u00f5es legais; ou se se tiver oposto \u00e0 utiliza\u00e7\u00e3o dos seus dados pelo Fornecedor, mas este necessitar de verificar se tem motivos leg\u00edtimos para os utilizar.<\/li>\n\n\n\n<li>Solicitar a transfer\u00eancia dos seus dados pessoais (enquanto titular dos dados) para si ou para terceiros. Retirar o consentimento em qualquer altura em que o Fornecedor se baseie no consentimento para processar os seus dados pessoais. No entanto, isto n\u00e3o afectar\u00e1 a legalidade de qualquer tratamento efectuado antes de o utilizador retirar o seu consentimento. Se o utilizador retirar o seu consentimento, o Fornecedor poder\u00e1 n\u00e3o estar em condi\u00e7\u00f5es de lhe fornecer determinados produtos ou servi\u00e7os. O Fornecedor inform\u00e1-lo-\u00e1 se for esse o caso no momento em que retirar o seu consentimento. Se pretender exercer algum dos direitos acima referidos, contacte diretamente o Fornecedor atrav\u00e9s das respectivas informa\u00e7\u00f5es de contacto.<\/li>\n\n\n\n<li>Normalmente, n\u00e3o \u00e9 exigida qualquer taxa e o utilizador n\u00e3o ter\u00e1 de pagar uma taxa para aceder aos seus dados pessoais (ou para exercer qualquer um dos outros direitos). No entanto, o Fornecedor pode cobrar uma taxa razo\u00e1vel se o pedido for claramente infundado, repetitivo ou excessivo. Em alternativa, o Fornecedor pode recusar-se a satisfazer o seu pedido nestas circunst\u00e2ncias.<\/li>\n<\/ol>\n<\/li>\n\n\n\n<li>O Fornecedor poder\u00e1 ter de solicitar informa\u00e7\u00f5es espec\u00edficas ao utilizador para o ajudar a confirmar a sua identidade e garantir o seu direito de aceder aos seus dados pessoais (ou de exercer quaisquer outros direitos). Trata-se de uma medida de seguran\u00e7a destinada a garantir que os dados pessoais n\u00e3o s\u00e3o divulgados a pessoas que n\u00e3o t\u00eam o direito de os receber. O Fornecedor pode tamb\u00e9m contact\u00e1-lo para lhe pedir mais informa\u00e7\u00f5es sobre o seu pedido, a fim de acelerar a resposta do Fornecedor.<\/li>\n\n\n\n<li>Tem o direito de apresentar uma queixa em qualquer altura ao ICO, a autoridade de supervis\u00e3o do Reino Unido para quest\u00f5es de prote\u00e7\u00e3o de dados (em www.ico.org.uk). No entanto, o fornecedor gostaria de ter a oportunidade de resolver as suas preocupa\u00e7\u00f5es antes de contactar o ICO, pelo que deve contactar-nos em primeira inst\u00e2ncia.<\/li>\n<\/ol>\n\n<p><\/p>\n\n<p class=\"has-text-align-center\">\u00daltima atualiza\u00e7\u00e3o da Pol\u00edtica de Privacidade: 16 setembro, 2022 - 1:56PM.<\/p>\n","protected":false},"excerpt":{"rendered":"<p>POL\u00cdTICA DE COOKIES \u00daltima atualiza\u00e7\u00e3o da pol\u00edtica de cookies: 16 setembro, 2022 - 1:56PM. POL\u00cdTICA DE PRIVACIDADE Navega\u00e7\u00e3o RECOLHA DE DADOS PROCESSAMENTO DE DADOS PROTEC\u00c7\u00c3O DE DADOS POL\u00cdTICA DE PRIVACIDADE \u00daltima atualiza\u00e7\u00e3o da Pol\u00edtica de Privacidade: 16 setembro, 2022 - 1:56PM.<\/p>\n","protected":false},"author":5,"featured_media":0,"parent":0,"menu_order":0,"comment_status":"closed","ping_status":"closed","template":"","meta":{"footnotes":""},"class_list":["post-136207","page","type-page","status-publish"],"aioseo_notices":[],"_links":{"self":[{"href":"https:\/\/droix.net\/blogs\/pt-pt\/wp-json\/wp\/v2\/pages\/136207","targetHints":{"allow":["GET"]}}],"collection":[{"href":"https:\/\/droix.net\/blogs\/pt-pt\/wp-json\/wp\/v2\/pages"}],"about":[{"href":"https:\/\/droix.net\/blogs\/pt-pt\/wp-json\/wp\/v2\/types\/page"}],"author":[{"embeddable":true,"href":"https:\/\/droix.net\/blogs\/pt-pt\/wp-json\/wp\/v2\/users\/5"}],"replies":[{"embeddable":true,"href":"https:\/\/droix.net\/blogs\/pt-pt\/wp-json\/wp\/v2\/comments?post=136207"}],"version-history":[{"count":2,"href":"https:\/\/droix.net\/blogs\/pt-pt\/wp-json\/wp\/v2\/pages\/136207\/revisions"}],"predecessor-version":[{"id":280812,"href":"https:\/\/droix.net\/blogs\/pt-pt\/wp-json\/wp\/v2\/pages\/136207\/revisions\/280812"}],"wp:attachment":[{"href":"https:\/\/droix.net\/blogs\/pt-pt\/wp-json\/wp\/v2\/media?parent=136207"}],"curies":[{"name":"wp","href":"https:\/\/api.w.org\/{rel}","templated":true}]}}