{"id":137493,"date":"2019-12-10T17:32:45","date_gmt":"2019-12-10T17:32:45","guid":{"rendered":"https:\/\/droix.net\/blogs\/contactar-nos\/"},"modified":"2025-05-27T15:48:44","modified_gmt":"2025-05-27T14:48:44","slug":"contactar-nos","status":"publish","type":"page","link":"https:\/\/droix.net\/blogs\/pt-pt\/contactar-nos\/","title":{"rendered":"Contactar-nos"},"content":{"rendered":"\n<h1>Contactar-nos<\/h1>\n\n<div style=\"height:20px\" aria-hidden=\"true\" class=\"wp-block-spacer\"><\/div>\n\n<p>Queremos proporcionar-lhe uma excelente experi\u00eancia e \u00e9 por isso que queremos ouvir a sua opini\u00e3o. Os seus coment\u00e1rios ajudam-nos a proporcionar-lhe mais eventos de que gosta e o servi\u00e7o que espera.<\/p>\n\n<hr class=\"wp-block-separator has-css-opacity is-style-default\"\/>\n\n<div class=\"wp-block-media-text alignwide is-stacked-on-mobile\" style=\"grid-template-columns:20% auto\"><figure class=\"wp-block-media-text__media\"><img decoding=\"async\" width=\"194\" height=\"60\" src=\"https:\/\/droix.net\/blogs\/wp-content\/uploads\/2024\/12\/droix-v2-blog-main-logo.png\" alt=\"\" class=\"wp-image-265396 size-full\"\/><\/figure><div class=\"wp-block-media-text__content\">\n<p class=\"has-large-font-size\"><a href=\"https:\/\/go.droix.co.uk\/droix-landing\">SAIBA MAIS<\/a><\/p>\n<\/div><\/div>\n","protected":false},"excerpt":{"rendered":"<p>Contactar-nos Queremos proporcionar-lhe uma excelente experi\u00eancia e \u00e9 por isso que queremos ouvir a sua opini\u00e3o. Os seus coment\u00e1rios ajudam-nos a proporcionar-lhe mais eventos de que gosta e o servi\u00e7o que espera. SAIBA MAIS<\/p>\n","protected":false},"author":5,"featured_media":58895,"parent":0,"menu_order":0,"comment_status":"closed","ping_status":"closed","template":"","meta":{"footnotes":""},"class_list":["post-137493","page","type-page","status-publish","has-post-thumbnail"],"aioseo_notices":[],"_links":{"self":[{"href":"https:\/\/droix.net\/blogs\/pt-pt\/wp-json\/wp\/v2\/pages\/137493","targetHints":{"allow":["GET"]}}],"collection":[{"href":"https:\/\/droix.net\/blogs\/pt-pt\/wp-json\/wp\/v2\/pages"}],"about":[{"href":"https:\/\/droix.net\/blogs\/pt-pt\/wp-json\/wp\/v2\/types\/page"}],"author":[{"embeddable":true,"href":"https:\/\/droix.net\/blogs\/pt-pt\/wp-json\/wp\/v2\/users\/5"}],"replies":[{"embeddable":true,"href":"https:\/\/droix.net\/blogs\/pt-pt\/wp-json\/wp\/v2\/comments?post=137493"}],"version-history":[{"count":2,"href":"https:\/\/droix.net\/blogs\/pt-pt\/wp-json\/wp\/v2\/pages\/137493\/revisions"}],"predecessor-version":[{"id":280794,"href":"https:\/\/droix.net\/blogs\/pt-pt\/wp-json\/wp\/v2\/pages\/137493\/revisions\/280794"}],"wp:featuredmedia":[{"embeddable":true,"href":"https:\/\/droix.net\/blogs\/pt-pt\/wp-json\/wp\/v2\/media\/58895"}],"wp:attachment":[{"href":"https:\/\/droix.net\/blogs\/pt-pt\/wp-json\/wp\/v2\/media?parent=137493"}],"curies":[{"name":"wp","href":"https:\/\/api.w.org\/{rel}","templated":true}]}}