{"id":280787,"date":"2019-12-10T17:32:45","date_gmt":"2019-12-10T17:32:45","guid":{"rendered":"https:\/\/droix.net\/blogs\/contactati-ne\/"},"modified":"2025-05-27T15:48:44","modified_gmt":"2025-05-27T14:48:44","slug":"contactati-ne","status":"publish","type":"page","link":"https:\/\/droix.net\/blogs\/ro\/contactati-ne\/","title":{"rendered":"Contacta\u021bi-ne"},"content":{"rendered":"\n<h1>Contacta\u021bi-ne<\/h1>\n\n<div style=\"height:20px\" aria-hidden=\"true\" class=\"wp-block-spacer\"><\/div>\n\n<p>Dorim s\u0103 v\u0103 oferim o experien\u021b\u0103 extraordinar\u0103, motiv pentru care vrem s\u0103 primim ve\u0219ti de la dumneavoastr\u0103. Feedback-ul dvs. ne ajut\u0103 s\u0103 v\u0103 oferim mai multe evenimente pe care le iubi\u021bi \u0219i serviciile pe care le a\u0219tepta\u021bi. <\/p>\n\n<hr class=\"wp-block-separator has-css-opacity is-style-default\"\/>\n\n<div class=\"wp-block-media-text alignwide is-stacked-on-mobile\" style=\"grid-template-columns:20% auto\"><figure class=\"wp-block-media-text__media\"><img decoding=\"async\" width=\"194\" height=\"60\" src=\"https:\/\/droix.net\/blogs\/wp-content\/uploads\/2024\/12\/droix-v2-blog-main-logo.png\" alt=\"\" class=\"wp-image-265396 size-full\"\/><\/figure><div class=\"wp-block-media-text__content\">\n<p class=\"has-large-font-size\"><a href=\"https:\/\/go.droix.co.uk\/droix-landing\">AFLA\u021aI MAI MULTE<\/a><\/p>\n<\/div><\/div>\n","protected":false},"excerpt":{"rendered":"<p>Contacta\u021bi-ne Dorim s\u0103 v\u0103 oferim o experien\u021b\u0103 extraordinar\u0103, motiv pentru care vrem s\u0103 primim ve\u0219ti de la dumneavoastr\u0103. Feedback-ul dvs. ne ajut\u0103 s\u0103 v\u0103 oferim mai multe evenimente pe care le iubi\u021bi \u0219i serviciile pe care le a\u0219tepta\u021bi. AFLA\u021aI MAI MULTE<\/p>\n","protected":false},"author":5,"featured_media":280789,"parent":0,"menu_order":0,"comment_status":"closed","ping_status":"closed","template":"","meta":{"footnotes":""},"class_list":["post-280787","page","type-page","status-publish","has-post-thumbnail"],"aioseo_notices":[],"_links":{"self":[{"href":"https:\/\/droix.net\/blogs\/ro\/wp-json\/wp\/v2\/pages\/280787","targetHints":{"allow":["GET"]}}],"collection":[{"href":"https:\/\/droix.net\/blogs\/ro\/wp-json\/wp\/v2\/pages"}],"about":[{"href":"https:\/\/droix.net\/blogs\/ro\/wp-json\/wp\/v2\/types\/page"}],"author":[{"embeddable":true,"href":"https:\/\/droix.net\/blogs\/ro\/wp-json\/wp\/v2\/users\/5"}],"replies":[{"embeddable":true,"href":"https:\/\/droix.net\/blogs\/ro\/wp-json\/wp\/v2\/comments?post=280787"}],"version-history":[{"count":1,"href":"https:\/\/droix.net\/blogs\/ro\/wp-json\/wp\/v2\/pages\/280787\/revisions"}],"predecessor-version":[{"id":280791,"href":"https:\/\/droix.net\/blogs\/ro\/wp-json\/wp\/v2\/pages\/280787\/revisions\/280791"}],"wp:featuredmedia":[{"embeddable":true,"href":"https:\/\/droix.net\/blogs\/ro\/wp-json\/wp\/v2\/media\/280789"}],"wp:attachment":[{"href":"https:\/\/droix.net\/blogs\/ro\/wp-json\/wp\/v2\/media?parent=280787"}],"curies":[{"name":"wp","href":"https:\/\/api.w.org\/{rel}","templated":true}]}}