{"id":280785,"date":"2019-12-10T17:32:45","date_gmt":"2019-12-10T17:32:45","guid":{"rendered":"https:\/\/droix.net\/blogs\/kontaktujte-nas\/"},"modified":"2025-05-27T15:48:25","modified_gmt":"2025-05-27T14:48:25","slug":"kontaktujte-nas","status":"publish","type":"page","link":"https:\/\/droix.net\/blogs\/sk\/kontaktujte-nas\/","title":{"rendered":"Kontaktujte n\u00e1s"},"content":{"rendered":"\n<h1>Kontaktujte n\u00e1s<\/h1>\n\n<div style=\"height:20px\" aria-hidden=\"true\" class=\"wp-block-spacer\"><\/div>\n\n<p>Chceme v\u00e1m poskytn\u00fa\u0165 skvel\u00fd z\u00e1\u017eitok, a preto chceme, aby ste sa n\u00e1m ozvali. Va\u0161a sp\u00e4tn\u00e1 v\u00e4zba n\u00e1m pom\u00e1ha prin\u00e1\u0161a\u0165 v\u00e1m viac podujat\u00ed, ktor\u00e9 m\u00e1te radi, a slu\u017eieb, ktor\u00e9 o\u010dak\u00e1vate. <\/p>\n\n<hr class=\"wp-block-separator has-css-opacity is-style-default\"\/>\n\n<div class=\"wp-block-media-text alignwide is-stacked-on-mobile\" style=\"grid-template-columns:20% auto\"><figure class=\"wp-block-media-text__media\"><img decoding=\"async\" width=\"194\" height=\"60\" src=\"https:\/\/droix.net\/blogs\/wp-content\/uploads\/2024\/12\/droix-v2-blog-main-logo.png\" alt=\"\" class=\"wp-image-265396 size-full\"\/><\/figure><div class=\"wp-block-media-text__content\">\n<p class=\"has-large-font-size\"><a href=\"https:\/\/go.droix.co.uk\/droix-landing\">Z\u00cdSKAJTE VIAC<\/a><\/p>\n<\/div><\/div>\n","protected":false},"excerpt":{"rendered":"<p>Kontaktujte n\u00e1s Chceme v\u00e1m poskytn\u00fa\u0165 skvel\u00fd z\u00e1\u017eitok, a preto chceme, aby ste sa n\u00e1m ozvali. Va\u0161a sp\u00e4tn\u00e1 v\u00e4zba n\u00e1m pom\u00e1ha prin\u00e1\u0161a\u0165 v\u00e1m viac podujat\u00ed, ktor\u00e9 m\u00e1te radi, a slu\u017eieb, ktor\u00e9 o\u010dak\u00e1vate. Z\u00cdSKAJTE VIAC<\/p>\n","protected":false},"author":5,"featured_media":0,"parent":0,"menu_order":0,"comment_status":"closed","ping_status":"closed","template":"","meta":{"footnotes":""},"class_list":["post-280785","page","type-page","status-publish"],"aioseo_notices":[],"_links":{"self":[{"href":"https:\/\/droix.net\/blogs\/sk\/wp-json\/wp\/v2\/pages\/280785","targetHints":{"allow":["GET"]}}],"collection":[{"href":"https:\/\/droix.net\/blogs\/sk\/wp-json\/wp\/v2\/pages"}],"about":[{"href":"https:\/\/droix.net\/blogs\/sk\/wp-json\/wp\/v2\/types\/page"}],"author":[{"embeddable":true,"href":"https:\/\/droix.net\/blogs\/sk\/wp-json\/wp\/v2\/users\/5"}],"replies":[{"embeddable":true,"href":"https:\/\/droix.net\/blogs\/sk\/wp-json\/wp\/v2\/comments?post=280785"}],"version-history":[{"count":1,"href":"https:\/\/droix.net\/blogs\/sk\/wp-json\/wp\/v2\/pages\/280785\/revisions"}],"predecessor-version":[{"id":280786,"href":"https:\/\/droix.net\/blogs\/sk\/wp-json\/wp\/v2\/pages\/280785\/revisions\/280786"}],"wp:attachment":[{"href":"https:\/\/droix.net\/blogs\/sk\/wp-json\/wp\/v2\/media?parent=280785"}],"curies":[{"name":"wp","href":"https:\/\/api.w.org\/{rel}","templated":true}]}}