{"id":280783,"date":"2019-12-10T17:32:45","date_gmt":"2019-12-10T17:32:45","guid":{"rendered":"https:\/\/droix.net\/blogs\/pisite-nam\/"},"modified":"2025-05-27T15:48:25","modified_gmt":"2025-05-27T14:48:25","slug":"pisite-nam","status":"publish","type":"page","link":"https:\/\/droix.net\/blogs\/sl\/pisite-nam\/","title":{"rendered":"Pi\u0161ite nam"},"content":{"rendered":"\n<h1>Pi\u0161ite nam<\/h1>\n\n<div style=\"height:20px\" aria-hidden=\"true\" class=\"wp-block-spacer\"><\/div>\n\n<p>\u017delimo vam zagotoviti odli\u010dno izku\u0161njo, zato \u017eelimo, da se nam oglasite. Va\u0161e povratne informacije nam pomagajo, da vam ponudimo ve\u010d dogodkov, ki jih imate radi, in storitev, ki jih pri\u010dakujete. <\/p>\n\n<hr class=\"wp-block-separator has-css-opacity is-style-default\"\/>\n\n<div class=\"wp-block-media-text alignwide is-stacked-on-mobile\" style=\"grid-template-columns:20% auto\"><figure class=\"wp-block-media-text__media\"><img decoding=\"async\" width=\"194\" height=\"60\" src=\"https:\/\/droix.net\/blogs\/wp-content\/uploads\/2024\/12\/droix-v2-blog-main-logo.png\" alt=\"\" class=\"wp-image-265396 size-full\"\/><\/figure><div class=\"wp-block-media-text__content\">\n<p class=\"has-large-font-size\"><a href=\"https:\/\/go.droix.co.uk\/droix-landing\">IZVEDITE VE\u010c<\/a><\/p>\n<\/div><\/div>\n","protected":false},"excerpt":{"rendered":"<p>Pi\u0161ite nam \u017delimo vam zagotoviti odli\u010dno izku\u0161njo, zato \u017eelimo, da se nam oglasite. Va\u0161e povratne informacije nam pomagajo, da vam ponudimo ve\u010d dogodkov, ki jih imate radi, in storitev, ki jih pri\u010dakujete. IZVEDITE VE\u010c<\/p>\n","protected":false},"author":5,"featured_media":0,"parent":0,"menu_order":0,"comment_status":"closed","ping_status":"closed","template":"","meta":{"footnotes":""},"class_list":["post-280783","page","type-page","status-publish"],"aioseo_notices":[],"_links":{"self":[{"href":"https:\/\/droix.net\/blogs\/sl\/wp-json\/wp\/v2\/pages\/280783","targetHints":{"allow":["GET"]}}],"collection":[{"href":"https:\/\/droix.net\/blogs\/sl\/wp-json\/wp\/v2\/pages"}],"about":[{"href":"https:\/\/droix.net\/blogs\/sl\/wp-json\/wp\/v2\/types\/page"}],"author":[{"embeddable":true,"href":"https:\/\/droix.net\/blogs\/sl\/wp-json\/wp\/v2\/users\/5"}],"replies":[{"embeddable":true,"href":"https:\/\/droix.net\/blogs\/sl\/wp-json\/wp\/v2\/comments?post=280783"}],"version-history":[{"count":1,"href":"https:\/\/droix.net\/blogs\/sl\/wp-json\/wp\/v2\/pages\/280783\/revisions"}],"predecessor-version":[{"id":280784,"href":"https:\/\/droix.net\/blogs\/sl\/wp-json\/wp\/v2\/pages\/280783\/revisions\/280784"}],"wp:attachment":[{"href":"https:\/\/droix.net\/blogs\/sl\/wp-json\/wp\/v2\/media?parent=280783"}],"curies":[{"name":"wp","href":"https:\/\/api.w.org\/{rel}","templated":true}]}}