{"id":280807,"date":"2021-09-07T16:06:06","date_gmt":"2021-09-07T15:06:06","guid":{"rendered":"https:\/\/droix.net\/blogs\/piskotki-in-pravilnik-o-zasebnosti\/"},"modified":"2025-05-27T15:49:03","modified_gmt":"2025-05-27T14:49:03","slug":"piskotki-in-pravilnik-o-zasebnosti","status":"publish","type":"page","link":"https:\/\/droix.net\/blogs\/sl\/piskotki-in-pravilnik-o-zasebnosti\/","title":{"rendered":"Pi\u0161kotki in pravilnik o zasebnosti"},"content":{"rendered":"\n<h2 class=\"wp-block-heading\" id=\"h-cookie-policy\">POLITIKA PI\u0160KOTKOV<\/h2>\n\n<p><\/p>\n\n<ol class=\"wp-block-list\">\n<li>Ti prodajni pogoji veljajo za vse blago, ki ga dobavlja dru\u017eba Entertainment Gadgets LTD DBA DROIX s sede\u017eem na naslovu Unit 54C, North Woolwich Road, E16 2AA, London, Zdru\u017eeno kraljestvo (dobavitelj).\n<ol class=\"wp-block-list\">\n<li>V navedeni pogodbi so sklicevanja na: Mi (Entertainment Gadgets LTD DBA DROIX) smo dobavitelj, vi (kupec) pa<\/li>\n<\/ol>\n<\/li>\n<\/ol>\n\n<ol class=\"wp-block-list\">\n<li>Dobaviteljevo spletno mesto uporablja pi\u0161kotke za razlikovanje stranke, tj. vas, od drugih uporabnikov spletnega mesta. To dobavitelju pomaga, da vam zagotovi dobro izku\u0161njo, ko brskate po dobaviteljevem spletnem mestu, dobavitelju pa omogo\u010da tudi izbolj\u0161anje na\u0161ega spletnega mesta. Z nadaljnjim brskanjem po spletnem mestu se strinjate, da dobavitelj uporablja pi\u0161kotke.  <\/li>\n\n\n\n<li>Pi\u0161kotek je majhna datoteka s \u010drkami in \u0161tevilkami, ki jo dobavitelj shrani v va\u0161 brskalnik ali na trdi disk va\u0161ega ra\u010dunalnika ali mobilnega telefona, \u010de se s tem strinjate. Pi\u0161kotki vsebujejo informacije, ki se prenesejo na trdi disk va\u0161ega ra\u010dunalnika. <\/li>\n\n\n\n<li>Dobavitelj uporablja naslednje pi\u0161kotke:\n<ol class=\"wp-block-list\">\n<li>Strogo potrebni pi\u0161kotki. To so pi\u0161kotki, ki so potrebni za delovanje dobaviteljeve spletne strani. Vklju\u010dujejo na primer pi\u0161kotke, ki vam omogo\u010dajo prijavo v varna obmo\u010dja dobaviteljevega spletnega mesta in izvajanje transakcij.  <\/li>\n\n\n\n<li>Analiti\u010dni\/izvedbeni pi\u0161kotki. Dobavitelju omogo\u010dajo, da prepozna in pre\u0161teje \u0161tevilo obiskovalcev ter vidi, kako se obiskovalci gibljejo po dobaviteljevem spletnem mestu, ko ga uporabljajo. To dobavitelju pomaga izbolj\u0161ati na\u010din delovanja spletnega mesta, na primer tako, da zagotovi, da uporabniki zlahka in brez te\u017eav najdejo, kar i\u0161\u010dejo.  <\/li>\n\n\n\n<li>Dobavitelj uporablja pi\u0161kotke Google Analytics. Google Analytics zbira informacije anonimno. Poro\u010da o trendih na spletnem mestu, ne da bi identificiral posamezne obiskovalce. Storitev Google Analytics lahko odjavite, ne da bi to vplivalo na na\u010din obiskovanja tega spletnega mesta. Za ve\u010d informacij o storitvi Google Analytics kliknite tukaj.    <\/li>\n\n\n\n<li>Ciljni pi\u0161kotki. Ti pi\u0161kotki bele\u017eijo va\u0161 obisk dobaviteljevega spletnega mesta, strani, ki ste jih obiskali, in povezave, ki ste jim sledili. Dobavitelj te informacije uporabi, da bi spletno mesto in na njem prikazano ogla\u0161evanje bolj ustrezalo va\u0161im interesom. Dobavitelj lahko te informacije v ta namen deli tudi s tretjimi osebami.   <\/li>\n<\/ol>\n<\/li>\n\n\n\n<li>Upo\u0161tevajte, da lahko pi\u0161kotke uporabljajo tudi tretje osebe (na primer ogla\u0161evalska omre\u017eja in ponudniki zunanjih storitev, kot so storitve analize spletnega prometa), nad katerimi dobavitelj nima nadzora. Ti pi\u0161kotki so verjetno analiti\u010dni\/izvedbeni pi\u0161kotki ali ciljni pi\u0161kotki. <\/li>\n\n\n\n<li>Pi\u0161kotke lahko blokirate tako, da v brskalniku aktivirate nastavitev, ki vam omogo\u010da, da zavrnete nastavitev vseh ali nekaterih pi\u0161kotkov. \u010ce z nastavitvami brskalnika blokirate vse pi\u0161kotke (vklju\u010dno z bistvenimi pi\u0161kotki), morda ne boste mogli dostopati do vseh ali nekaterih delov dobaviteljevega spletnega mesta. <\/li>\n<\/ol>\n\n<p><\/p>\n\n<p class=\"has-text-align-center\">Pravilnik o pi\u0161kotkih je bil nazadnje posodobljen: september, 2022 - 13:56PM.<\/p>\n\n<h2 class=\"wp-block-heading\">POLITIKA VARNOSTI OSEBNIH PRAVIC<\/h2>\n\n<p><\/p>\n\n<ol class=\"wp-block-list\">\n<li>Ti prodajni pogoji veljajo za vse blago, ki ga dobavlja dru\u017eba Entertainment Gadgets LTD DBA DROIX s sede\u017eem na naslovu Unit 54C, North Woolwich Road, E16 2AA, London, Zdru\u017eeno kraljestvo (dobavitelj).\n<ol class=\"wp-block-list\">\n<li>V navedeni pogodbi so sklicevanja na: Mi (Entertainment Gadgets LTD DBA DROIX) smo dobavitelj, vi (kupec) pa<\/li>\n<\/ol>\n<\/li>\n<\/ol>\n\n<h2 class=\"wp-block-heading\" id=\"h-navigation\">Navigacija<\/h2>\n\n<ul class=\"wp-block-list\">\n<li>ZBIRANJE PODATKOV<\/li>\n\n\n\n<li>OBDELAVA PODATKOV<\/li>\n\n\n\n<li>VARSTVO PODATKOV<\/li>\n\n\n\n<li>POLITIKA VARNOSTI OSEBNIH PRAVIC<\/li>\n<\/ul>\n\n<h2 class=\"wp-block-heading\" id=\"h-data-collection\">ZBIRANJE PODATKOV<\/h2>\n\n<ol class=\"wp-block-list\">\n<li>Dobavitelj od vas zbira osebne podatke, ko kupite izdelke dobavitelja.<\/li>\n\n\n\n<li>Dobavitelj zbira osebne podatke od vas in vseh naprav (vklju\u010dno z mobilnimi napravami), ki jih uporabljate, ko: se registrirate za ra\u010dun pri nas, dobavitelju posredujete podatke na spletnem obrazcu, posodobite ali dodate podatke v svoj ra\u010dun, sodelujete na forumu za podporo ali ko si druga\u010de dopisujete z dobaviteljem.\n<ol class=\"wp-block-list\">\n<li>Nekateri od teh osebnih podatkov, na primer na\u010din identifikacije, so potrebni za sprejetje dobaviteljevih pogojev uporabe storitev. Zagotavljanje vseh drugih osebnih podatkov je prostovoljno, vendar je lahko potrebno za uporabo na\u0161ih storitev, kot je sodelovanje v nagradnih igrah, \u017erebanjih ali informacije, potrebne za sklenitev transakcije. <\/li>\n<\/ol>\n<\/li>\n\n\n\n<li>Osebni podatki, ki jih posredujete dobavitelju, ko opravite nakup ali se registrirate za ra\u010dun pri dobavitelju:\n<ol class=\"wp-block-list\">\n<li>identifikacijske podatke, kot so va\u0161e ime, naslovi, telefonske \u0161tevilke ali e-po\u0161tni naslovi, ko se pri nas registrirate za ra\u010dun.<\/li>\n\n\n\n<li>informacije o naro\u010dilu, ki so povezane z va\u0161im ra\u010dunom zaradi transakcije, v katero ste vklju\u010deni.<\/li>\n\n\n\n<li>druge vsebine, ki jih ustvarite ali so povezane z va\u0161im ra\u010dunom (na primer dodajanje predmetov v ko\u0161arico).<\/li>\n\n\n\n<li>finan\u010dne podatke (kot so \u0161tevilke kreditnih kartic ali ban\u010dnih ra\u010dunov) v zvezi s transakcijo.<\/li>\n\n\n\n<li>Po\u0161tne, obra\u010dunske in druge informacije, ki se uporabljajo za nakup ali po\u0161iljanje predmeta, ter ustrezne po\u0161tne informacije (kot so \u0161tevilke za sledenje in posodobitve sledenja).<\/li>\n\n\n\n<li>Dobavitelju lahko posredujete tudi druge informacije prek spletnega obrazca, s posodabljanjem ali dodajanjem informacij v svoj ra\u010dun, s sodelovanjem v forumskih razpravah, zahtevkih za podporo ali ko kako druga\u010de komunicirate z dobaviteljem v zvezi z blagom in storitvami dobavitelja.<\/li>\n\n\n\n<li>Dodatne informacije, ki jih mora dobavitelj zbrati in obdelati v skladu z veljavnimi nacionalnimi zakoni, da bi preveril va\u0161o pristnost, vas identificiral ali preveril informacije, ki jih je dobavitelj zbral.<\/li>\n<\/ol>\n<\/li>\n\n\n\n<li>Osebni podatki, ki jih dobavitelj samodejno zbere, ko opravite nakup ali se registrirate za ra\u010dun pri dobavitelju:\n<ol class=\"wp-block-list\">\n<li>Dobavitelj zbira podatke o va\u0161i interakciji s spletnim mestom, va\u0161ih \u017eeljah glede ogla\u0161evanja in va\u0161ih komunikacijah z dobaviteljem. To so informacije, ki jih Dobavitelj prejme iz naprav (vklju\u010dno z mobilnimi napravami), ki jih uporabljate, ko dostopate do delov Dobaviteljevega spletnega mesta. Te informacije lahko vklju\u010dujejo naslednje: ID naprave ali edinstveni identifikator, vrsto naprave, ID za ogla\u0161evanje in edinstveni \u017eeton naprave.  <\/li>\n\n\n\n<li>informacije o lokaciji, vklju\u010dno z informacijami o lokaciji iz va\u0161e mobilne naprave. Upo\u0161tevajte, da ve\u010dina mobilnih naprav omogo\u010da nadzor ali onemogo\u010danje uporabe lokacijskih storitev s strani katere koli aplikacije v mobilni napravi v meniju nastavitev naprave. <\/li>\n\n\n\n<li>podatki o ra\u010dunalniku in povezavi, kot so statisti\u010dni podatki o ogledih strani, prometu na spletna mesta in z njih, URL-ji, podatki o oglasih, va\u0161 naslov IP, zgodovina brskanja in podatki iz spletnega dnevnika.<\/li>\n<\/ol>\n<\/li>\n\n\n\n<li>Osebni podatki, ki jih dobavitelj zbira s pi\u0161kotki in podobnimi tehnologijami\n<ol class=\"wp-block-list\">\n<li>Dobavitelj uporablja pi\u0161kotke, spletne svetilnike, edinstvene identifikatorje in podobne tehnologije za zbiranje informacij o straneh, ki si jih ogledate, povezavah, ki jih kliknete, in drugih dejanjih, ki jih opravite med brskanjem po dobaviteljevem spletnem mestu, v dobaviteljevem ogla\u0161evanju ali vsebini e-po\u0161te. Ve\u010d informacij o uporabi teh tehnologij in na\u010dinu nadzora nad njimi najdete v na\u0161em pravilniku o pi\u0161kotkih. <\/li>\n<\/ol>\n<\/li>\n\n\n\n<li>Osebni podatki, zbrani iz drugih virov\n<ol class=\"wp-block-list\">\n<li>Dobavitelj osebne podatke, ki jih zbira neposredno, dopolni z informacijami, zbranimi od tretjih oseb, in jih doda podatkom o va\u0161em ra\u010dunu. Dobavitelj na primer zbira in uporablja demografske in druge informacije, ki so javno dostopne v veljavni jurisdikciji, dodatne kontaktne informacije, informacije o preverjanju kreditne sposobnosti in informacije iz bonitetnih pisarn, kot to dovoljujejo veljavni nacionalni zakoni. <\/li>\n\n\n\n<li>Dru\u017ebeni mediji - Dobavitelj vam omogo\u010da, da delite informacije s spletnimi mesti dru\u017ebenih medijev ali uporabljate spletna mesta dru\u017ebenih medijev za ustvarjanje svojega ra\u010duna ali za povezavo svojega ra\u010duna z ustreznim spletnim mestom dru\u017ebenega medija. Ta spletna mesta dru\u017ebenih medijev lahko dobavitelju omogo\u010dijo samodejni dostop do dolo\u010denih osebnih podatkov, ki jih hranijo o vas (npr. vsebine, ki ste si jih ogledali, vsebine, ki so vam bile v\u0161e\u010d, in informacije o oglasih, ki so vam bili prikazani ali na katere ste kliknili itd.) \u010ce dobavitelju omogo\u010dite dostop do katerega koli spletnega mesta z video vsebinami, se strinjate, da lahko dobavitelj va\u0161e ogledovanje video vsebin deli z drugimi spletnimi mesti dru\u017eabnih medijev ali od njih pridobiva informacije o va\u0161em ogledovanju video vsebin vsaj dve leti ali dokler ne prekli\u010dete pooblastila ali povezave s spletnim mestom dru\u017eabnega medija. Nadzor nad osebnimi podatki, do katerih dobavitelju dovolite dostop, izvajate vi, in sicer z nastavitvami zasebnosti na ustreznem spletnem mestu dru\u017ebenega medija in dovoljenji, ki jih dobavitelju podelite, ko dobavitelju omogo\u010dite dostop do osebnih podatkov, ki jih o vas hrani ustrezno spletno mesto dru\u017ebenega medija. S povezovanjem ra\u010duna, ki ga upravlja spletno mesto dru\u017eabnega medija, z va\u0161im ra\u010dunom in dovoljenjem dobavitelju za dostop do teh podatkov se strinjate, da lahko dobavitelj zbira, uporablja in hrani podatke, ki jih zagotavljajo ta spletna mesta dru\u017eabnih medijev, v skladu s tem obvestilom o zasebnosti. Dobavitelj lahko uporablja tudi vti\u010dnike ali druge tehnologije razli\u010dnih spletnih mest dru\u017ebenih medijev. \u010ce kliknete na povezavo, zagotovljeno prek vti\u010dnika dru\u017eabnega medija, prostovoljno vzpostavite povezavo z zadevnim spletnim mestom dru\u017eabnega medija.      <\/li>\n\n\n\n<li>\u010ce dobavitelju posredujete osebne podatke o nekom drugem, morate to storiti le z dovoljenjem te osebe. Obvestiti jo morate, kako dobavitelj zbira, uporablja, razkriva in hrani njene osebne podatke v skladu s pogoji dobavitelja. <\/li>\n<\/ol>\n<\/li>\n\n\n\n<li>Informacije, ki dobavitelju pomagajo pri zagotavljanju storitev dobavitelja za vas.\n<ol class=\"wp-block-list\">\n<li>Dobavitelj tesno sodeluje s tretjimi osebami, da bi vam pomagal zagotavljati storitve. Te tretje osebe so poslovni partnerji na podro\u010dju tehni\u010dnih, pla\u010dilnih in dostavnih storitev, ogla\u0161evalska omre\u017eja, ponudniki analiti\u010dnih storitev, ponudniki informacij za iskanje, agencije za kreditne reference, agencije za prepre\u010devanje goljufij in razvijalci. Informacije, ki jih lahko Dobavitelj zbira o vas od teh oseb, lahko vklju\u010dujejo informacije o iskanju kreditov, informacije, ki Dobavitelju pomagajo preveriti va\u0161o identiteto, ali informacije v zvezi z va\u0161imi pla\u010dilnimi transakcijami.  <\/li>\n\n\n\n<li>\u010ce dobavitelju to dovolite, bo dobavitelj zbiral sezname prijateljev iz Facebooka in podobne informacije od drugih tretjih oseb, kot sta Twitter in Google, dobavitelj pa lahko ob\u010dasno ponovno zbira te informacije, da bi ostal na teko\u010dem.<\/li>\n<\/ol>\n<\/li>\n<\/ol>\n\n<p><\/p>\n\n<h2 class=\"wp-block-heading\" id=\"h-data-processing\">OBDELAVA PODATKOV<\/h2>\n\n<ol class=\"wp-block-list\">\n<li>Dobavitelj bo va\u0161e osebne podatke uporabil le, \u010de to dovoljuje zakonodaja. Najpogosteje lahko dobavitelj va\u0161e osebne podatke (kot so va\u0161e posredovane informacije, podatki o lokaciji ali podatki o transakcijah) uporabi za oblikovanje mnenja o tem, kaj po mnenju dobavitelja \u017eelite ali potrebujete oziroma kaj bi vas lahko zanimalo. <\/li>\n\n\n\n<li>Dobavitelj bo va\u0161e osebne podatke uporabljal samo za namene, za katere jih je zbral, razen \u010de Dobavitelj utemeljeno meni, da jih mora uporabiti iz drugega razloga in da je ta razlog zdru\u017eljiv s prvotnim namenom.<\/li>\n\n\n\n<li>\u010ce izrecno in prostovoljno privolite, lahko dobavitelj uporabi va\u0161e podatke o identiteti, stikih, tehni\u010dnih podatkih, podatkih o uporabi in\/ali podatkih o profilu, da si ustvari mnenje o tem, kaj po mnenju dobavitelja \u017eelite ali potrebujete oziroma kaj bi vas lahko zanimalo. Svoje soglasje lahko kadar koli prekli\u010dete. V nekaterih omejenih okoli\u0161\u010dinah vas lahko dobavitelj kontaktira glede podobnih izdelkov, \u010de ste kupili izdelke pri dobavitelju in se niste odjavili od prejemanja teh informacij.  <\/li>\n\n\n\n<li>Odjava \/ odjava od naro\u010dnine - Dobavitelja lahko kadar koli prosite, da vam preneha po\u0161iljati tr\u017ena sporo\u010dila, tako da sledite povezavam za odjavo v katerem koli tr\u017enem sporo\u010dilu, ki vam je bilo poslano, ali kadar koli stopite v stik z dobaviteljem. \u010ce se odjavite od prejemanja teh tr\u017enih sporo\u010dil, lahko \u0161e vedno prejemate sporo\u010dila za druge namene (kot je zagotavljanje ustreznih informacij, povezanih z naro\u010dilom ali izdelkom). <\/li>\n\n\n\n<li>Dobavitelj lahko podatke, ki jih zbere od vas, razkrije nekaterim tretjim osebam, ki uporabljajo osebne podatke pri opravljanju svojih storitev za dobavitelja, podatke pa uporabljajo varno in zaupno ter pod strogim pogodbenim nadzorom v skladu z zakoni o varstvu podatkov.<\/li>\n\n\n\n<li>Svojo privolitev lahko kadar koli po izrecni privolitvi prekli\u010dete tako, da se obrnete na dobavitelja.<\/li>\n<\/ol>\n\n<p><\/p>\n\n<h2 class=\"wp-block-heading\" id=\"h-data-protection\">VARSTVO PODATKOV<\/h2>\n\n<ol class=\"wp-block-list\">\n<li>Dobavitelj bo sprejel vse razumne previdnostne ukrepe, da bodo podatki o va\u0161em naro\u010dilu in pla\u010dilu varni, vendar \u010de dobavitelj ne bo ravnal malomarno, ne bo odgovoren za nepoobla\u0161\u010den dostop do informacij, ki jih posredujete.<\/li>\n\n\n\n<li>Dobavitelj omejuje dostop do va\u0161ih osebnih podatkov na tiste zaposlene, zastopnike, izvajalce in druge tretje osebe, ki jih morajo poznati. Ti bodo va\u0161e osebne podatke obdelovali le po dobaviteljevih navodilih in so zavezani k zaupnosti. <\/li>\n\n\n\n<li>Dobavitelj je vzpostavil postopke za obravnavanje vseh domnevnih kr\u0161itev varstva osebnih podatkov ter bo o kr\u0161itvi obvestil vas in vse veljavne regulatorne organe, \u010de je to zakonsko obvezno za dobavitelja.<\/li>\n<\/ol>\n\n<p><\/p>\n\n<h2 class=\"wp-block-heading\" id=\"h-privacy-policy\">POLITIKA VARNOSTI OSEBNIH PRAVIC<\/h2>\n\n<ol class=\"wp-block-list\">\n<li>Dobavitelj ne shranjuje podatkov o kreditnih karticah in ne deli podatkov o strankah z nezakonitimi tretjimi osebami.<\/li>\n\n\n\n<li>Dobavitelj bo va\u0161e osebne podatke hranil le toliko \u010dasa, kolikor je potrebno za izpolnitev namenov, za katere jih je zbral, vklju\u010dno z namenom izpolnjevanja pravnih, ra\u010dunovodskih ali poro\u010devalskih zahtev.<\/li>\n\n\n\n<li>Dobavitelj na splo\u0161no hrani podatke svojih strank 6 (\u0161est) let po prenehanju pogodbe, da vam lahko pomaga, \u010de imate kakr\u0161na koli vpra\u0161anja ali povratne informacije v zvezi z izdelki dobavitelja, ali da za\u0161\u010diti ali brani svoje zakonske pravice ali za dav\u010dne namene.<\/li>\n\n\n\n<li>\u010ce je dobavitelj obdelal va\u0161e osebne podatke, da bi vam s privolitvijo zagotovil tr\u017ena sporo\u010dila, vas lahko kontaktira vsaj vsakih dvanajst (12) mesecev, da se prepri\u010da, da \u017eelite \u0161e naprej prejemati tak\u0161na sporo\u010dila. \u010ce dobavitelju sporo\u010dite, da ne \u017eelite ve\u010d prejemati tak\u0161nih sporo\u010dil, bodo va\u0161i osebni podatki odstranjeni z dobaviteljevih seznamov za tr\u017eenje (vendar bodo dodani na seznam \u201ene kontaktiraj\u201c). <\/li>\n\n\n\n<li>\u010ce je dobavitelj obdelal va\u0161e podatke iz kakr\u0161nega koli drugega razloga (na primer, \u010de ste se na dobavitelja obrnili z vpra\u0161anjem v zvezi z izdelki ali storitvami), bo dobavitelj va\u0161e podatke hranil dvanajst (12) mesecev.<\/li>\n\n\n\n<li>V nekaterih okoli\u0161\u010dinah lahko dobavitelj va\u0161e osebne podatke anonimizira (tako da jih ni ve\u010d mogo\u010de povezati z vami) za raziskovalne ali statisti\u010dne namene, pri \u010demer lahko dobavitelj te podatke uporablja neomejeno dolgo, ne da bi vas o tem dodatno obvestil.<\/li>\n\n\n\n<li>V dolo\u010denih okoli\u0161\u010dinah imate v skladu z zakoni o varstvu podatkov pravice v zvezi s svojimi osebnimi podatki. Te pravice so podrobno opisane v nadaljevanju: \n<ol class=\"wp-block-list\">\n<li>zahtevati dostop do svojih osebnih podatkov (splo\u0161no znano kot \u201ezahteva za dostop do podatkov\u201c). Tako lahko prejmete kopijo osebnih podatkov, ki jih dobavitelj hrani o vas, in preverite, ali jih dobavitelj obdeluje zakonito. <\/li>\n\n\n\n<li>zahtevati popravek osebnih podatkov, ki jih dobavitelj hrani o vas. Tako lahko popravite nepopolne ali neto\u010dne podatke, ki jih ima dobavitelj o vas, \u010deprav bo dobavitelj morda moral preveriti to\u010dnost novih podatkov, ki mu jih posredujete. <\/li>\n\n\n\n<li>Zahtevajte izbris svojih osebnih podatkov. Tako lahko od dobavitelja zahtevate, da izbri\u0161e ali odstrani osebne podatke, \u010de dobavitelj nima utemeljenega razloga za njihovo nadaljnjo obdelavo. Prav tako imate pravico od dobavitelja zahtevati, da izbri\u0161e ali odstrani va\u0161e osebne podatke, \u010de ste uspe\u0161no uveljavljali pravico do ugovora obdelavi, \u010de je dobavitelj morda nezakonito obdeloval va\u0161e podatke ali \u010de mora dobavitelj izbrisati va\u0161e osebne podatke zaradi skladnosti z lokalno zakonodajo. Vendar upo\u0161tevajte, da Dobavitelj morda ne bo vedno mogel izpolniti va\u0161e zahteve po izbrisu zaradi posebnih pravnih razlogov, o katerih vas bo po potrebi obvestil ob va\u0161i zahtevi.   <\/li>\n\n\n\n<li>Ugovarjanje obdelavi va\u0161ih osebnih podatkov, kadar se dobavitelj zana\u0161a na zakonite interese (ali na interese tretje osebe) in \u010de \u017eelite na tej podlagi ugovarjati obdelavi, ker menite, da ta vpliva na va\u0161e temeljne pravice in svobo\u0161\u010dine. Prav tako imate pravico do ugovora, \u010de dobavitelj obdeluje va\u0161e osebne podatke za namene neposrednega tr\u017eenja. V nekaterih primerih lahko dobavitelj doka\u017ee, da ima za obdelavo va\u0161ih podatkov nujne zakonite razloge, ki prevladajo nad va\u0161imi pravicami in svobo\u0161\u010dinami.  <\/li>\n\n\n\n<li>zahtevati omejitev obdelave va\u0161ih osebnih podatkov. To vam omogo\u010da, da od dobavitelja zahtevate, da za\u010dasno ustavi obdelavo va\u0161ih osebnih podatkov v naslednjih primerih: \u010de \u017eelite, da dobavitelj ugotovi to\u010dnost podatkov; \u010de je dobaviteljeva uporaba podatkov nezakonita, vendar ne \u017eelite, da jih dobavitelj izbri\u0161e; \u010de potrebujete, da dobavitelj hrani podatke, tudi \u010de jih ne potrebuje ve\u010d, saj jih potrebujete za uveljavljanje, izvajanje ali obrambo pravnih zahtevkov; ali ste ugovarjali dobaviteljevi uporabi va\u0161ih podatkov, vendar mora dobavitelj preveriti, ali ima za njihovo uporabo prevladujo\u010de zakonite razloge. <\/li>\n\n\n\n<li>zahtevati prenos va\u0161ih osebnih podatkov (kot posameznik, na katerega se nana\u0161ajo osebni podatki) vam ali tretji osebi. kadar koli preklicati privolitev, \u010de se dobavitelj zana\u0161a na privolitev za obdelavo va\u0161ih osebnih podatkov. Vendar to ne bo vplivalo na zakonitost obdelave, ki je bila izvedena, preden ste umaknili privolitev. \u010ce umaknete soglasje, vam dobavitelj morda ne bo mogel zagotoviti dolo\u010denih izdelkov ali storitev. Dobavitelj vas bo o tem obvestil ob preklicu privolitve. \u010ce \u017eelite uveljavljati katero koli od zgoraj navedenih pravic, se obrnite neposredno na dobavitelja prek njegovih kontaktnih podatkov.     <\/li>\n\n\n\n<li>Za dostop do osebnih podatkov (ali uveljavljanje katere koli druge pravice) obi\u010dajno ni treba pla\u010dati pristojbine. Vendar lahko dobavitelj zara\u010duna razumno pristojbino, \u010de je va\u0161a zahteva o\u010ditno neutemeljena, ponavljajo\u010da se ali pretirana. Dobavitelj lahko v teh okoli\u0161\u010dinah tudi zavrne izpolnitev va\u0161e zahteve.  <\/li>\n<\/ol>\n<\/li>\n\n\n\n<li>Dobavitelj bo morda moral od vas zahtevati dolo\u010dene informacije, da bo lahko potrdil va\u0161o identiteto in zagotovil va\u0161o pravico do dostopa do osebnih podatkov (ali uveljavljanja drugih pravic). To je varnostni ukrep, ki zagotavlja, da se osebni podatki ne razkrijejo osebi, ki jih nima pravice prejeti. Dobavitelj lahko stopi v stik z vami tudi zato, da vas zaprosi za dodatne informacije v zvezi z va\u0161o zahtevo in tako pospe\u0161i odziv dobavitelja.  <\/li>\n\n\n\n<li>Kadar koli imate pravico vlo\u017eiti prito\u017ebo pri ICO, nadzornem organu Zdru\u017eenega kraljestva za vpra\u0161anja varstva podatkov (na naslovu www.ico.org.uk). Dobavitelj pa bi bil vesel, \u010de bi lahko va\u0161e pomisleke obravnaval, preden se obrnete na ICO, zato se najprej obrnite na nas. <\/li>\n<\/ol>\n\n<p><\/p>\n\n<p class=\"has-text-align-center\">Pravilnik o zasebnosti je bil nazadnje posodobljen: september, 2022 - 13:56PM.<\/p>\n","protected":false},"excerpt":{"rendered":"<p>POLITIKA PI\u0160KOTKOV Pravilnik o pi\u0161kotkih je bil nazadnje posodobljen: september, 2022 - 13:56PM. POLITIKA VARNOSTI OSEBNIH PRAVIC Navigacija ZBIRANJE PODATKOV OBDELAVA PODATKOV VARSTVO PODATKOV POLITIKA VARNOSTI OSEBNIH PRAVIC Pravilnik o zasebnosti je bil nazadnje posodobljen: september, 2022 - 13:56PM.<\/p>\n","protected":false},"author":5,"featured_media":0,"parent":0,"menu_order":0,"comment_status":"closed","ping_status":"closed","template":"","meta":{"footnotes":""},"class_list":["post-280807","page","type-page","status-publish"],"aioseo_notices":[],"_links":{"self":[{"href":"https:\/\/droix.net\/blogs\/sl\/wp-json\/wp\/v2\/pages\/280807","targetHints":{"allow":["GET"]}}],"collection":[{"href":"https:\/\/droix.net\/blogs\/sl\/wp-json\/wp\/v2\/pages"}],"about":[{"href":"https:\/\/droix.net\/blogs\/sl\/wp-json\/wp\/v2\/types\/page"}],"author":[{"embeddable":true,"href":"https:\/\/droix.net\/blogs\/sl\/wp-json\/wp\/v2\/users\/5"}],"replies":[{"embeddable":true,"href":"https:\/\/droix.net\/blogs\/sl\/wp-json\/wp\/v2\/comments?post=280807"}],"version-history":[{"count":1,"href":"https:\/\/droix.net\/blogs\/sl\/wp-json\/wp\/v2\/pages\/280807\/revisions"}],"predecessor-version":[{"id":280809,"href":"https:\/\/droix.net\/blogs\/sl\/wp-json\/wp\/v2\/pages\/280807\/revisions\/280809"}],"wp:attachment":[{"href":"https:\/\/droix.net\/blogs\/sl\/wp-json\/wp\/v2\/media?parent=280807"}],"curies":[{"name":"wp","href":"https:\/\/api.w.org\/{rel}","templated":true}]}}