{"id":136247,"date":"2021-09-07T16:06:06","date_gmt":"2021-09-07T15:06:06","guid":{"rendered":"https:\/\/droix.net\/blogs\/cookies-och-integritetspolicy\/"},"modified":"2025-05-27T15:45:59","modified_gmt":"2025-05-27T14:45:59","slug":"cookies-och-integritetspolicy","status":"publish","type":"page","link":"https:\/\/droix.net\/blogs\/sv\/cookies-och-integritetspolicy\/","title":{"rendered":"Cookies och integritetspolicy"},"content":{"rendered":"\n<h2 class=\"wp-block-heading\" id=\"h-cookie-policy\">COOKIE-POLICY<\/h2>\n\n<p><\/p>\n\n<ol class=\"wp-block-list\">\n<li>Dessa f\u00f6rs\u00e4ljningsvillkor g\u00e4ller f\u00f6r alla varor som levereras av Entertainment Gadgets LTD DBA DROIX, med s\u00e4te p\u00e5 Unit 54C, North Woolwich Road, E16 2AA, London, Storbritannien, (leverant\u00f6ren).\n<ol class=\"wp-block-list\">\n<li>I det angivna kontraktet \u00e4r h\u00e4nvisningar till: Vi (Entertainment Gadgets LTD DBA DROIX) \u00e4r leverant\u00f6ren, och du (kunden)<\/li>\n<\/ol>\n<\/li>\n<\/ol>\n\n<ol class=\"wp-block-list\">\n<li>Leverant\u00f6rens webbplats anv\u00e4nder cookies f\u00f6r att s\u00e4rskilja kunden, dvs. Du, fr\u00e5n andra anv\u00e4ndare av webbplatsen. Detta hj\u00e4lper leverant\u00f6ren att ge dig en bra upplevelse n\u00e4r du surfar p\u00e5 leverant\u00f6rens webbplats och g\u00f6r det ocks\u00e5 m\u00f6jligt f\u00f6r leverant\u00f6ren att f\u00f6rb\u00e4ttra v\u00e5r webbplats. Genom att forts\u00e4tta surfa p\u00e5 webbplatsen godk\u00e4nner du Leverant\u00f6rens anv\u00e4ndning av cookies.<\/li>\n\n\n\n<li>En cookie \u00e4r en liten fil med bokst\u00e4ver och siffror som leverant\u00f6ren lagrar i din webbl\u00e4sare eller p\u00e5 h\u00e5rddisken i din dator eller mobiltelefon om du samtycker till det. Cookies inneh\u00e5ller information som \u00f6verf\u00f6rs till din dators h\u00e5rddisk.<\/li>\n\n\n\n<li>Leverant\u00f6ren anv\u00e4nder f\u00f6ljande cookies:\n<ol class=\"wp-block-list\">\n<li>Str\u00e4ngt n\u00f6dv\u00e4ndiga cookies. Detta \u00e4r cookies som kr\u00e4vs f\u00f6r driften av Leverant\u00f6rens webbplats. De inkluderar till exempel cookies som g\u00f6r att du kan logga in p\u00e5 s\u00e4kra omr\u00e5den p\u00e5 Leverant\u00f6rens webbplats och utf\u00f6ra transaktioner.<\/li>\n\n\n\n<li>Cookies f\u00f6r analys\/prestanda. De g\u00f6r det m\u00f6jligt f\u00f6r Leverant\u00f6ren att k\u00e4nna igen och r\u00e4kna antalet bes\u00f6kare och att se hur bes\u00f6karna r\u00f6r sig p\u00e5 Leverant\u00f6rens webbplats n\u00e4r de anv\u00e4nder den. Detta hj\u00e4lper leverant\u00f6ren att f\u00f6rb\u00e4ttra hur webbplatsen fungerar, till exempel genom att se till att anv\u00e4ndarna hittar vad de letar efter enkelt och utan kr\u00e5ngel.<\/li>\n\n\n\n<li>Leverant\u00f6ren anv\u00e4nder cookies fr\u00e5n Google Analytics. Google Analytics samlar in information anonymt. Den rapporterar trender p\u00e5 webbplatsen utan att identifiera enskilda bes\u00f6kare. Du kan v\u00e4lja bort Google Analytics utan att det p\u00e5verkar hur du bes\u00f6ker den h\u00e4r webbplatsen. F\u00f6r mer information om Google Analytics, v\u00e4nligen klicka h\u00e4r.<\/li>\n\n\n\n<li>Cookies f\u00f6r m\u00e5lgruppsanpassning. Dessa cookies registrerar ditt bes\u00f6k p\u00e5 Leverant\u00f6rens webbplats, de sidor du har bes\u00f6kt och de l\u00e4nkar du har f\u00f6ljt. Leverant\u00f6ren anv\u00e4nder denna information f\u00f6r att g\u00f6ra webbplatsen och den reklam som visas p\u00e5 den mer relevant f\u00f6r dina intressen. Leverant\u00f6ren kan ocks\u00e5 dela denna information med tredje part f\u00f6r detta \u00e4ndam\u00e5l.<\/li>\n<\/ol>\n<\/li>\n\n\n\n<li>Observera att tredje part (inklusive till exempel annonsn\u00e4tverk och leverant\u00f6rer av externa tj\u00e4nster som webbtrafikanalystj\u00e4nster) ocks\u00e5 kan anv\u00e4nda cookies, \u00f6ver vilka leverant\u00f6ren inte har n\u00e5gon kontroll. Dessa cookies kommer sannolikt att vara analytiska\/prestanda cookies eller riktade cookies.<\/li>\n\n\n\n<li>Du kan blockera cookies genom att aktivera den inst\u00e4llning i din webbl\u00e4sare som g\u00f6r att du kan v\u00e4gra att ta emot alla eller vissa cookies. Om du anv\u00e4nder din webbl\u00e4sares inst\u00e4llningar f\u00f6r att blockera alla cookies (inklusive viktiga cookies) kanske du inte kan komma \u00e5t hela eller delar av Leverant\u00f6rens webbplats.<\/li>\n<\/ol>\n\n<p><\/p>\n\n<p class=\"has-text-align-center\">Cookie Policy senast uppdaterad: 16 september 2022 - 1:56PM.<\/p>\n\n<h2 class=\"wp-block-heading\">SEKRETESSPOLICY<\/h2>\n\n<p><\/p>\n\n<ol class=\"wp-block-list\">\n<li>Dessa f\u00f6rs\u00e4ljningsvillkor g\u00e4ller f\u00f6r alla varor som levereras av Entertainment Gadgets LTD DBA DROIX, med s\u00e4te p\u00e5 Unit 54C, North Woolwich Road, E16 2AA, London, Storbritannien, (leverant\u00f6ren).\n<ol class=\"wp-block-list\">\n<li>I det angivna kontraktet \u00e4r h\u00e4nvisningar till: Vi (Entertainment Gadgets LTD DBA DROIX) \u00e4r leverant\u00f6ren, och du (kunden)<\/li>\n<\/ol>\n<\/li>\n<\/ol>\n\n<h2 class=\"wp-block-heading\" id=\"h-navigation\">Navigation<\/h2>\n\n<ul class=\"wp-block-list\">\n<li>DATAINSAMLING<\/li>\n\n\n\n<li>DATABEHANDLING<\/li>\n\n\n\n<li>DATASKYDD<\/li>\n\n\n\n<li>SEKRETESSPOLICY<\/li>\n<\/ul>\n\n<h2 class=\"wp-block-heading\" id=\"h-data-collection\">DATAINSAMLING<\/h2>\n\n<ol class=\"wp-block-list\">\n<li>Leverant\u00f6ren samlar in personuppgifter fr\u00e5n dig n\u00e4r du k\u00f6per Leverant\u00f6rens produkter.<\/li>\n\n\n\n<li>Leverant\u00f6ren samlar in personuppgifter fr\u00e5n dig och alla enheter (inklusive mobila enheter) som du anv\u00e4nder n\u00e4r du: registrerar dig f\u00f6r ett konto hos oss, ger leverant\u00f6ren information p\u00e5 ett webbformul\u00e4r, uppdaterar eller l\u00e4gger till information p\u00e5 ditt konto, deltar i ett supportforum eller n\u00e4r du p\u00e5 annat s\u00e4tt korresponderar med leverant\u00f6ren.\n<ol class=\"wp-block-list\">\n<li>Vissa av dessa personuppgifter, t.ex. ett s\u00e4tt att identifiera dig, \u00e4r n\u00f6dv\u00e4ndiga f\u00f6r att du ska kunna acceptera Leverant\u00f6rens villkor f\u00f6r tj\u00e4nsten. Tillhandah\u00e5llandet av alla andra personuppgifter \u00e4r frivilligt, men kan vara n\u00f6dv\u00e4ndigt f\u00f6r att anv\u00e4nda v\u00e5ra tj\u00e4nster, t.ex. deltagande i utlottningar eller den information som beh\u00f6vs f\u00f6r att slutf\u00f6ra en transaktion.<\/li>\n<\/ol>\n<\/li>\n\n\n\n<li>Personuppgifter som du l\u00e4mnar till leverant\u00f6ren n\u00e4r du genomf\u00f6r ett k\u00f6p eller registrerar dig f\u00f6r ett konto hos leverant\u00f6ren:\n<ol class=\"wp-block-list\">\n<li>Identifierande uppgifter som namn, adress, telefonnummer eller e-postadress n\u00e4r du registrerar ett konto hos oss.<\/li>\n\n\n\n<li>Orderinformation som \u00e4r kopplad till ditt konto som ett resultat av en transaktion som du \u00e4r involverad i.<\/li>\n\n\n\n<li>Annat inneh\u00e5ll som du genererar eller som \u00e4r kopplat till ditt konto (t.ex. att l\u00e4gga till varor i din varukorg).<\/li>\n\n\n\n<li>Finansiell information (t.ex. kreditkorts- eller bankkontonummer) i samband med en transaktion.<\/li>\n\n\n\n<li>Porto-, fakturerings- och annan information som anv\u00e4nds f\u00f6r att k\u00f6pa eller skicka en vara och relevant portoinformation (t.ex. sp\u00e5rningsnummer och sp\u00e5rningsuppdateringar).<\/li>\n\n\n\n<li>Du kan ocks\u00e5 ge leverant\u00f6ren annan information via ett webbformul\u00e4r, genom att uppdatera eller l\u00e4gga till information p\u00e5 ditt konto, genom ditt deltagande i forumdiskussioner, supportf\u00f6rfr\u00e5gningar eller n\u00e4r du p\u00e5 annat s\u00e4tt kommunicerar med leverant\u00f6ren ang\u00e5ende leverant\u00f6rens varor och tj\u00e4nster.<\/li>\n\n\n\n<li>Ytterligare information som leverant\u00f6ren enligt till\u00e4mplig nationell lagstiftning \u00e4r skyldig eller har r\u00e4tt att samla in och behandla f\u00f6r att autentisera eller identifiera dig eller f\u00f6r att verifiera den information som leverant\u00f6ren har samlat in.<\/li>\n<\/ol>\n<\/li>\n\n\n\n<li>Personuppgifter som leverant\u00f6ren samlar in automatiskt n\u00e4r du anv\u00e4nder f\u00f6r att utf\u00f6ra ett k\u00f6p eller registrera dig f\u00f6r ett konto hos leverant\u00f6ren:\n<ol class=\"wp-block-list\">\n<li>Leverant\u00f6ren samlar in information om din interaktion med webbplatsen, dina annonseringspreferenser och din kommunikation med leverant\u00f6ren. Detta \u00e4r information som leverant\u00f6ren f\u00e5r fr\u00e5n enheter (inklusive mobila enheter) som du anv\u00e4nder n\u00e4r du \u00f6ppnar delar av leverant\u00f6rens webbplats. Denna information kan omfatta f\u00f6ljande: Enhets-ID eller unik identifierare, enhetstyp, ID f\u00f6r annonsering och unik enhetstoken.<\/li>\n\n\n\n<li>Platsinformation, inklusive platsinformation fr\u00e5n din mobila enhet. T\u00e4nk p\u00e5 att du p\u00e5 de flesta mobila enheter kan styra eller inaktivera anv\u00e4ndningen av platstj\u00e4nster f\u00f6r alla applikationer p\u00e5 din mobila enhet i enhetens inst\u00e4llningsmeny.<\/li>\n\n\n\n<li>Dator- och anslutningsinformation s\u00e5som statistik \u00f6ver dina sidvisningar, trafik till och fr\u00e5n webbplatserna, h\u00e4nvisningsadresser, annonsdata, din IP-adress, din webbhistorik och din webblogginformation.<\/li>\n<\/ol>\n<\/li>\n\n\n\n<li>Personuppgifter som Leverant\u00f6ren samlar in med hj\u00e4lp av cookies och liknande teknik\n<ol class=\"wp-block-list\">\n<li>Leverant\u00f6ren anv\u00e4nder cookies, webbfyrar, unika identifierare och liknande teknik f\u00f6r att samla in information om de sidor du tittar p\u00e5, de l\u00e4nkar du klickar p\u00e5 och andra \u00e5tg\u00e4rder du vidtar n\u00e4r du surfar p\u00e5 leverant\u00f6rens webbplats, i leverant\u00f6rens reklam eller e-postinneh\u00e5ll. Mer information om anv\u00e4ndningen av dessa tekniker och hur du kontrollerar dem finns i v\u00e5r policy f\u00f6r cookies<\/li>\n<\/ol>\n<\/li>\n\n\n\n<li>Personuppgifter som samlats in fr\u00e5n andra k\u00e4llor\n<ol class=\"wp-block-list\">\n<li>Leverant\u00f6ren kompletterar den personliga information som leverant\u00f6ren samlar in direkt med information som samlas in fr\u00e5n tredje part och l\u00e4gger till den i din kontoinformation. Till exempel samlar leverant\u00f6ren in och anv\u00e4nder demografisk och annan information som \u00e4r allm\u00e4nt tillg\u00e4nglig i en till\u00e4mplig jurisdiktion, ytterligare kontaktinformation, kreditupplysningsinformation och information fr\u00e5n kreditupplysningsf\u00f6retag, i enlighet med till\u00e4mplig nationell lagstiftning.<\/li>\n\n\n\n<li>Sociala medier - Leverant\u00f6ren till\u00e5ter dig att dela information med sociala medier, eller anv\u00e4nda sociala medier f\u00f6r att skapa ditt konto eller f\u00f6r att ansluta ditt konto till respektive sociala mediewebbplats. Dessa webbplatser f\u00f6r sociala medier kan ge leverant\u00f6ren automatisk tillg\u00e5ng till vissa personuppgifter som de har om dig (t.ex. inneh\u00e5ll som du har sett, inneh\u00e5ll som du har gillat och information om de annonser som du har visats eller klickat p\u00e5 etc.). Om du ger leverant\u00f6ren \u00e5tkomst till en webbplats med videoinneh\u00e5ll samtycker du till att leverant\u00f6ren kan dela din videovisning med, eller f\u00e5 information om din videovisning fr\u00e5n, tredje parts webbplatser f\u00f6r sociala medier under minst tv\u00e5 \u00e5r eller tills du drar tillbaka auktorisationen eller anslutningen till webbplatsen f\u00f6r sociala medier. Du kontrollerar de personuppgifter som du till\u00e5ter leverant\u00f6ren att ha tillg\u00e5ng till genom sekretessinst\u00e4llningarna p\u00e5 den till\u00e4mpliga sociala mediesajten och de beh\u00f6righeter du ger leverant\u00f6ren n\u00e4r du ger leverant\u00f6ren tillg\u00e5ng till de personuppgifter som respektive sociala mediesajt har om dig. Genom att koppla ett konto som hanteras av en webbplats f\u00f6r sociala medier till ditt konto och ge leverant\u00f6ren beh\u00f6righet att ha tillg\u00e5ng till denna information samtycker du till att leverant\u00f6ren kan samla in, anv\u00e4nda och beh\u00e5lla den information som tillhandah\u00e5lls av dessa webbplatser f\u00f6r sociala medier i enlighet med detta sekretessmeddelande. Leverant\u00f6ren kan ocks\u00e5 anv\u00e4nda plugins eller annan teknik fr\u00e5n olika webbplatser f\u00f6r sociala medier. Om du klickar p\u00e5 en l\u00e4nk som tillhandah\u00e5lls via en plugin f\u00f6r sociala medier, uppr\u00e4ttar du frivilligt en anslutning till respektive webbplats f\u00f6r sociala medier.<\/li>\n\n\n\n<li>Om du l\u00e4mnar personuppgifter om n\u00e5gon annan till Leverant\u00f6ren f\u00e5r du endast g\u00f6ra det med den personens tillst\u00e5nd. Du b\u00f6r informera dem om hur leverant\u00f6ren samlar in, anv\u00e4nder, l\u00e4mnar ut och bevarar deras personuppgifter i enlighet med leverant\u00f6rens villkor.<\/li>\n<\/ol>\n<\/li>\n\n\n\n<li>Information som hj\u00e4lper leverant\u00f6ren att leverera leverant\u00f6rens tj\u00e4nster till dig.\n<ol class=\"wp-block-list\">\n<li>Leverant\u00f6ren har ett n\u00e4ra samarbete med tredje parter f\u00f6r att hj\u00e4lpa leverant\u00f6ren att tillhandah\u00e5lla tj\u00e4nster till dig. Dessa tredje parter \u00e4r aff\u00e4rspartner inom tekniska tj\u00e4nster, betalnings- och leveranstj\u00e4nster, annonsn\u00e4tverk, analysleverant\u00f6rer, leverant\u00f6rer av s\u00f6kinformation, kreditupplysningsf\u00f6retag, bedr\u00e4geribek\u00e4mpningsf\u00f6retag och utvecklare. Information som leverant\u00f6ren kan samla in om dig fr\u00e5n s\u00e5dana parter kan inkludera kreditupplysningar, information som hj\u00e4lper leverant\u00f6ren att verifiera din identitet eller information som r\u00f6r dina betalningstransaktioner.<\/li>\n\n\n\n<li>Om du till\u00e5ter det kommer leverant\u00f6ren att samla in v\u00e4nlistor fr\u00e5n Facebook och liknande information fr\u00e5n andra tredje parter s\u00e5som Twitter och Google och leverant\u00f6ren kan regelbundet samla in denna information p\u00e5 nytt f\u00f6r att h\u00e5lla sig uppdaterad.<\/li>\n<\/ol>\n<\/li>\n<\/ol>\n\n<p><\/p>\n\n<h2 class=\"wp-block-heading\" id=\"h-data-processing\">DATABEHANDLING<\/h2>\n\n<ol class=\"wp-block-list\">\n<li>Leverant\u00f6ren kommer endast att anv\u00e4nda dina personuppgifter n\u00e4r lagen till\u00e5ter det. Vanligtvis kan leverant\u00f6ren anv\u00e4nda dina personuppgifter (t.ex. din inl\u00e4mnade information, platsinformation eller transaktionsinformation) f\u00f6r att bilda sig en uppfattning om vad leverant\u00f6ren tror att du vill ha eller beh\u00f6ver, eller vad som kan vara av intresse f\u00f6r dig.<\/li>\n\n\n\n<li>Leverant\u00f6ren kommer endast att anv\u00e4nda dina personuppgifter f\u00f6r de \u00e4ndam\u00e5l f\u00f6r vilka leverant\u00f6ren samlade in dem, s\u00e5vida inte leverant\u00f6ren rimligen anser att leverant\u00f6ren beh\u00f6ver anv\u00e4nda dem f\u00f6r ett annat \u00e4ndam\u00e5l och detta \u00e4ndam\u00e5l \u00e4r f\u00f6renligt med det ursprungliga \u00e4ndam\u00e5let.<\/li>\n\n\n\n<li>Om du ger ditt uttryckliga samtycke kan leverant\u00f6ren anv\u00e4nda dina identitets-, kontakt-, tekniska, anv\u00e4ndnings- och\/eller profildata f\u00f6r att bilda sig en uppfattning om vad leverant\u00f6ren tror att du vill ha eller beh\u00f6ver, eller vad som kan vara av intresse f\u00f6r dig. Du kan n\u00e4r som helst \u00e5terkalla ditt samtycke. Under vissa begr\u00e4nsade omst\u00e4ndigheter kan leverant\u00f6ren kontakta dig om liknande produkter d\u00e4r du har k\u00f6pt produkter fr\u00e5n leverant\u00f6ren och du inte har valt bort att ta emot denna information.<\/li>\n\n\n\n<li>Avanm\u00e4lan - Du kan n\u00e4r som helst be leverant\u00f6ren att sluta skicka marknadsf\u00f6ringsmeddelanden till dig genom att f\u00f6lja avanm\u00e4lningsl\u00e4nkarna i alla marknadsf\u00f6ringsmeddelanden som skickas till dig eller genom att n\u00e4r som helst kontakta leverant\u00f6ren. Om du v\u00e4ljer att inte ta emot dessa marknadsf\u00f6ringsmeddelanden kan du fortfarande f\u00e5 meddelanden f\u00f6r andra \u00e4ndam\u00e5l (t.ex. f\u00f6r att tillhandah\u00e5lla relevant order- eller produktrelaterad information till dig).<\/li>\n\n\n\n<li>Leverant\u00f6ren kan l\u00e4mna ut de uppgifter som leverant\u00f6ren samlar in fr\u00e5n dig till vissa tredje parter som anv\u00e4nder personuppgifter f\u00f6r att leverera sina tj\u00e4nster till leverant\u00f6ren, de anv\u00e4nder uppgifter s\u00e4kert och konfidentiellt och under strikta avtalskontroller i enlighet med dataskyddslagar.<\/li>\n\n\n\n<li>Du kan n\u00e4r som helst \u00e5terkalla ditt samtycke efter att ha gett ditt uttryckliga opt-in samtycke genom att kontakta leverant\u00f6ren<\/li>\n<\/ol>\n\n<p><\/p>\n\n<h2 class=\"wp-block-heading\" id=\"h-data-protection\">DATASKYDD<\/h2>\n\n<ol class=\"wp-block-list\">\n<li>Leverant\u00f6ren kommer att vidta alla rimliga f\u00f6rsiktighets\u00e5tg\u00e4rder f\u00f6r att h\u00e5lla uppgifterna om din best\u00e4llning och betalning s\u00e4kra, men om leverant\u00f6ren inte \u00e4r f\u00f6rsumlig kommer leverant\u00f6ren inte att vara ansvarig f\u00f6r obeh\u00f6rig \u00e5tkomst till information som du tillhandah\u00e5ller.<\/li>\n\n\n\n<li>Leverant\u00f6ren begr\u00e4nsar tillg\u00e5ngen till dina personuppgifter till de anst\u00e4llda, agenter, entrepren\u00f6rer och andra tredje parter som har ett aff\u00e4rsm\u00e4ssigt behov av att k\u00e4nna till dem. De kommer endast att behandla dina personuppgifter enligt Leverant\u00f6rens instruktioner och de omfattas av tystnadsplikt.<\/li>\n\n\n\n<li>Leverant\u00f6ren har inf\u00f6rt rutiner f\u00f6r att hantera alla misst\u00e4nkta personuppgiftsbrott och kommer att meddela dig och alla till\u00e4mpliga tillsynsmyndigheter om ett brott d\u00e4r Leverant\u00f6ren \u00e4r juridiskt skyldig att g\u00f6ra det.<\/li>\n<\/ol>\n\n<p><\/p>\n\n<h2 class=\"wp-block-heading\" id=\"h-privacy-policy\">SEKRETESSPOLICY<\/h2>\n\n<ol class=\"wp-block-list\">\n<li>Leverant\u00f6ren lagrar inte kreditkortsuppgifter och delar inte heller kunduppgifter med olagliga tredje parter.<\/li>\n\n\n\n<li>Leverant\u00f6ren kommer endast att beh\u00e5lla dina personuppgifter s\u00e5 l\u00e4nge som det \u00e4r n\u00f6dv\u00e4ndigt f\u00f6r att uppfylla de syften som leverant\u00f6ren samlade in dem f\u00f6r, inklusive f\u00f6r att uppfylla eventuella r\u00e4ttsliga krav, bokf\u00f6rings- eller rapporteringskrav.<\/li>\n\n\n\n<li>Leverant\u00f6ren beh\u00e5ller i allm\u00e4nhet v\u00e5ra kunders uppgifter under en period p\u00e5 6 (sex) \u00e5r efter att ett avtal har avslutats, f\u00f6r att s\u00e4kerst\u00e4lla att leverant\u00f6ren kan hj\u00e4lpa dig om du har n\u00e5gra fr\u00e5gor eller feedback i f\u00f6rh\u00e5llande till leverant\u00f6rens produkter eller f\u00f6r att skydda eller f\u00f6rsvara v\u00e5ra juridiska r\u00e4ttigheter eller f\u00f6r skatte\u00e4ndam\u00e5l.<\/li>\n\n\n\n<li>Om leverant\u00f6ren har behandlat dina personuppgifter f\u00f6r att f\u00f6rse dig med marknadsf\u00f6ringskommunikation med samtycke, kan leverant\u00f6ren kontakta dig minst var tolfte (12:e) m\u00e5nad f\u00f6r att s\u00e4kerst\u00e4lla att du \u00e4r n\u00f6jd med att forts\u00e4tta ta emot s\u00e5dan kommunikation. Om du meddelar leverant\u00f6ren att du inte l\u00e4ngre vill ta emot s\u00e5dan kommunikation kommer dina personuppgifter att tas bort fr\u00e5n leverant\u00f6rens marknadsf\u00f6ringslistor (men kommer att l\u00e4ggas till p\u00e5 en &#8221;kontakta inte\"-lista).<\/li>\n\n\n\n<li>Om leverant\u00f6ren har behandlat dina uppgifter av n\u00e5gon annan anledning (t.ex. om du har kontaktat leverant\u00f6ren med en fr\u00e5ga i samband med produkter eller tj\u00e4nster), kommer leverant\u00f6ren att beh\u00e5lla dina uppgifter i tolv (12) m\u00e5nader.<\/li>\n\n\n\n<li>Under vissa omst\u00e4ndigheter kan leverant\u00f6ren anonymisera dina personuppgifter (s\u00e5 att de inte l\u00e4ngre kan kopplas till dig) f\u00f6r forsknings- eller statistiska \u00e4ndam\u00e5l, i vilket fall leverant\u00f6ren kan anv\u00e4nda denna information p\u00e5 obest\u00e4md tid utan ytterligare meddelande till dig.<\/li>\n\n\n\n<li>Under vissa omst\u00e4ndigheter har du r\u00e4ttigheter enligt dataskyddslagstiftningen i f\u00f6rh\u00e5llande till dina personuppgifter. Dessa r\u00e4ttigheter beskrivs n\u00e4rmare nedan:\n<ol class=\"wp-block-list\">\n<li>Beg\u00e4ra tillg\u00e5ng till dina personuppgifter (allm\u00e4nt k\u00e4nt som en &#8221;beg\u00e4ran om tillg\u00e5ng f\u00f6r registrerade\"). P\u00e5 s\u00e5 s\u00e4tt kan du f\u00e5 en kopia av de personuppgifter som leverant\u00f6ren har om dig och kontrollera att leverant\u00f6ren behandlar dem p\u00e5 ett lagligt s\u00e4tt.<\/li>\n\n\n\n<li>Beg\u00e4ra r\u00e4ttelse av de personuppgifter som leverant\u00f6ren har om dig. P\u00e5 s\u00e5 s\u00e4tt kan du f\u00e5 ofullst\u00e4ndiga eller felaktiga uppgifter som leverant\u00f6ren har om dig r\u00e4ttade, \u00e4ven om leverant\u00f6ren kan beh\u00f6va kontrollera att de nya uppgifter som du l\u00e4mnar till leverant\u00f6ren \u00e4r korrekta.<\/li>\n\n\n\n<li>Beg\u00e4ra radering av dina personuppgifter. P\u00e5 s\u00e5 s\u00e4tt kan du be leverant\u00f6ren att radera eller ta bort personuppgifter om det inte finns n\u00e5gra goda sk\u00e4l f\u00f6r leverant\u00f6ren att forts\u00e4tta behandla dem. Du har ocks\u00e5 r\u00e4tt att be leverant\u00f6ren att radera eller ta bort dina personuppgifter om du har utnyttjat din r\u00e4tt att inv\u00e4nda mot behandlingen, om leverant\u00f6ren kan ha behandlat dina uppgifter p\u00e5 ett olagligt s\u00e4tt eller om leverant\u00f6ren \u00e4r skyldig att radera dina personuppgifter f\u00f6r att f\u00f6lja lokal lagstiftning. Observera dock att leverant\u00f6ren kanske inte alltid kan uppfylla din beg\u00e4ran om radering av s\u00e4rskilda r\u00e4ttsliga sk\u00e4l som kommer att meddelas dig, om till\u00e4mpligt, vid tidpunkten f\u00f6r din beg\u00e4ran.<\/li>\n\n\n\n<li>Inv\u00e4nda mot behandling av dina personuppgifter om leverant\u00f6ren \u00e5beropar ett ber\u00e4ttigat intresse (eller en tredje parts intresse) och det finns n\u00e5got i din speciella situation som g\u00f6r att du vill inv\u00e4nda mot behandling p\u00e5 denna grund eftersom du anser att det p\u00e5verkar dina grundl\u00e4ggande fri- och r\u00e4ttigheter. Du har ocks\u00e5 r\u00e4tt att inv\u00e4nda om Leverant\u00f6ren behandlar dina personuppgifter f\u00f6r direkt marknadsf\u00f6ring. I vissa fall kan leverant\u00f6ren visa att leverant\u00f6ren har tvingande legitima sk\u00e4l att behandla din information som \u00e5sidos\u00e4tter dina r\u00e4ttigheter och friheter.<\/li>\n\n\n\n<li>Beg\u00e4ra begr\u00e4nsning av behandlingen av dina personuppgifter. Det inneb\u00e4r att du kan be leverant\u00f6ren att avbryta behandlingen av dina personuppgifter i f\u00f6ljande situationer: om du vill att leverant\u00f6ren ska fastst\u00e4lla uppgifternas riktighet, om leverant\u00f6rens anv\u00e4ndning av uppgifterna \u00e4r olaglig men du inte vill att leverant\u00f6ren ska radera dem, om du vill att leverant\u00f6ren ska beh\u00e5lla uppgifterna \u00e4ven om leverant\u00f6ren inte l\u00e4ngre beh\u00f6ver dem eftersom du beh\u00f6ver dem f\u00f6r att fastst\u00e4lla, g\u00f6ra g\u00e4llande eller f\u00f6rsvara r\u00e4ttsliga anspr\u00e5k, eller om du har inv\u00e4nt mot leverant\u00f6rens anv\u00e4ndning av dina uppgifter men leverant\u00f6ren beh\u00f6ver kontrollera om leverant\u00f6ren har \u00f6verv\u00e4gande ber\u00e4ttigade sk\u00e4l att anv\u00e4nda dem.<\/li>\n\n\n\n<li>Beg\u00e4ra \u00f6verf\u00f6ring av dina personuppgifter (som registrerad) till dig eller till en tredje part. \u00c5terkalla samtycke n\u00e4r som helst om Leverant\u00f6ren f\u00f6rlitar sig p\u00e5 samtycke f\u00f6r att behandla dina personuppgifter. Detta p\u00e5verkar dock inte lagligheten av den behandling som utf\u00f6rts innan du \u00e5terkallade ditt samtycke. Om du \u00e5terkallar ditt samtycke kan det h\u00e4nda att leverant\u00f6ren inte kan tillhandah\u00e5lla vissa produkter eller tj\u00e4nster till dig. Leverant\u00f6ren kommer att meddela dig om s\u00e5 \u00e4r fallet vid den tidpunkt d\u00e5 du \u00e5terkallar ditt samtycke. Om du vill ut\u00f6va n\u00e5gon av de r\u00e4ttigheter som anges ovan, v\u00e4nligen kontakta Leverant\u00f6ren direkt via deras Kontaktuppgifter.<\/li>\n\n\n\n<li>Vanligtvis kr\u00e4vs ingen avgift och du kommer inte att beh\u00f6va betala en avgift f\u00f6r att f\u00e5 tillg\u00e5ng till dina personuppgifter (eller f\u00f6r att ut\u00f6va n\u00e5gon av de andra r\u00e4ttigheterna). Leverant\u00f6ren f\u00e5r dock ta ut en rimlig avgift om din beg\u00e4ran \u00e4r uppenbart ogrundad, upprepad eller orimlig. Alternativt kan Leverant\u00f6ren v\u00e4gra att tillm\u00f6tesg\u00e5 din beg\u00e4ran under dessa omst\u00e4ndigheter.<\/li>\n<\/ol>\n<\/li>\n\n\n\n<li>Leverant\u00f6ren kan beh\u00f6va beg\u00e4ra specifik information fr\u00e5n dig f\u00f6r att hj\u00e4lpa leverant\u00f6ren att bekr\u00e4fta din identitet och s\u00e4kerst\u00e4lla din r\u00e4tt att f\u00e5 tillg\u00e5ng till dina personuppgifter (eller att ut\u00f6va n\u00e5gon av dina andra r\u00e4ttigheter). Detta \u00e4r en s\u00e4kerhets\u00e5tg\u00e4rd f\u00f6r att se till att personuppgifter inte l\u00e4mnas ut till n\u00e5gon som inte har r\u00e4tt att ta del av dem. Leverant\u00f6ren kan ocks\u00e5 kontakta dig f\u00f6r att be dig om ytterligare information i samband med din beg\u00e4ran f\u00f6r att p\u00e5skynda leverant\u00f6rens svar.<\/li>\n\n\n\n<li>Du har r\u00e4tt att n\u00e4r som helst l\u00e4mna in ett klagom\u00e5l till ICO, den brittiska tillsynsmyndigheten f\u00f6r dataskyddsfr\u00e5gor (p\u00e5 www.ico.org.uk). Leverant\u00f6ren skulle dock uppskatta m\u00f6jligheten att hantera dina problem innan du v\u00e4nder dig till ICO, s\u00e5 kontakta oss i f\u00f6rsta hand.<\/li>\n<\/ol>\n\n<p><\/p>\n\n<p class=\"has-text-align-center\">Integritetspolicy senast uppdaterad: 16 september, 2022 - 1:56PM.<\/p>\n","protected":false},"excerpt":{"rendered":"<p>COOKIE-POLICY Cookie Policy senast uppdaterad: 16 september 2022 - 1:56PM. SEKRETESSPOLICY Navigation DATAINSAMLING DATABEHANDLING DATASKYDD SEKRETESSPOLICY Integritetspolicy senast uppdaterad: 16 september, 2022 - 1:56PM.<\/p>\n","protected":false},"author":5,"featured_media":0,"parent":0,"menu_order":0,"comment_status":"closed","ping_status":"closed","template":"","meta":{"footnotes":""},"class_list":["post-136247","page","type-page","status-publish"],"aioseo_notices":[],"_links":{"self":[{"href":"https:\/\/droix.net\/blogs\/sv\/wp-json\/wp\/v2\/pages\/136247","targetHints":{"allow":["GET"]}}],"collection":[{"href":"https:\/\/droix.net\/blogs\/sv\/wp-json\/wp\/v2\/pages"}],"about":[{"href":"https:\/\/droix.net\/blogs\/sv\/wp-json\/wp\/v2\/types\/page"}],"author":[{"embeddable":true,"href":"https:\/\/droix.net\/blogs\/sv\/wp-json\/wp\/v2\/users\/5"}],"replies":[{"embeddable":true,"href":"https:\/\/droix.net\/blogs\/sv\/wp-json\/wp\/v2\/comments?post=136247"}],"version-history":[{"count":2,"href":"https:\/\/droix.net\/blogs\/sv\/wp-json\/wp\/v2\/pages\/136247\/revisions"}],"predecessor-version":[{"id":280734,"href":"https:\/\/droix.net\/blogs\/sv\/wp-json\/wp\/v2\/pages\/136247\/revisions\/280734"}],"wp:attachment":[{"href":"https:\/\/droix.net\/blogs\/sv\/wp-json\/wp\/v2\/media?parent=136247"}],"curies":[{"name":"wp","href":"https:\/\/api.w.org\/{rel}","templated":true}]}}