{"id":137526,"date":"2019-12-10T17:32:45","date_gmt":"2019-12-10T17:32:45","guid":{"rendered":"https:\/\/droix.net\/blogs\/kontakta-oss\/"},"modified":"2025-05-27T15:48:24","modified_gmt":"2025-05-27T14:48:24","slug":"kontakta-oss","status":"publish","type":"page","link":"https:\/\/droix.net\/blogs\/sv\/kontakta-oss\/","title":{"rendered":"Kontakta oss"},"content":{"rendered":"\n<h1>Kontakta oss<\/h1>\n\n<div style=\"height:20px\" aria-hidden=\"true\" class=\"wp-block-spacer\"><\/div>\n\n<p>Vi vill ge dig en fantastisk upplevelse och det \u00e4r d\u00e4rf\u00f6r vi vill h\u00f6ra fr\u00e5n dig. Din feedback hj\u00e4lper oss att ge dig fler av de evenemang du \u00e4lskar och den service du f\u00f6rv\u00e4ntar dig.<\/p>\n\n<hr class=\"wp-block-separator has-css-opacity is-style-default\"\/>\n\n<div class=\"wp-block-media-text alignwide is-stacked-on-mobile\" style=\"grid-template-columns:20% auto\"><figure class=\"wp-block-media-text__media\"><img decoding=\"async\" width=\"194\" height=\"60\" src=\"https:\/\/droix.net\/blogs\/wp-content\/uploads\/2024\/12\/droix-v2-blog-main-logo.png\" alt=\"\" class=\"wp-image-265396 size-full\"\/><\/figure><div class=\"wp-block-media-text__content\">\n<p class=\"has-large-font-size\"><a href=\"https:\/\/go.droix.co.uk\/droix-landing\">L\u00c4R MER<\/a><\/p>\n<\/div><\/div>\n","protected":false},"excerpt":{"rendered":"<p>Kontakta oss Vi vill ge dig en fantastisk upplevelse och det \u00e4r d\u00e4rf\u00f6r vi vill h\u00f6ra fr\u00e5n dig. Din feedback hj\u00e4lper oss att ge dig fler av de evenemang du \u00e4lskar och den service du f\u00f6rv\u00e4ntar dig. L\u00c4R MER<\/p>\n","protected":false},"author":5,"featured_media":58896,"parent":0,"menu_order":0,"comment_status":"closed","ping_status":"closed","template":"","meta":{"footnotes":""},"class_list":["post-137526","page","type-page","status-publish","has-post-thumbnail"],"aioseo_notices":[],"_links":{"self":[{"href":"https:\/\/droix.net\/blogs\/sv\/wp-json\/wp\/v2\/pages\/137526","targetHints":{"allow":["GET"]}}],"collection":[{"href":"https:\/\/droix.net\/blogs\/sv\/wp-json\/wp\/v2\/pages"}],"about":[{"href":"https:\/\/droix.net\/blogs\/sv\/wp-json\/wp\/v2\/types\/page"}],"author":[{"embeddable":true,"href":"https:\/\/droix.net\/blogs\/sv\/wp-json\/wp\/v2\/users\/5"}],"replies":[{"embeddable":true,"href":"https:\/\/droix.net\/blogs\/sv\/wp-json\/wp\/v2\/comments?post=137526"}],"version-history":[{"count":2,"href":"https:\/\/droix.net\/blogs\/sv\/wp-json\/wp\/v2\/pages\/137526\/revisions"}],"predecessor-version":[{"id":280778,"href":"https:\/\/droix.net\/blogs\/sv\/wp-json\/wp\/v2\/pages\/137526\/revisions\/280778"}],"wp:featuredmedia":[{"embeddable":true,"href":"https:\/\/droix.net\/blogs\/sv\/wp-json\/wp\/v2\/media\/58896"}],"wp:attachment":[{"href":"https:\/\/droix.net\/blogs\/sv\/wp-json\/wp\/v2\/media?parent=137526"}],"curies":[{"name":"wp","href":"https:\/\/api.w.org\/{rel}","templated":true}]}}