{"id":55391,"date":"2024-05-01T11:01:06","date_gmt":"2024-05-01T10:01:06","guid":{"rendered":"https:\/\/droix.net\/knowledge-base\/page-de-connaissances-internes-de-droix\/"},"modified":"2025-03-25T17:12:11","modified_gmt":"2025-03-25T17:12:11","slug":"page-de-connaissances-internes-de-droix","status":"publish","type":"page","link":"https:\/\/droix.net\/knowledge-base\/fr\/page-de-connaissances-internes-de-droix\/","title":{"rendered":"DROIX Page de connaissances internes"},"content":{"rendered":"\n<iframe src=\"https:\/\/droidbox-my.sharepoint.com\/:w:\/g\/personal\/eugene_droix_co_uk\/EdJIS1NVe1xBtjyOOeTR7_oB2ChChBp0EFijZTdvQar9bQ?e=V8zb9H\" width=\"476px\" height=\"288px\" frameborder=\"0\">Il s&rsquo;agit d&rsquo;un document <a target=\"_blank\" href=\"https:\/\/office.com\" rel=\"noopener\">Microsoft Office<\/a> int\u00e9gr\u00e9, optimis\u00e9 par <a target=\"_blank\" href=\"https:\/\/office.com\/webapps\" rel=\"noopener\">Office<\/a>.<\/iframe>\n","protected":false},"excerpt":{"rendered":"<p>Il s&rsquo;agit d&rsquo;un document Microsoft Office int\u00e9gr\u00e9, optimis\u00e9 par Office.<\/p>\n","protected":false},"author":1,"featured_media":0,"parent":0,"menu_order":0,"comment_status":"closed","ping_status":"closed","template":"","meta":{"footnotes":""},"class_list":["post-55391","page","type-page","status-publish"],"_links":{"self":[{"href":"https:\/\/droix.net\/knowledge-base\/fr\/wp-json\/wp\/v2\/pages\/55391","targetHints":{"allow":["GET"]}}],"collection":[{"href":"https:\/\/droix.net\/knowledge-base\/fr\/wp-json\/wp\/v2\/pages"}],"about":[{"href":"https:\/\/droix.net\/knowledge-base\/fr\/wp-json\/wp\/v2\/types\/page"}],"author":[{"embeddable":true,"href":"https:\/\/droix.net\/knowledge-base\/fr\/wp-json\/wp\/v2\/users\/1"}],"replies":[{"embeddable":true,"href":"https:\/\/droix.net\/knowledge-base\/fr\/wp-json\/wp\/v2\/comments?post=55391"}],"version-history":[{"count":0,"href":"https:\/\/droix.net\/knowledge-base\/fr\/wp-json\/wp\/v2\/pages\/55391\/revisions"}],"wp:attachment":[{"href":"https:\/\/droix.net\/knowledge-base\/fr\/wp-json\/wp\/v2\/media?parent=55391"}],"curies":[{"name":"wp","href":"https:\/\/api.w.org\/{rel}","templated":true}]}}