{"id":71222,"date":"2021-11-20T18:25:39","date_gmt":"2021-11-20T18:25:39","guid":{"rendered":"https:\/\/droix.net\/knowledge-base\/71222-2\/"},"modified":"2025-10-12T18:54:19","modified_gmt":"2025-10-12T17:54:19","slug":"71222-2","status":"publish","type":"page","link":"https:\/\/droix.net\/knowledge-base\/hu\/","title":{"rendered":""},"content":{"rendered":"<div class=\"mkb-shortcode-container\"><div class=\"kb-header mkb-uuid-69d00b825d135\" style=\"background-color: #ffffff;padding-top: 6em;padding-bottom: 6em;background: url(https:\/\/droix.net\/knowledge-base\/hu\/wp-content\/uploads\/2021\/11\/john-schnobrich-2FPjlAyMQTA-unsplash.jpg) center center \/ cover;\"><style>.mkb-uuid-69d00b825d135 .kb-search .kb-search__result-topic-name { background: #ba3f9e; }.mkb-uuid-69d00b825d135 .kb-search .kb-search__result-topic-name { color: #ffffff; }<\/style>\t\t\t\t<div class=\"kb-search-gradient\" style=\"background: linear-gradient(45deg, #ba3f9e 0%, #9fb423 100%);opacity: 0.75;\"><\/div>\n\t\t\t\t\t\t\n\t\t\t\n\t\t\t<div class=\"kb-search\">\n\n\t\t\t\t\n\t\t\t\t\t\t\t\t<div class=\"kb-search__title\" style=\"font-size: 3em;color: #ffffff;\">\n\t\t\t\t\tSearch Away\t\t\t\t<\/div>\n\t\t\t\t\t\t\t\t<form class=\"kb-search__form\" action=\"https:\/\/droix.net\/knowledge-base\/hu\/\" method=\"get\" autocomplete=\"off\" novalidate>\n\n\t\t\t\t\t\n\t\t\t\t\t<div class=\"kb-search__input-wrap mkb-search-theme__clean\"\n\t\t\t\t\t     style=\"border-color: #ffffff;background-color: #ffffff;width: 38em;\">\n\t\t\t\t\t\t<input type=\"hidden\" name=\"source\" value=\"kb\" \/>\n\t\t\t\t\t\t\t\t\t\t\t\t\t<input type=\"hidden\" name=\"lang\" value=\"hu\" \/>\n\t\t\t\t\t\t\t\t\t\t\t\t\t\t\t\t\t\t\t\t\t\t\t\t<input class=\"kb-search__input\"\n\t\t\t\t\t\t       name=\"s\"\n\t\t\t\t\t\t       placeholder=\"ex: Getting Started with GPD WIN Mini\"\n\t\t\t\t\t\t       type=\"text\"\n\t\t\t\t\t\t       data-show-results-topic=\"1\"\n\t\t\t\t\t\t       data-topic-label=\"T\u00e9ma\"\n\t\t\t\t\t\t       data-custom-topic-colors=\"\"\n\t\t\t\t\t\t       data-autofocus=\"1\"\n\t\t\t\t\t\t\t\/>\n\t\t\t\t\t\t<span class=\"kb-search__results-summary\">\n\t\t\t\t\t\t\t<i class=\"kb-search-request-indicator fa fa-circle-o-notch fa-spin fa-fw\"><\/i>\n\t\t\t\t\t\t\t<span class=\"kb-summary-text-holder\"><\/span>\n\t\t\t\t\t\t<\/span>\n\t\t\t\t\t\t\t\t\t\t\t\t\t<span class=\"kb-search__icon-holder\">\n\t\t\t\t\t\t\t\t<i class=\"kb-search__icon fa fa-search\"><\/i>\n\t\t\t\t\t\t\t<\/span>\n\t\t\t\t\t\t\t\t\t\t\t\t<a href=\"#\" class=\"kb-search__clear\" title=\"Clear search\">\n\t\t\t\t\t\t\t<i class=\"kb-search__clear-icon fa fa-times-circle\"><\/i>\n\t\t\t\t\t\t<\/a>\n\n\t\t\t\t\t\t<div class=\"kb-search__results kb-search__results--with-topics\"><\/div>\n\t\t\t\t\t<\/div>\n\n\t\t\t\t\t\n\t\t\t\t\t\n\t\t\t\t\t\t<div class=\"kb-search__tip\" style=\"color: #ffffff\">\n\t\t\t\t\t\t\tTipp: A nyilakkal navig\u00e1lhat az eredm\u00e9nyek k\u00f6z\u00f6tt, az ESC-vel \u00f6sszpontos\u00edthatja a keres\u00e9si bevitelt.\t\t\t\t\t\t<\/div>\n\n\t\t\t\t\t\t\n\t\t\t\t\t\t\t\t\t<\/form>\n\n\t\t\t\t\n\t\t\t<\/div>\n\n\t\t\n\t\t<\/div>\n\t\t<\/div><div class=\"mkb-shortcode-container\">\t\t\t<div class=\"mkb-section-title\" style=\"color:#333333;font-size:2em;\">\n\t\t\t\tN\u00e9pszer\u0171 t\u00e9m\u00e1k\t\t\t<\/div>\n\t\t<div class=\"mkb-home-topics mkb-columns mkb-columns-3 mkb-uuid-69d00b825d56f\"><style>\t\t\t.mkb-uuid-69d00b825d56f .kb-topic.kb-topic--box-view .kb-topic__inner { background: #ffffff; }\n\t\t\t.mkb-uuid-69d00b825d56f .kb-topic.kb-topic--box-view .kb-topic__inner:hover { background: #f8f8f8; }<\/style><div class=\"mkb-row\">\t\t<div class=\"kb-topic topic-id-10 kb-topic--box-view\">\n\t\t\t\t\t\t\t<a href=\"https:\/\/droix.net\/knowledge-base\/hu\/topic\/mini-pc\/\">\n\t\t\t\t\t\t\t<div class=\"kb-topic__inner\">\n\t\t\t\t\t<div class=\"kb-topic__box-header\" style=\"color: #4a90e2;\">\n\t\t\t\t\t\t\t\t\t\t\t\t<div class=\"kb-topic__icon-holder\" style=\"padding-top: 0em;padding-bottom: 0em;\">\n\t\t\t\t\t\t\t\t\t\t\t\t\t\t    <img decoding=\"async\" class=\"kb-topic__icon-image\"\n\t\t\t\t\t\t\t        style=\"width:12em\"\n\t\t\t\t\t\t\t        src=\"https:\/\/droix.net\/knowledge-base\/hu\/wp-content\/uploads\/2023\/10\/MF_HX99G-DONE-LISTING-IMAGE-1.png\" \/>\n\t\t\t\t\t\t\t\t\t\t\t\t\t<\/div>\n\t\t\t\t\t\t\t\t\t\t\t\t<h3 class=\"kb-topic__title\" style=\"color: #4a90e2;\">\n\t\t\t\t\t\t\tMini PCs\t\t\t\t\t\t<\/h3>\n\t\t\t\t\t<\/div>\n\n\t\t\t\t\t<div class=\"kb-topic__articles\">\n\t\t\t\t\t\t\t\t\t\t\t\t\t\t\t\t\t\t\t<div class=\"kb-topic__box-count\">\n\t\t\t\t\t\t\t\t1 article\t\t\t\t\t\t\t<\/div>\n\t\t\t\t\t\t\t\t\t\t\t\t\t\t\t\t\t\t\t<div class=\"kb-topic__show-all\">\n\t\t\t\t\t\t\t\tMindent megmutatni\t\t\t\t\t\t\t<\/div>\n\t\t\t\t\t\t\t\t\t\t\t<\/div>\n\t\t\t\t<\/div>\n\t\t\t\t\t\t\t<\/a>\n\t\t\t\t\t<\/div>\n\t\t\t<div class=\"kb-topic topic-id-15 kb-topic--box-view\">\n\t\t\t\t\t\t\t<a href=\"https:\/\/droix.net\/knowledge-base\/hu\/topic\/mini-laptops\/\">\n\t\t\t\t\t\t\t<div class=\"kb-topic__inner\">\n\t\t\t\t\t<div class=\"kb-topic__box-header\" style=\"color: #4a90e2;\">\n\t\t\t\t\t\t\t\t\t\t\t\t<div class=\"kb-topic__icon-holder\" style=\"padding-top: 0em;padding-bottom: 0em;\">\n\t\t\t\t\t\t\t\t\t\t\t\t\t\t    <img decoding=\"async\" class=\"kb-topic__icon-image\"\n\t\t\t\t\t\t\t        style=\"width:12em\"\n\t\t\t\t\t\t\t        src=\"https:\/\/droix.net\/knowledge-base\/hu\/wp-content\/uploads\/2023\/10\/GPD-WIN_MAX_2-2023-DONE-LISTING-IMAGE-1.png\" \/>\n\t\t\t\t\t\t\t\t\t\t\t\t\t<\/div>\n\t\t\t\t\t\t\t\t\t\t\t\t<h3 class=\"kb-topic__title\" style=\"color: #4a90e2;\">\n\t\t\t\t\t\t\tMini Laptops\t\t\t\t\t\t<\/h3>\n\t\t\t\t\t<\/div>\n\n\t\t\t\t\t<div class=\"kb-topic__articles\">\n\t\t\t\t\t\t\t\t\t\t\t\t\t\t\t\t\t\t\t<div class=\"kb-topic__box-count\">\n\t\t\t\t\t\t\t\t1 article\t\t\t\t\t\t\t<\/div>\n\t\t\t\t\t\t\t\t\t\t\t\t\t\t\t\t\t\t\t<div class=\"kb-topic__show-all\">\n\t\t\t\t\t\t\t\tMindent megmutatni\t\t\t\t\t\t\t<\/div>\n\t\t\t\t\t\t\t\t\t\t\t<\/div>\n\t\t\t\t<\/div>\n\t\t\t\t\t\t\t<\/a>\n\t\t\t\t\t<\/div>\n\t\t\t<div class=\"kb-topic topic-id-14 kb-topic--box-view\">\n\t\t\t\t\t\t\t<a href=\"https:\/\/droix.net\/knowledge-base\/hu\/topic\/windows-gaming-handhelds\/\">\n\t\t\t\t\t\t\t<div class=\"kb-topic__inner\">\n\t\t\t\t\t<div class=\"kb-topic__box-header\" style=\"color: #4a90e2;\">\n\t\t\t\t\t\t\t\t\t\t\t\t<div class=\"kb-topic__icon-holder\" style=\"padding-top: 0em;padding-bottom: 0em;\">\n\t\t\t\t\t\t\t\t\t\t\t\t\t\t    <img decoding=\"async\" class=\"kb-topic__icon-image\"\n\t\t\t\t\t\t\t        style=\"width:12em\"\n\t\t\t\t\t\t\t        src=\"https:\/\/droix.net\/knowledge-base\/hu\/wp-content\/uploads\/2023\/10\/GPD-WIN-4-2023-RAVEN_BLACK-DONE-LISTING-IMAGE-1.png\" \/>\n\t\t\t\t\t\t\t\t\t\t\t\t\t<\/div>\n\t\t\t\t\t\t\t\t\t\t\t\t<h3 class=\"kb-topic__title\" style=\"color: #4a90e2;\">\n\t\t\t\t\t\t\tWindows Gaming Handhelds\t\t\t\t\t\t<\/h3>\n\t\t\t\t\t<\/div>\n\n\t\t\t\t\t<div class=\"kb-topic__articles\">\n\t\t\t\t\t\t\t\t\t\t\t\t\t\t\t\t\t\t\t<div class=\"kb-topic__box-count\">\n\t\t\t\t\t\t\t\t10 articles\t\t\t\t\t\t\t<\/div>\n\t\t\t\t\t\t\t\t\t\t\t\t\t\t\t\t\t\t\t<div class=\"kb-topic__show-all\">\n\t\t\t\t\t\t\t\tMindent megmutatni\t\t\t\t\t\t\t<\/div>\n\t\t\t\t\t\t\t\t\t\t\t<\/div>\n\t\t\t\t<\/div>\n\t\t\t\t\t\t\t<\/a>\n\t\t\t\t\t<\/div>\n\t<\/div ><div class=\"mkb-row\">\t\t<div class=\"kb-topic topic-id-13 kb-topic--box-view\">\n\t\t\t\t\t\t\t<a href=\"https:\/\/droix.net\/knowledge-base\/hu\/topic\/android-gaming-handhelds\/\">\n\t\t\t\t\t\t\t<div class=\"kb-topic__inner\">\n\t\t\t\t\t<div class=\"kb-topic__box-header\" style=\"color: #4a90e2;\">\n\t\t\t\t\t\t\t\t\t\t\t\t<div class=\"kb-topic__icon-holder\" style=\"padding-top: 0em;padding-bottom: 0em;\">\n\t\t\t\t\t\t\t\t\t\t\t\t\t\t    <img decoding=\"async\" class=\"kb-topic__icon-image\"\n\t\t\t\t\t\t\t        style=\"width:12em\"\n\t\t\t\t\t\t\t        src=\"https:\/\/droix.net\/knowledge-base\/hu\/wp-content\/uploads\/2023\/10\/AYN-ODIN-COLD_GREY-DONE-LISTING-IMAGE-1.png\" \/>\n\t\t\t\t\t\t\t\t\t\t\t\t\t<\/div>\n\t\t\t\t\t\t\t\t\t\t\t\t<h3 class=\"kb-topic__title\" style=\"color: #4a90e2;\">\n\t\t\t\t\t\t\tAndroid Gaming Handhelds\t\t\t\t\t\t<\/h3>\n\t\t\t\t\t<\/div>\n\n\t\t\t\t\t<div class=\"kb-topic__articles\">\n\t\t\t\t\t\t\t\t\t\t\t\t\t\t\t\t\t\t\t<div class=\"kb-topic__box-count\">\n\t\t\t\t\t\t\t\t0 articles\t\t\t\t\t\t\t<\/div>\n\t\t\t\t\t\t\t\t\t\t\t\t\t\t\t\t\t\t\t<div class=\"kb-topic__show-all\">\n\t\t\t\t\t\t\t\tMindent megmutatni\t\t\t\t\t\t\t<\/div>\n\t\t\t\t\t\t\t\t\t\t\t<\/div>\n\t\t\t\t<\/div>\n\t\t\t\t\t\t\t<\/a>\n\t\t\t\t\t<\/div>\n\t\t\t<div class=\"kb-topic topic-id-26 kb-topic--box-view\">\n\t\t\t\t\t\t\t<a href=\"https:\/\/droix.net\/knowledge-base\/hu\/topic\/retro-gaming-handhelds\/\">\n\t\t\t\t\t\t\t<div class=\"kb-topic__inner\">\n\t\t\t\t\t<div class=\"kb-topic__box-header\" style=\"color: #4a90e2;\">\n\t\t\t\t\t\t\t\t\t\t\t\t<div class=\"kb-topic__icon-holder\" style=\"padding-top: 0em;padding-bottom: 0em;\">\n\t\t\t\t\t\t\t\t\t\t\t\t\t\t    <img decoding=\"async\" class=\"kb-topic__icon-image\"\n\t\t\t\t\t\t\t        style=\"width:12em\"\n\t\t\t\t\t\t\t        src=\"https:\/\/droix.net\/knowledge-base\/hu\/wp-content\/uploads\/2023\/10\/MIYOO_MINI_PLUS-DONE-LISTING-IMAGE-ATOMIC_PURPLE-1-1.png\" \/>\n\t\t\t\t\t\t\t\t\t\t\t\t\t<\/div>\n\t\t\t\t\t\t\t\t\t\t\t\t<h3 class=\"kb-topic__title\" style=\"color: #4a90e2;\">\n\t\t\t\t\t\t\tRetro Gaming Handhelds\t\t\t\t\t\t<\/h3>\n\t\t\t\t\t<\/div>\n\n\t\t\t\t\t<div class=\"kb-topic__articles\">\n\t\t\t\t\t\t\t\t\t\t\t\t\t\t\t\t\t\t\t<div class=\"kb-topic__box-count\">\n\t\t\t\t\t\t\t\t0 articles\t\t\t\t\t\t\t<\/div>\n\t\t\t\t\t\t\t\t\t\t\t\t\t\t\t\t\t\t\t<div class=\"kb-topic__show-all\">\n\t\t\t\t\t\t\t\tMindent megmutatni\t\t\t\t\t\t\t<\/div>\n\t\t\t\t\t\t\t\t\t\t\t<\/div>\n\t\t\t\t<\/div>\n\t\t\t\t\t\t\t<\/a>\n\t\t\t\t\t<\/div>\n\t\t\t<div class=\"kb-topic topic-id-16 kb-topic--box-view\">\n\t\t\t\t\t\t\t<a href=\"https:\/\/droix.net\/knowledge-base\/hu\/topic\/accessories\/\">\n\t\t\t\t\t\t\t<div class=\"kb-topic__inner\">\n\t\t\t\t\t<div class=\"kb-topic__box-header\" style=\"color: #4a90e2;\">\n\t\t\t\t\t\t\t\t\t\t\t\t<div class=\"kb-topic__icon-holder\" style=\"padding-top: 0em;padding-bottom: 0em;\">\n\t\t\t\t\t\t\t\t\t\t\t\t\t\t    <img decoding=\"async\" class=\"kb-topic__icon-image\"\n\t\t\t\t\t\t\t        style=\"width:12em\"\n\t\t\t\t\t\t\t        src=\"https:\/\/droix.net\/knowledge-base\/hu\/wp-content\/uploads\/2023\/10\/DROIX-SD1-LISTING-IMAGE-DONE-1.png\" \/>\n\t\t\t\t\t\t\t\t\t\t\t\t\t<\/div>\n\t\t\t\t\t\t\t\t\t\t\t\t<h3 class=\"kb-topic__title\" style=\"color: #4a90e2;\">\n\t\t\t\t\t\t\tAccessories\t\t\t\t\t\t<\/h3>\n\t\t\t\t\t<\/div>\n\n\t\t\t\t\t<div class=\"kb-topic__articles\">\n\t\t\t\t\t\t\t\t\t\t\t\t\t\t\t\t\t\t\t<div class=\"kb-topic__box-count\">\n\t\t\t\t\t\t\t\t1 article\t\t\t\t\t\t\t<\/div>\n\t\t\t\t\t\t\t\t\t\t\t\t\t\t\t\t\t\t\t<div class=\"kb-topic__show-all\">\n\t\t\t\t\t\t\t\tMindent megmutatni\t\t\t\t\t\t\t<\/div>\n\t\t\t\t\t\t\t\t\t\t\t<\/div>\n\t\t\t\t<\/div>\n\t\t\t\t\t\t\t<\/a>\n\t\t\t\t\t<\/div>\n\t<\/div ><div class=\"mkb-row\">\t\t<div class=\"kb-topic topic-id-36 kb-topic--box-view\">\n\t\t\t\t\t\t\t<a href=\"https:\/\/droix.net\/knowledge-base\/hu\/topic\/gamepads\/\">\n\t\t\t\t\t\t\t<div class=\"kb-topic__inner\">\n\t\t\t\t\t<div class=\"kb-topic__box-header\" style=\"color: #4a90e2;\">\n\t\t\t\t\t\t\t\t\t\t\t\t<div class=\"kb-topic__icon-holder\" style=\"padding-top: 0em;padding-bottom: 0em;\">\n\t\t\t\t\t\t\t\t\t\t\t\t\t\t    <img decoding=\"async\" class=\"kb-topic__icon-image\"\n\t\t\t\t\t\t\t        style=\"width:12em\"\n\t\t\t\t\t\t\t        src=\"https:\/\/droix.net\/knowledge-base\/hu\/wp-content\/uploads\/2023\/10\/GULIKIT-KINGKONG_PRO-2-WHITE-DONE_LISTING-IMAGE-1.png\" \/>\n\t\t\t\t\t\t\t\t\t\t\t\t\t<\/div>\n\t\t\t\t\t\t\t\t\t\t\t\t<h3 class=\"kb-topic__title\" style=\"color: #4a90e2;\">\n\t\t\t\t\t\t\tGamepads\t\t\t\t\t\t<\/h3>\n\t\t\t\t\t<\/div>\n\n\t\t\t\t\t<div class=\"kb-topic__articles\">\n\t\t\t\t\t\t\t\t\t\t\t\t\t\t\t\t\t\t\t<div class=\"kb-topic__box-count\">\n\t\t\t\t\t\t\t\t0 articles\t\t\t\t\t\t\t<\/div>\n\t\t\t\t\t\t\t\t\t\t\t\t\t\t\t\t\t\t\t<div class=\"kb-topic__show-all\">\n\t\t\t\t\t\t\t\tMindent megmutatni\t\t\t\t\t\t\t<\/div>\n\t\t\t\t\t\t\t\t\t\t\t<\/div>\n\t\t\t\t<\/div>\n\t\t\t\t\t\t\t<\/a>\n\t\t\t\t\t<\/div>\n\t\t\t<div class=\"kb-topic topic-id-18 kb-topic--box-view\">\n\t\t\t\t\t\t\t<a href=\"https:\/\/droix.net\/knowledge-base\/hu\/topic\/windows-windows\/\">\n\t\t\t\t\t\t\t<div class=\"kb-topic__inner\">\n\t\t\t\t\t<div class=\"kb-topic__box-header\" style=\"color: #4a90e2;\">\n\t\t\t\t\t\t\t\t\t\t\t\t<div class=\"kb-topic__icon-holder\" style=\"padding-top: 0em;padding-bottom: 0em;\">\n\t\t\t\t\t\t\t\t\t\t\t\t\t\t    <img decoding=\"async\" class=\"kb-topic__icon-image\"\n\t\t\t\t\t\t\t        style=\"width:12em\"\n\t\t\t\t\t\t\t        src=\"https:\/\/droix.net\/knowledge-base\/hu\/wp-content\/uploads\/2021\/11\/kb-windows-icon.png\" \/>\n\t\t\t\t\t\t\t\t\t\t\t\t\t<\/div>\n\t\t\t\t\t\t\t\t\t\t\t\t<h3 class=\"kb-topic__title\" style=\"color: #4a90e2;\">\n\t\t\t\t\t\t\tWindows\t\t\t\t\t\t<\/h3>\n\t\t\t\t\t<\/div>\n\n\t\t\t\t\t<div class=\"kb-topic__articles\">\n\t\t\t\t\t\t\t\t\t\t\t\t\t\t\t\t\t\t\t<div class=\"kb-topic__box-count\">\n\t\t\t\t\t\t\t\t9 articles\t\t\t\t\t\t\t<\/div>\n\t\t\t\t\t\t\t\t\t\t\t\t\t\t\t\t\t\t\t<div class=\"kb-topic__show-all\">\n\t\t\t\t\t\t\t\tMindent megmutatni\t\t\t\t\t\t\t<\/div>\n\t\t\t\t\t\t\t\t\t\t\t<\/div>\n\t\t\t\t<\/div>\n\t\t\t\t\t\t\t<\/a>\n\t\t\t\t\t<\/div>\n\t\t\t<div class=\"kb-topic topic-id-19 kb-topic--box-view\">\n\t\t\t\t\t\t\t<a href=\"https:\/\/droix.net\/knowledge-base\/hu\/topic\/android\/\">\n\t\t\t\t\t\t\t<div class=\"kb-topic__inner\">\n\t\t\t\t\t<div class=\"kb-topic__box-header\" style=\"color: #4a90e2;\">\n\t\t\t\t\t\t\t\t\t\t\t\t<div class=\"kb-topic__icon-holder\" style=\"padding-top: 0em;padding-bottom: 0em;\">\n\t\t\t\t\t\t\t\t\t\t\t\t\t\t    <img decoding=\"async\" class=\"kb-topic__icon-image\"\n\t\t\t\t\t\t\t        style=\"width:12em\"\n\t\t\t\t\t\t\t        src=\"https:\/\/droix.net\/knowledge-base\/hu\/wp-content\/uploads\/2021\/11\/kb-android-icon.png\" \/>\n\t\t\t\t\t\t\t\t\t\t\t\t\t<\/div>\n\t\t\t\t\t\t\t\t\t\t\t\t<h3 class=\"kb-topic__title\" style=\"color: #4a90e2;\">\n\t\t\t\t\t\t\tAndroid\t\t\t\t\t\t<\/h3>\n\t\t\t\t\t<\/div>\n\n\t\t\t\t\t<div class=\"kb-topic__articles\">\n\t\t\t\t\t\t\t\t\t\t\t\t\t\t\t\t\t\t\t<div class=\"kb-topic__box-count\">\n\t\t\t\t\t\t\t\t3 articles\t\t\t\t\t\t\t<\/div>\n\t\t\t\t\t\t\t\t\t\t\t\t\t\t\t\t\t\t\t<div class=\"kb-topic__show-all\">\n\t\t\t\t\t\t\t\tMindent megmutatni\t\t\t\t\t\t\t<\/div>\n\t\t\t\t\t\t\t\t\t\t\t<\/div>\n\t\t\t\t<\/div>\n\t\t\t\t\t\t\t<\/a>\n\t\t\t\t\t<\/div>\n\t<\/div ><div class=\"mkb-row\">\t\t<div class=\"kb-topic topic-id-45 kb-topic--box-view\">\n\t\t\t\t\t\t\t<a href=\"https:\/\/droix.net\/knowledge-base\/hu\/topic\/kodi\/\">\n\t\t\t\t\t\t\t<div class=\"kb-topic__inner\">\n\t\t\t\t\t<div class=\"kb-topic__box-header\" style=\"color: #4a90e2;\">\n\t\t\t\t\t\t\t\t\t\t\t\t<div class=\"kb-topic__icon-holder\" style=\"padding-top: 0em;padding-bottom: 0em;\">\n\t\t\t\t\t\t\t\t\t\t\t\t\t\t    <img decoding=\"async\" class=\"kb-topic__icon-image\"\n\t\t\t\t\t\t\t        style=\"width:12em\"\n\t\t\t\t\t\t\t        src=\"https:\/\/droix.net\/knowledge-base\/hu\/wp-content\/uploads\/2021\/11\/kb-kodi-icon.png\" \/>\n\t\t\t\t\t\t\t\t\t\t\t\t\t<\/div>\n\t\t\t\t\t\t\t\t\t\t\t\t<h3 class=\"kb-topic__title\" style=\"color: #4a90e2;\">\n\t\t\t\t\t\t\tKodi\t\t\t\t\t\t<\/h3>\n\t\t\t\t\t<\/div>\n\n\t\t\t\t\t<div class=\"kb-topic__articles\">\n\t\t\t\t\t\t\t\t\t\t\t\t\t\t\t\t\t\t\t<div class=\"kb-topic__box-count\">\n\t\t\t\t\t\t\t\t0 articles\t\t\t\t\t\t\t<\/div>\n\t\t\t\t\t\t\t\t\t\t\t\t\t\t\t\t\t\t\t<div class=\"kb-topic__show-all\">\n\t\t\t\t\t\t\t\tMindent megmutatni\t\t\t\t\t\t\t<\/div>\n\t\t\t\t\t\t\t\t\t\t\t<\/div>\n\t\t\t\t<\/div>\n\t\t\t\t\t\t\t<\/a>\n\t\t\t\t\t<\/div>\n\t\t\t<div class=\"kb-topic topic-id-1967 kb-topic--box-view\">\n\t\t\t\t\t\t\t<a href=\"https:\/\/droix.net\/knowledge-base\/hu\/topic\/portable-monitors\/\">\n\t\t\t\t\t\t\t<div class=\"kb-topic__inner\">\n\t\t\t\t\t<div class=\"kb-topic__box-header\" style=\"color: #4a90e2;\">\n\t\t\t\t\t\t\t\t\t\t\t\t<div class=\"kb-topic__icon-holder\" style=\"padding-top: 0em;padding-bottom: 0em;\">\n\t\t\t\t\t\t\t\t\t\t\t\t\t\t    <img decoding=\"async\" class=\"kb-topic__icon-image\"\n\t\t\t\t\t\t\t        style=\"width:12em\"\n\t\t\t\t\t\t\t        src=\"https:\/\/droix.net\/knowledge-base\/hu\/wp-content\/uploads\/2023\/10\/S23_B5-PORTABLE_MONITOR-IMAGE-LISTING-DONE-1.png\" \/>\n\t\t\t\t\t\t\t\t\t\t\t\t\t<\/div>\n\t\t\t\t\t\t\t\t\t\t\t\t<h3 class=\"kb-topic__title\" style=\"color: #4a90e2;\">\n\t\t\t\t\t\t\tPortable Monitors\t\t\t\t\t\t<\/h3>\n\t\t\t\t\t<\/div>\n\n\t\t\t\t\t<div class=\"kb-topic__articles\">\n\t\t\t\t\t\t\t\t\t\t\t\t\t\t\t\t\t\t\t<div class=\"kb-topic__box-count\">\n\t\t\t\t\t\t\t\t0 articles\t\t\t\t\t\t\t<\/div>\n\t\t\t\t\t\t\t\t\t\t\t\t\t\t\t\t\t\t\t<div class=\"kb-topic__show-all\">\n\t\t\t\t\t\t\t\tMindent megmutatni\t\t\t\t\t\t\t<\/div>\n\t\t\t\t\t\t\t\t\t\t\t<\/div>\n\t\t\t\t<\/div>\n\t\t\t\t\t\t\t<\/a>\n\t\t\t\t\t<\/div>\n\t<div class=\"kb-topic-gap\"><\/div><\/div >\t\t<\/div>\n\t\t<\/div>\n<div class=\"wp-block-columns is-layout-flex wp-container-core-columns-is-layout-9d6595d7 wp-block-columns-is-layout-flex\">\n<div class=\"wp-block-column is-layout-flow wp-block-column-is-layout-flow\" style=\"flex-basis:37.6%\">\n<h2 class=\"wp-block-heading\" id=\"h-pre-order-now\">Most elad\u00f3<\/h2>\n\n\n\n<figure class=\"wp-block-image size-full is-style-default\"><a href=\"https:\/\/droix.net\/christmas-2024\/\"><img decoding=\"async\" width=\"1500\" height=\"1500\" src=\"https:\/\/droix.net\/knowledge-base\/hu\/wp-content\/uploads\/2024\/12\/DROIX-GENERIC-XMAS-2024-1.jpg\" alt=\"\" class=\"wp-image-60794\" srcset=\"https:\/\/droix.net\/knowledge-base\/hu\/wp-content\/uploads\/2024\/12\/DROIX-GENERIC-XMAS-2024-1.jpg 1500w, https:\/\/droix.net\/knowledge-base\/hu\/wp-content\/uploads\/2024\/12\/DROIX-GENERIC-XMAS-2024-1-300x300.jpg 300w, https:\/\/droix.net\/knowledge-base\/hu\/wp-content\/uploads\/2024\/12\/DROIX-GENERIC-XMAS-2024-1-1024x1024.jpg 1024w, https:\/\/droix.net\/knowledge-base\/hu\/wp-content\/uploads\/2024\/12\/DROIX-GENERIC-XMAS-2024-1-150x150.jpg 150w, https:\/\/droix.net\/knowledge-base\/hu\/wp-content\/uploads\/2024\/12\/DROIX-GENERIC-XMAS-2024-1-768x768.jpg 768w, https:\/\/droix.net\/knowledge-base\/hu\/wp-content\/uploads\/2024\/12\/DROIX-GENERIC-XMAS-2024-1-450x450.jpg 450w, https:\/\/droix.net\/knowledge-base\/hu\/wp-content\/uploads\/2024\/12\/DROIX-GENERIC-XMAS-2024-1-780x780.jpg 780w\" sizes=\"(max-width: 1500px) 100vw, 1500px\" \/><\/a><\/figure>\n<\/div>\n\n\n\n<div class=\"wp-block-column is-layout-flow wp-block-column-is-layout-flow\" style=\"flex-basis:66.66%\">\n<h2 class=\"wp-block-heading\" id=\"h-our-latest-video\">Leg\u00fajabb vide\u00f3nk<\/h2>\n\n\n\n<figure class=\"wp-block-embed is-type-video is-provider-youtube wp-block-embed-youtube wp-embed-aspect-16-9 wp-has-aspect-ratio\"><div class=\"wp-block-embed__wrapper\">\n<iframe title=\"RockTek G2 RTX-5000 Review - Android TV Box with bundled game controller\" width=\"1170\" height=\"658\" src=\"https:\/\/www.youtube.com\/embed\/evTLncWztl8?feature=oembed\" frameborder=\"0\" allow=\"accelerometer; autoplay; clipboard-write; encrypted-media; gyroscope; picture-in-picture; web-share\" referrerpolicy=\"strict-origin-when-cross-origin\" allowfullscreen><\/iframe>\n<\/div><\/figure>\n<\/div>\n<\/div>\n\n<p><\/p>\n","protected":false},"excerpt":{"rendered":"<p>Most elad\u00f3 Leg\u00fajabb vide\u00f3nk<\/p>\n","protected":false},"author":11,"featured_media":0,"parent":0,"menu_order":0,"comment_status":"closed","ping_status":"closed","template":"","meta":{"footnotes":""},"class_list":["post-71222","page","type-page","status-publish"],"_links":{"self":[{"href":"https:\/\/droix.net\/knowledge-base\/hu\/wp-json\/wp\/v2\/pages\/71222","targetHints":{"allow":["GET"]}}],"collection":[{"href":"https:\/\/droix.net\/knowledge-base\/hu\/wp-json\/wp\/v2\/pages"}],"about":[{"href":"https:\/\/droix.net\/knowledge-base\/hu\/wp-json\/wp\/v2\/types\/page"}],"author":[{"embeddable":true,"href":"https:\/\/droix.net\/knowledge-base\/hu\/wp-json\/wp\/v2\/users\/11"}],"replies":[{"embeddable":true,"href":"https:\/\/droix.net\/knowledge-base\/hu\/wp-json\/wp\/v2\/comments?post=71222"}],"version-history":[{"count":1,"href":"https:\/\/droix.net\/knowledge-base\/hu\/wp-json\/wp\/v2\/pages\/71222\/revisions"}],"predecessor-version":[{"id":71245,"href":"https:\/\/droix.net\/knowledge-base\/hu\/wp-json\/wp\/v2\/pages\/71222\/revisions\/71245"}],"wp:attachment":[{"href":"https:\/\/droix.net\/knowledge-base\/hu\/wp-json\/wp\/v2\/media?parent=71222"}],"curies":[{"name":"wp","href":"https:\/\/api.w.org\/{rel}","templated":true}]}}